{"id":3541,"date":"2025-10-07T08:19:11","date_gmt":"2025-10-07T08:19:11","guid":{"rendered":"https:\/\/neplamarque.com\/?post_type=product&#038;p=3541"},"modified":"2026-04-27T14:01:00","modified_gmt":"2026-04-27T14:01:00","slug":"gel-douche-surgras-monoi-200ml","status":"publish","type":"product","link":"https:\/\/neplamarque.com\/?product=gel-douche-surgras-monoi-200ml","title":{"rendered":"Gel douche surgras Mono\u00ef \u2013 (200mL)"},"content":{"rendered":"<p>Le gel douche surgras parfum Mono\u00ef NEP est recommand\u00e9 pour l\u2019hygi\u00e8ne au quotidien. Il convient \u00e0 toute la famille (\u00e0 partir de 36 mois) pour le bain et la douche. Compos\u00e9 \u00e0 + 96% d\u2019ingr\u00e9dients d\u2019origine naturelle, ce gel douche doux et moussant contient des agents nettoyants et laisse votre peau d\u00e9licatement parfum\u00e9e.<\/p>\n<p><b>Conseils <\/b><b>d\u2019utilisation<\/b><b> : <\/b>S\u2019utilise sur le visage, le corps et les cheveux. Faire mousser avec de l\u2019eau puis rincer.<\/p>\n<p>INGREDIENTS : AQUA, SODIUM LAURETH SULFATE, COCAMIDE DEA, SODIUM CHLORIDE, GLYCERIN, HYDROLYZED RICE PROTEIN, COCONUT OIL POLYGLYCERYL-6 ESTERS (AND) GARDENIA TAITENSIS FLOWER EXTRACT, COCAMIDOPROPYL BETAINE, TETRASODIUM GLUTAMATE DIACETATE, CITRIC ACID, COCO-GLUCOSIDE, GLYCERYL OLEATE, TOCOPHEROL, CARAMEL, SODIUM BENZOATE, POTASSIUM SORBATE, PARFUM, HEXYL CINNAMAL, VANILLIN.<\/p>\n","protected":false},"excerpt":{"rendered":"<p>3 en 1 : VISAGE, CORPS, CHEVEUX<\/p>\n<p>Adapt\u00e9 \u00e0 tout type de peaux.<\/p>\n<p><b>CONVIENT A TOUTE LA FAMILLE (D\u00c8S 36 MOIS<\/b><b>)<\/b><\/p>\n<p>Test\u00e9 sous contr\u00f4le dermatologique.<\/p>\n<p>Existe en 2 formats.<\/p>\n","protected":false},"featured_media":0,"template":"","meta":[],"product_brand":[],"product_cat":[20],"product_tag":[],"class_list":{"0":"post-3541","1":"product","2":"type-product","3":"status-publish","5":"product_cat-douche","7":"first","8":"instock","9":"shipping-taxable","10":"product-type-simple"},"_links":{"self":[{"href":"https:\/\/neplamarque.com\/index.php?rest_route=\/wp\/v2\/product\/3541","targetHints":{"allow":["GET"]}}],"collection":[{"href":"https:\/\/neplamarque.com\/index.php?rest_route=\/wp\/v2\/product"}],"about":[{"href":"https:\/\/neplamarque.com\/index.php?rest_route=\/wp\/v2\/types\/product"}],"wp:attachment":[{"href":"https:\/\/neplamarque.com\/index.php?rest_route=%2Fwp%2Fv2%2Fmedia&parent=3541"}],"wp:term":[{"taxonomy":"product_brand","embeddable":true,"href":"https:\/\/neplamarque.com\/index.php?rest_route=%2Fwp%2Fv2%2Fproduct_brand&post=3541"},{"taxonomy":"product_cat","embeddable":true,"href":"https:\/\/neplamarque.com\/index.php?rest_route=%2Fwp%2Fv2%2Fproduct_cat&post=3541"},{"taxonomy":"product_tag","embeddable":true,"href":"https:\/\/neplamarque.com\/index.php?rest_route=%2Fwp%2Fv2%2Fproduct_tag&post=3541"}],"curies":[{"name":"wp","href":"https:\/\/api.w.org\/{rel}","templated":true}]}}