{"id":3536,"date":"2025-10-07T08:09:52","date_gmt":"2025-10-07T08:09:52","guid":{"rendered":"https:\/\/neplamarque.com\/?post_type=product&#038;p=3536"},"modified":"2026-04-27T14:04:41","modified_gmt":"2026-04-27T14:04:41","slug":"gel-douche-surgras-fleur-de-coton-1l","status":"publish","type":"product","link":"https:\/\/neplamarque.com\/?product=gel-douche-surgras-fleur-de-coton-1l","title":{"rendered":"Gel douche surgras Fleur de Coton \u2013 (1L)"},"content":{"rendered":"<p>Le gel douche surgras parfum Fleur de Coton NEP est recommand\u00e9 pour l\u2019hygi\u00e8ne au quotidien. Il convient \u00e0 toute la famille (\u00e0 partir de 36 mois) pour le bain et la douche. Compos\u00e9 \u00e0 + 96% d\u2019ingr\u00e9dients d\u2019origine naturelle, ce gel douche doux et moussant contient des agents nettoyants et laisse votre peau d\u00e9licatement parfum\u00e9e.<\/p>\n<p><b>Conseils <\/b><b>d\u2019utilisation<\/b><b> : <\/b>S\u2019utilise sur le visage, le corps et les cheveux. Faire mousser avec de l\u2019eau puis rincer.<\/p>\n<p>INGREDIENTS : AQUA, SODIUM LAURETH SULFATE, COCAMIDE DEA, SODIUM CHLORIDE, GLYCERIN, HYDROLYZED RICE PROTEIN, GOSSYPIUM HERBACEUM EXTRACT, ARGAN OIL POLYGLYCERYL-6 ESTERS, COCAMIDOPROPYL BETAINE, SODIUM BENZOATE, POTASSIUM SORBATE, PARFUM, TETRASODIUM GLUTAMATE DIACETATE, CITRIC ACID, COCO-GLUCOSIDE, GLYCERYL OLEATE, TOCOPHEROL, TETRAMETHYL ACETYLOCTAHYDRONAPHTHALENES, GERANYL ACETATE.<\/p>\n","protected":false},"excerpt":{"rendered":"<p>3 en 1 : VISAGE, CORPS, CHEVEUX.<\/p>\n<p>Adapt\u00e9 \u00e0 tout type de peaux.<\/p>\n<p><b>CONVIENT A TOUTE LA FAMILLE (D\u00c8S 36 MOIS).<\/b><\/p>\n<p>Test\u00e9 sous contr\u00f4le dermatologique.<\/p>\n","protected":false},"featured_media":0,"template":"","meta":[],"product_brand":[],"product_cat":[20],"product_tag":[],"class_list":{"0":"post-3536","1":"product","2":"type-product","3":"status-publish","5":"product_cat-douche","7":"first","8":"instock","9":"shipping-taxable","10":"product-type-simple"},"_links":{"self":[{"href":"https:\/\/neplamarque.com\/index.php?rest_route=\/wp\/v2\/product\/3536","targetHints":{"allow":["GET"]}}],"collection":[{"href":"https:\/\/neplamarque.com\/index.php?rest_route=\/wp\/v2\/product"}],"about":[{"href":"https:\/\/neplamarque.com\/index.php?rest_route=\/wp\/v2\/types\/product"}],"wp:attachment":[{"href":"https:\/\/neplamarque.com\/index.php?rest_route=%2Fwp%2Fv2%2Fmedia&parent=3536"}],"wp:term":[{"taxonomy":"product_brand","embeddable":true,"href":"https:\/\/neplamarque.com\/index.php?rest_route=%2Fwp%2Fv2%2Fproduct_brand&post=3536"},{"taxonomy":"product_cat","embeddable":true,"href":"https:\/\/neplamarque.com\/index.php?rest_route=%2Fwp%2Fv2%2Fproduct_cat&post=3536"},{"taxonomy":"product_tag","embeddable":true,"href":"https:\/\/neplamarque.com\/index.php?rest_route=%2Fwp%2Fv2%2Fproduct_tag&post=3536"}],"curies":[{"name":"wp","href":"https:\/\/api.w.org\/{rel}","templated":true}]}}