{"id":3439,"date":"2024-08-26T13:17:14","date_gmt":"2024-08-26T13:17:14","guid":{"rendered":"https:\/\/neplamarque.com\/?post_type=product&#038;p=3439"},"modified":"2026-01-12T14:57:25","modified_gmt":"2026-01-12T14:57:25","slug":"lingettes-nettoyantes-douces","status":"publish","type":"product","link":"https:\/\/neplamarque.com\/?product=lingettes-nettoyantes-douces","title":{"rendered":"Lingettes Nettoyantes Douces (lot de 3&#215;60)"},"content":{"rendered":"<p><strong>Conseil d&rsquo;utilisation de votre pharmacien :<\/strong> Les lingettes nettoyantes NEP peuvent \u00eatre utilis\u00e9es quotidiennement pour le nettoyage du corps, du visage et du si\u00e8ge de b\u00e9b\u00e9. Pr\u00e9lever une lingette, nettoyer d\u00e9licatement la peau en un seul geste. Inutile de rincer. Conviennent d\u00e8s les naissances, y compris pour les peaux sensibles. Refermer soigneusement le sachet apr\u00e8s usage pour pr\u00e9server la fraicheur et la qualit\u00e9 des lingettes.<\/p>\n<p><strong>Pr\u00e9cautions d&#8217;emploi :<\/strong> Conserver hors de port\u00e9e des enfants. En cas d&rsquo;\u00e9ryth\u00e8me fessier persistant, consulter un m\u00e9decin. Ne pas appliquer sur une peau irrit\u00e9e ou ab\u00eem\u00e9e. \u00c0 usage externe uniquement. Ne pas jeter dans les toilettes. Conserver hors de port\u00e9e des enfants.<\/p>\n<p><strong>Notre engagement de pharmaciens :\u00a0<\/strong><\/p>\n<p>99,7% d\u2019ingr\u00e9dients d\u2019origine naturelle : fibre d\u2019origine naturelle (FOP)<\/p>\n<p><b>\ud83c\uddeb\ud83c\uddf7 <\/b>Fabriqu\u00e9 en France<\/p>\n<p><strong>LISTE INCI<\/strong> : AQUA, SODIUM LEVULINATE, SODIUM BENZOATE, CITIRC ACID<\/p>\n<p>Ne piquent pas les yeux, ne dess\u00e8chent pas la peau, ne laissent pas la peau collante.<\/p>\n","protected":false},"excerpt":{"rendered":"<p>Les lingettes nettoyantes NEP (lot de 3&#215;60).<\/p>\n<p>Corps, visage et si\u00e8ge de b\u00e9b\u00e9.<\/p>\n<p>Test\u00e9s sous contr\u00f4le dermatologique. Adapt\u00e9es aux peaux sensibles.<\/p>\n<p>\u00ab\u00a0Un nettoyage en douceur, notre promesse\u00a0\u00bb<\/p>\n<p>&nbsp;<\/p>\n","protected":false},"featured_media":3598,"template":"","meta":[],"product_brand":[],"product_cat":[23],"product_tag":[],"class_list":{"0":"post-3439","1":"product","2":"type-product","3":"status-publish","4":"has-post-thumbnail","6":"product_cat-conseil","8":"first","9":"instock","10":"shipping-taxable","11":"purchasable","12":"product-type-simple"},"_links":{"self":[{"href":"https:\/\/neplamarque.com\/index.php?rest_route=\/wp\/v2\/product\/3439","targetHints":{"allow":["GET"]}}],"collection":[{"href":"https:\/\/neplamarque.com\/index.php?rest_route=\/wp\/v2\/product"}],"about":[{"href":"https:\/\/neplamarque.com\/index.php?rest_route=\/wp\/v2\/types\/product"}],"wp:featuredmedia":[{"embeddable":true,"href":"https:\/\/neplamarque.com\/index.php?rest_route=\/wp\/v2\/media\/3598"}],"wp:attachment":[{"href":"https:\/\/neplamarque.com\/index.php?rest_route=%2Fwp%2Fv2%2Fmedia&parent=3439"}],"wp:term":[{"taxonomy":"product_brand","embeddable":true,"href":"https:\/\/neplamarque.com\/index.php?rest_route=%2Fwp%2Fv2%2Fproduct_brand&post=3439"},{"taxonomy":"product_cat","embeddable":true,"href":"https:\/\/neplamarque.com\/index.php?rest_route=%2Fwp%2Fv2%2Fproduct_cat&post=3439"},{"taxonomy":"product_tag","embeddable":true,"href":"https:\/\/neplamarque.com\/index.php?rest_route=%2Fwp%2Fv2%2Fproduct_tag&post=3439"}],"curies":[{"name":"wp","href":"https:\/\/api.w.org\/{rel}","templated":true}]}}