{"id":2530,"date":"2022-01-05T13:18:29","date_gmt":"2022-01-05T13:18:29","guid":{"rendered":"https:\/\/neplamarque.com\/?post_type=product&#038;p=2530"},"modified":"2023-10-04T09:23:18","modified_gmt":"2023-10-04T09:23:18","slug":"acerola-vitamine-c-1000-250-pillulier-60-cpr","status":"publish","type":"product","link":"https:\/\/neplamarque.com\/?product=acerola-vitamine-c-1000-250-pillulier-60-cpr","title":{"rendered":"Acerola vitamine C 1000\/250 &#8211; Pilulier 60 CPR"},"content":{"rendered":"<p>Fabriqu\u00e9 en France.<\/p>\n<p>Boite de 60 comprim\u00e9s \u00e0 croquer.<\/p>\n<p>1 comprime\u0301 \u00e0 croquer par jour, de pre\u0301fe\u0301rence le matin.<\/p>\n<p>Tenir hors de port\u00e9e des jeunes enfants.<\/p>\n<p>Les femmes enceintes et allaitantes sont invit\u00e9es \u00e0 prendre l\u2019attache d\u2019un professionnel de sant\u00e9 avant toute compl\u00e9mentation.<\/p>\n<p>Une consommation excessive peut avoir des effets laxatifs, d\u00e9conseill\u00e9 chez les enfants de moins de 10 ans.<\/p>\n<p>Les comple\u0301ments alimentaires ne se substituent pas a\u0300 une alimentation varie\u0301e et e\u0301quilibre\u0301e.<\/p>\n<p><span style=\"color: #333333;\">Ne pas de\u0301passer la dose journalie\u0300re recommande\u0301e.<\/span><\/p>\n<p>INGRE\u0301DIENTS : Extrait sec de baie d&rsquo;ac\u00e9rola (Malpighia Glabra L.) titr\u00e9 en vitamine C, \u00e9dulcorant : sorbitol, fructose, ar\u00f4me naturel de cerise, colorant : rouge de betterave, antiagglom\u00e9rant : sels de magn\u00e9sium d&rsquo;acides gras.<\/p>\n<p>Poids net : 138,3g.<\/p>\n","protected":false},"excerpt":{"rendered":"<p>Compl\u00e9ment alimentaire \u00e0 base d&rsquo;ac\u00e9rola titr\u00e9 en vitamine C, avec sucres et \u00e9dulcorants.<\/p>\n<p>L\u2019Ac\u00e9rola est un fruit r\u00e9put\u00e9 dans le monde entier pour sa forte teneur en Vitamine C.<\/p>\n<p>La vitamine C contribue :<\/p>\n<ul>\n<li>\u00e0 des fonctions psychologiques normales.<\/li>\n<li>\u00e0 r\u00e9duire la fatigue.<\/li>\n<li>au fonctionnement normal du syst\u00e8me immunitaire.<\/li>\n<\/ul>\n<p>Quantit\u00e9 par dose journali\u00e8re recommand\u00e9e (1 comprim\u00e9) : Extrait d\u2019ac\u00e9rola : 1000 mg dont vitamine C : 250 mg (=312,5% VNR).<\/p>\n<p>Origine des ingr\u00e9dients UE\/non UE.<\/p>\n","protected":false},"featured_media":3218,"template":"","meta":[],"product_brand":[],"product_cat":[23],"product_tag":[],"class_list":{"0":"post-2530","1":"product","2":"type-product","3":"status-publish","4":"has-post-thumbnail","6":"product_cat-conseil","8":"first","9":"instock","10":"shipping-taxable","11":"purchasable","12":"product-type-simple"},"_links":{"self":[{"href":"https:\/\/neplamarque.com\/index.php?rest_route=\/wp\/v2\/product\/2530","targetHints":{"allow":["GET"]}}],"collection":[{"href":"https:\/\/neplamarque.com\/index.php?rest_route=\/wp\/v2\/product"}],"about":[{"href":"https:\/\/neplamarque.com\/index.php?rest_route=\/wp\/v2\/types\/product"}],"wp:featuredmedia":[{"embeddable":true,"href":"https:\/\/neplamarque.com\/index.php?rest_route=\/wp\/v2\/media\/3218"}],"wp:attachment":[{"href":"https:\/\/neplamarque.com\/index.php?rest_route=%2Fwp%2Fv2%2Fmedia&parent=2530"}],"wp:term":[{"taxonomy":"product_brand","embeddable":true,"href":"https:\/\/neplamarque.com\/index.php?rest_route=%2Fwp%2Fv2%2Fproduct_brand&post=2530"},{"taxonomy":"product_cat","embeddable":true,"href":"https:\/\/neplamarque.com\/index.php?rest_route=%2Fwp%2Fv2%2Fproduct_cat&post=2530"},{"taxonomy":"product_tag","embeddable":true,"href":"https:\/\/neplamarque.com\/index.php?rest_route=%2Fwp%2Fv2%2Fproduct_tag&post=2530"}],"curies":[{"name":"wp","href":"https:\/\/api.w.org\/{rel}","templated":true}]}}