{"id":2469,"date":"2021-10-28T14:08:21","date_gmt":"2021-10-28T14:08:21","guid":{"rendered":"https:\/\/neplamarque.com\/?post_type=product&#038;p=2469"},"modified":"2023-03-02T10:06:34","modified_gmt":"2023-03-02T10:06:34","slug":"tete-de-recharge-brosse-a-dents","status":"publish","type":"product","link":"https:\/\/neplamarque.com\/?product=tete-de-recharge-brosse-a-dents","title":{"rendered":"TETES DE RECHARGE BROSSE A DENTS"},"content":{"rendered":"<p>Test\u00e9es cliniquement.<\/p>\n<p>Humidifier la t\u00eate. D\u00e9poser le dentifrice. Placer la t\u00eate sur la premi\u00e8re dent et commencer le brossage.<\/p>\n<p>D\u00e9buter par la m\u00e2choire inf\u00e9rieure, les faces externes, internes et mastiquantes puis poursuivez par la m\u00e2choire sup\u00e9rieure dans le m\u00eame ordre.<\/p>\n<p>Changer de t\u00eate quand les brins verts sont d\u00e9color\u00e9s.<\/p>\n<p>Les t\u00eates NEP sont compatibles avec les brosses \u00e0 dents \u00e9lectriques Oralb\u00ae suivantes :<\/p>\n<p>Professional Care\u00ae SmartSeries, Professional Care\u00ae,Advanced power, Healthy CleanTM Vitality \u00ae, Pro-Health\u00ae Non compatibles avec Vitality Sonic\u00ae, CrossAction Power\u00ae, Oral-B Sonic Complete\u00ae and Pulsonic\u00ae.<\/p>\n<p>Made in China \u2021Oral-B\u00ae, ProfessionalCare\u00ae, Vitality\u00ae, Oral-B Triumph\u00ae, Vitality Sonic\u00ae, CrossAction Power\u00ae and Oral-B Sonic Complete\u00ae are registered trademarks of the Procter &amp; Gamble Business Services Canada Company. Pro-Health\u00ae is a registered trademark of The Procter &amp; Gamble Company. Pulsonic\u00ae is a registered trademark of Braun GmbH.<\/p>\n","protected":false},"excerpt":{"rendered":"<p>Les t\u00eates de rechange Sensitive Nep la Marque assurent une hygi\u00e8ne en profondeur, efficacement et tout en douceur pour les dents et les gencives sensibles.<\/p>\n<p>Leur technologie avanc\u00e9e se caract\u00e9rise par des brins tr\u00e8s souples \u00e0 l\u2019extr\u00e9mit\u00e9 arrondie pour \u00e9liminer efficacement la plaque dentaire, sans agresser l\u2019\u00e9mail et les gencives sensibles.<\/p>\n<p>&nbsp;<\/p>\n<p>&nbsp;<\/p>\n","protected":false},"featured_media":2470,"template":"","meta":[],"product_brand":[],"product_cat":[18],"product_tag":[],"class_list":{"0":"post-2469","1":"product","2":"type-product","3":"status-publish","4":"has-post-thumbnail","6":"product_cat-dentaire","8":"first","9":"instock","10":"shipping-taxable","11":"purchasable","12":"product-type-simple"},"_links":{"self":[{"href":"https:\/\/neplamarque.com\/index.php?rest_route=\/wp\/v2\/product\/2469","targetHints":{"allow":["GET"]}}],"collection":[{"href":"https:\/\/neplamarque.com\/index.php?rest_route=\/wp\/v2\/product"}],"about":[{"href":"https:\/\/neplamarque.com\/index.php?rest_route=\/wp\/v2\/types\/product"}],"wp:featuredmedia":[{"embeddable":true,"href":"https:\/\/neplamarque.com\/index.php?rest_route=\/wp\/v2\/media\/2470"}],"wp:attachment":[{"href":"https:\/\/neplamarque.com\/index.php?rest_route=%2Fwp%2Fv2%2Fmedia&parent=2469"}],"wp:term":[{"taxonomy":"product_brand","embeddable":true,"href":"https:\/\/neplamarque.com\/index.php?rest_route=%2Fwp%2Fv2%2Fproduct_brand&post=2469"},{"taxonomy":"product_cat","embeddable":true,"href":"https:\/\/neplamarque.com\/index.php?rest_route=%2Fwp%2Fv2%2Fproduct_cat&post=2469"},{"taxonomy":"product_tag","embeddable":true,"href":"https:\/\/neplamarque.com\/index.php?rest_route=%2Fwp%2Fv2%2Fproduct_tag&post=2469"}],"curies":[{"name":"wp","href":"https:\/\/api.w.org\/{rel}","templated":true}]}}