{"id":2334,"date":"2022-02-03T11:55:48","date_gmt":"2022-02-03T11:55:48","guid":{"rendered":"https:\/\/neplamarque.com\/?post_type=product&#038;p=2334"},"modified":"2023-02-25T13:04:18","modified_gmt":"2023-02-25T13:04:18","slug":"brosse-a-dents-bambou-medium-adulte","status":"publish","type":"product","link":"https:\/\/neplamarque.com\/?product=brosse-a-dents-bambou-medium-adulte","title":{"rendered":"Brosse \u00e0 dents bambou m\u00e9dium Adulte"},"content":{"rendered":"<ul>\n<li><strong>Respect des dents et des gencives<\/strong><\/li>\n<li>Fibre qualit\u00e9 dupont de nemours<\/li>\n<li><span style=\"color: #555555;\">La brosse \u00e0 dents en bambou Nep la Marque est arm\u00e9e de <strong>poils pleins en nylon d\u2019une \u00e9paisseur de 18\/100,<\/strong> finement arrondis et <strong>100% qualit\u00e9 Dupont de Nemours<\/strong>. <\/span><\/li>\n<li><span style=\"color: #555555;\">Son manche est \u00e9labor\u00e9 en bois de <strong>bambou 100% naturel. <\/strong><\/span><\/li>\n<li><span style=\"color: #555555;\">Elle favorise l\u2019\u00e9limination de la plaque dentaire lors du brossage et la qualit\u00e9 des fibres s\u00e9lectionn\u00e9es contribue \u00e0 favoriser le respect de l\u2019\u00e9mail dentaire et des gencives.<\/span><\/li>\n<li><strong style=\"color: #555555;\">CONSEILS D\u2019UTILISATION : <\/strong><span style=\"color: #555555;\">Brossez-vous les dents apr\u00e8s chaque repas, durant 2 \u00e0 3 minutes. En compl\u00e9ment de votre brossage, n\u2019h\u00e9sitez pas \u00e0 utiliser le bain de bouche sans alcool Nep la Marque. Renouvelez votre brosse \u00e0 dents tous les trois mois et consultez r\u00e9guli\u00e8rement votre dentiste.<\/span><\/li>\n<\/ul>\n","protected":false},"excerpt":{"rendered":"<p>La brosse \u00e0 dents en bambou Nep la Marque est arm\u00e9e de poils pleins en nylon d\u2019une \u00e9paisseur de 18\/100, finement arrondis et 100% qualit\u00e9 Dupont de Nemours. Son manche est \u00e9labor\u00e9 en bois de bambou 100% naturel. Elle favorise l\u2019\u00e9limination de la plaque dentaire lors du brossage et la qualit\u00e9 des fibres s\u00e9lectionn\u00e9es contribue \u00e0 favoriser le respect de l\u2019\u00e9mail dentaire et des gencives.<\/p>\n<p><strong>Bambou 100% naturel<\/strong><\/p>\n<p>BPA free<\/p>\n<p>Vegan<\/p>\n","protected":false},"featured_media":2888,"template":"","meta":[],"product_brand":[],"product_cat":[18],"product_tag":[],"class_list":{"0":"post-2334","1":"product","2":"type-product","3":"status-publish","4":"has-post-thumbnail","6":"product_cat-dentaire","8":"first","9":"instock","10":"shipping-taxable","11":"purchasable","12":"product-type-simple"},"_links":{"self":[{"href":"https:\/\/neplamarque.com\/index.php?rest_route=\/wp\/v2\/product\/2334","targetHints":{"allow":["GET"]}}],"collection":[{"href":"https:\/\/neplamarque.com\/index.php?rest_route=\/wp\/v2\/product"}],"about":[{"href":"https:\/\/neplamarque.com\/index.php?rest_route=\/wp\/v2\/types\/product"}],"wp:featuredmedia":[{"embeddable":true,"href":"https:\/\/neplamarque.com\/index.php?rest_route=\/wp\/v2\/media\/2888"}],"wp:attachment":[{"href":"https:\/\/neplamarque.com\/index.php?rest_route=%2Fwp%2Fv2%2Fmedia&parent=2334"}],"wp:term":[{"taxonomy":"product_brand","embeddable":true,"href":"https:\/\/neplamarque.com\/index.php?rest_route=%2Fwp%2Fv2%2Fproduct_brand&post=2334"},{"taxonomy":"product_cat","embeddable":true,"href":"https:\/\/neplamarque.com\/index.php?rest_route=%2Fwp%2Fv2%2Fproduct_cat&post=2334"},{"taxonomy":"product_tag","embeddable":true,"href":"https:\/\/neplamarque.com\/index.php?rest_route=%2Fwp%2Fv2%2Fproduct_tag&post=2334"}],"curies":[{"name":"wp","href":"https:\/\/api.w.org\/{rel}","templated":true}]}}