{"id":2289,"date":"2021-06-03T14:44:48","date_gmt":"2021-06-03T14:44:48","guid":{"rendered":"https:\/\/neplamarque.com\/?post_type=product&#038;p=2289"},"modified":"2024-04-11T10:48:03","modified_gmt":"2024-04-11T10:48:03","slug":"ylang-ylang-bio-10-ml","status":"publish","type":"product","link":"https:\/\/neplamarque.com\/?product=ylang-ylang-bio-10-ml","title":{"rendered":"YLANG YLANG BIO NEP HUILE ESSENTIELLE 10 ML"},"content":{"rendered":"<ul>\n<li>Ylang Ylang \u2013 CANANGA ODORATA.<\/li>\n<li>L\u2019huile essentielle d&rsquo;Ylang Ylang est principalement utilis\u00e9e pour ses <strong>propri\u00e9t\u00e9s calmantes et relaxantes. <\/strong><\/li>\n<li>Sa capacit\u00e9 \u00e0 soulager les douleurs musculaires et les \u00e9tats d&rsquo;agitation int\u00e9rieure en font un v\u00e9ritable<strong> joyau de l&rsquo;aromath\u00e9rapie. <\/strong><\/li>\n<li>Traditionnellement r\u00e9put\u00e9e pour ses <strong>vertus aphrodisiaques<\/strong>, elle jouit \u00e9galement d&rsquo;une <strong>activit\u00e9 tonique sur les plans cutan\u00e9s et capillaires<\/strong> suffisamment puissante pour redonner de l&rsquo;\u00e9clat aux peaux fatigu\u00e9es et aux cheveux ternes.<\/li>\n<\/ul>\n<p>D\u00e9conseill\u00e9 aux femmes enceintes et allaitantes et aux enfants de moins de 6 ans.<\/p>\n","protected":false},"excerpt":{"rendered":"<p><strong>100% pure et naturelle<\/strong><br \/>\nCertifi\u00e9 agriculture biologique<br \/>\nCalmante et relaxante.<\/p>\n<p>10 mL<\/p>\n<p><strong>Fabrication Fran\u00e7aise.<\/strong><\/p>\n<p>Eviter tout contact avec les yeux et les zones sensibles.<\/p>\n<p>Ne jamais utiliser pure.<\/p>\n<p>Huile photosensibilisante.<\/p>\n<p>&nbsp;<\/p>\n","protected":false},"featured_media":3174,"template":"","meta":[],"product_brand":[],"product_cat":[15],"product_tag":[],"class_list":{"0":"post-2289","1":"product","2":"type-product","3":"status-publish","4":"has-post-thumbnail","6":"product_cat-huiles-essentielles","8":"first","9":"instock","10":"shipping-taxable","11":"purchasable","12":"product-type-simple"},"_links":{"self":[{"href":"https:\/\/neplamarque.com\/index.php?rest_route=\/wp\/v2\/product\/2289","targetHints":{"allow":["GET"]}}],"collection":[{"href":"https:\/\/neplamarque.com\/index.php?rest_route=\/wp\/v2\/product"}],"about":[{"href":"https:\/\/neplamarque.com\/index.php?rest_route=\/wp\/v2\/types\/product"}],"wp:featuredmedia":[{"embeddable":true,"href":"https:\/\/neplamarque.com\/index.php?rest_route=\/wp\/v2\/media\/3174"}],"wp:attachment":[{"href":"https:\/\/neplamarque.com\/index.php?rest_route=%2Fwp%2Fv2%2Fmedia&parent=2289"}],"wp:term":[{"taxonomy":"product_brand","embeddable":true,"href":"https:\/\/neplamarque.com\/index.php?rest_route=%2Fwp%2Fv2%2Fproduct_brand&post=2289"},{"taxonomy":"product_cat","embeddable":true,"href":"https:\/\/neplamarque.com\/index.php?rest_route=%2Fwp%2Fv2%2Fproduct_cat&post=2289"},{"taxonomy":"product_tag","embeddable":true,"href":"https:\/\/neplamarque.com\/index.php?rest_route=%2Fwp%2Fv2%2Fproduct_tag&post=2289"}],"curies":[{"name":"wp","href":"https:\/\/api.w.org\/{rel}","templated":true}]}}