{"id":2287,"date":"2021-06-03T14:37:12","date_gmt":"2021-06-03T14:37:12","guid":{"rendered":"https:\/\/neplamarque.com\/?post_type=product&#038;p=2287"},"modified":"2024-04-11T10:48:18","modified_gmt":"2024-04-11T10:48:18","slug":"thym-thymol-bio-5-ml","status":"publish","type":"product","link":"https:\/\/neplamarque.com\/?product=thym-thymol-bio-5-ml","title":{"rendered":"THYM THYMOL BIO NEP HUILE ESSENTIELLE 5 ML"},"content":{"rendered":"<ul>\n<li>Thym Thymol \u2013 THYMUS VULGARIS.<\/li>\n<li>L\u2019huile essentielle thym thymol d\u00e9tient des propri\u00e9t\u00e9s de <strong>stimulant immunitaire<\/strong> de part sa teneur en monoterp\u00e9nols qui vont stimuler diverses cytokines directement en lien avec la qualit\u00e9 de la r\u00e9ponse immunitaire.<\/li>\n<li>Elle est \u00e9galement connue pour ses <strong>propri\u00e9t\u00e9s d\u2019anti-infectieux, antiseptique a\u00e9rien, de d\u00e9congestionnant veineux et neurotoniques.<\/strong><\/li>\n<\/ul>\n<p>D\u00e9conseill\u00e9 aux femmes enceintes et allaitantes et aux enfants de moins de 12 ans.<\/p>\n","protected":false},"excerpt":{"rendered":"<p><strong>100% pure et naturelle<\/strong><br \/>\nCertifi\u00e9 agriculture biologique<br \/>\nPropri\u00e9t\u00e9 d\u2019immunostimulant<\/p>\n<p>5 mL<\/p>\n<p><strong>Fabrication Fran\u00e7aise.<\/strong><\/p>\n<p>Eviter tout contact avec les yeux et les zones sensibles.<\/p>\n<p>Ne jamais utiliser pure. Huile dermocaustique.<\/p>\n","protected":false},"featured_media":3173,"template":"","meta":[],"product_brand":[],"product_cat":[15],"product_tag":[],"class_list":{"0":"post-2287","1":"product","2":"type-product","3":"status-publish","4":"has-post-thumbnail","6":"product_cat-huiles-essentielles","8":"first","9":"instock","10":"shipping-taxable","11":"purchasable","12":"product-type-simple"},"_links":{"self":[{"href":"https:\/\/neplamarque.com\/index.php?rest_route=\/wp\/v2\/product\/2287","targetHints":{"allow":["GET"]}}],"collection":[{"href":"https:\/\/neplamarque.com\/index.php?rest_route=\/wp\/v2\/product"}],"about":[{"href":"https:\/\/neplamarque.com\/index.php?rest_route=\/wp\/v2\/types\/product"}],"wp:featuredmedia":[{"embeddable":true,"href":"https:\/\/neplamarque.com\/index.php?rest_route=\/wp\/v2\/media\/3173"}],"wp:attachment":[{"href":"https:\/\/neplamarque.com\/index.php?rest_route=%2Fwp%2Fv2%2Fmedia&parent=2287"}],"wp:term":[{"taxonomy":"product_brand","embeddable":true,"href":"https:\/\/neplamarque.com\/index.php?rest_route=%2Fwp%2Fv2%2Fproduct_brand&post=2287"},{"taxonomy":"product_cat","embeddable":true,"href":"https:\/\/neplamarque.com\/index.php?rest_route=%2Fwp%2Fv2%2Fproduct_cat&post=2287"},{"taxonomy":"product_tag","embeddable":true,"href":"https:\/\/neplamarque.com\/index.php?rest_route=%2Fwp%2Fv2%2Fproduct_tag&post=2287"}],"curies":[{"name":"wp","href":"https:\/\/api.w.org\/{rel}","templated":true}]}}