{"id":2281,"date":"2021-06-03T14:26:41","date_gmt":"2021-06-03T14:26:41","guid":{"rendered":"https:\/\/neplamarque.com\/?post_type=product&#038;p=2281"},"modified":"2024-04-11T10:50:04","modified_gmt":"2024-04-11T10:50:04","slug":"origan-bio-5-ml","status":"publish","type":"product","link":"https:\/\/neplamarque.com\/?product=origan-bio-5-ml","title":{"rendered":"ORIGAN BIO NEP HUILE ESSENTIELLE 5 ML"},"content":{"rendered":"<ul>\n<li>Origan \u2013 ORIGANUM VULGARE.<\/li>\n<li>L\u2019huile essentielle d\u2019Origan est surtout connue pour son <strong>activit\u00e9 anti-infectieuse<\/strong> \u00e0 large spectre tr\u00e8s puissante, ce qui lui vaut, \u00e0 elle ou \u00e0 son compos\u00e9 majoritaire, le carvacrol, d\u2019\u00eatre tr\u00e8s largement \u00e9tudi\u00e9s aujourd\u2019hui.<\/li>\n<\/ul>\n<p>D\u00e9conseill\u00e9 aux femmes enceintes et allaitantes et aux enfants de moins de 6 ans.<\/p>\n","protected":false},"excerpt":{"rendered":"<p><strong>100% pure et naturelle<\/strong><br \/>\nCertifi\u00e9 agriculture biologique<br \/>\nPropri\u00e9t\u00e9s anti-intectieuse<\/p>\n<p>5 mL<\/p>\n<p><strong>Fabrication Fran\u00e7aise.<\/strong><\/p>\n<p>Eviter tout contact avec les yeux et les zones sensibles.<\/p>\n<p>Ne jamais utiliser pure. Huile dermocaustique.<\/p>\n","protected":false},"featured_media":3170,"template":"","meta":[],"product_brand":[],"product_cat":[15],"product_tag":[],"class_list":{"0":"post-2281","1":"product","2":"type-product","3":"status-publish","4":"has-post-thumbnail","6":"product_cat-huiles-essentielles","8":"first","9":"instock","10":"shipping-taxable","11":"purchasable","12":"product-type-simple"},"_links":{"self":[{"href":"https:\/\/neplamarque.com\/index.php?rest_route=\/wp\/v2\/product\/2281","targetHints":{"allow":["GET"]}}],"collection":[{"href":"https:\/\/neplamarque.com\/index.php?rest_route=\/wp\/v2\/product"}],"about":[{"href":"https:\/\/neplamarque.com\/index.php?rest_route=\/wp\/v2\/types\/product"}],"wp:featuredmedia":[{"embeddable":true,"href":"https:\/\/neplamarque.com\/index.php?rest_route=\/wp\/v2\/media\/3170"}],"wp:attachment":[{"href":"https:\/\/neplamarque.com\/index.php?rest_route=%2Fwp%2Fv2%2Fmedia&parent=2281"}],"wp:term":[{"taxonomy":"product_brand","embeddable":true,"href":"https:\/\/neplamarque.com\/index.php?rest_route=%2Fwp%2Fv2%2Fproduct_brand&post=2281"},{"taxonomy":"product_cat","embeddable":true,"href":"https:\/\/neplamarque.com\/index.php?rest_route=%2Fwp%2Fv2%2Fproduct_cat&post=2281"},{"taxonomy":"product_tag","embeddable":true,"href":"https:\/\/neplamarque.com\/index.php?rest_route=%2Fwp%2Fv2%2Fproduct_tag&post=2281"}],"curies":[{"name":"wp","href":"https:\/\/api.w.org\/{rel}","templated":true}]}}