{"id":2279,"date":"2021-06-03T14:22:34","date_gmt":"2021-06-03T14:22:34","guid":{"rendered":"https:\/\/neplamarque.com\/?post_type=product&#038;p=2279"},"modified":"2024-04-11T10:50:33","modified_gmt":"2024-04-11T10:50:33","slug":"orange-douce-bio-10-ml","status":"publish","type":"product","link":"https:\/\/neplamarque.com\/?product=orange-douce-bio-10-ml","title":{"rendered":"ORANGE DOUCE BIO NEP HUILE ESSENTIELLE 10 ML"},"content":{"rendered":"<ul>\n<li>Orange douce \u2013 CITRUS SINENSIS.<\/li>\n<li>Sa fragrance, <strong>fruit\u00e9e, d\u00e9licieuse, synonyme de vitalit\u00e9<\/strong>, vous procure instantan\u00e9ment une impression de bien \u00eatre et de r\u00e9confort.<\/li>\n<li>L\u2019essence d\u2019orange est effectivement une HE <strong>rassurante pour les enfants comme pour les plus grands.<\/strong><\/li>\n<li>Elle aura non seulement un int\u00e9r\u00eat dans les troubles <strong>digestifs ou anxieux<\/strong>, mais aussi pour parfumer agr\u00e9ablement tout m\u00e9lange aromatique \u00e0 masser, diffuser, ou consommer.<\/li>\n<\/ul>\n<p>D\u00e9conseill\u00e9 aux femmes enceintes et allaitantes et aux enfants de moins de 6 ans.<\/p>\n","protected":false},"excerpt":{"rendered":"<p><strong>100% pure et naturelle<\/strong><br \/>\nCertifi\u00e9 agriculture biologique<br \/>\nBien \u00eatre<\/p>\n<p>10 mL<\/p>\n<p><strong>Fabrication Fran\u00e7aise.\u00a0<\/strong><\/p>\n<p>Eviter tout contact avec les yeux et les zones sensibles.<\/p>\n<p>Ne jamais utiliser pure.<\/p>\n<p>Huile photosensibilisante.<\/p>\n","protected":false},"featured_media":3169,"template":"","meta":[],"product_brand":[],"product_cat":[15],"product_tag":[],"class_list":{"0":"post-2279","1":"product","2":"type-product","3":"status-publish","4":"has-post-thumbnail","6":"product_cat-huiles-essentielles","8":"first","9":"instock","10":"shipping-taxable","11":"purchasable","12":"product-type-simple"},"_links":{"self":[{"href":"https:\/\/neplamarque.com\/index.php?rest_route=\/wp\/v2\/product\/2279","targetHints":{"allow":["GET"]}}],"collection":[{"href":"https:\/\/neplamarque.com\/index.php?rest_route=\/wp\/v2\/product"}],"about":[{"href":"https:\/\/neplamarque.com\/index.php?rest_route=\/wp\/v2\/types\/product"}],"wp:featuredmedia":[{"embeddable":true,"href":"https:\/\/neplamarque.com\/index.php?rest_route=\/wp\/v2\/media\/3169"}],"wp:attachment":[{"href":"https:\/\/neplamarque.com\/index.php?rest_route=%2Fwp%2Fv2%2Fmedia&parent=2279"}],"wp:term":[{"taxonomy":"product_brand","embeddable":true,"href":"https:\/\/neplamarque.com\/index.php?rest_route=%2Fwp%2Fv2%2Fproduct_brand&post=2279"},{"taxonomy":"product_cat","embeddable":true,"href":"https:\/\/neplamarque.com\/index.php?rest_route=%2Fwp%2Fv2%2Fproduct_cat&post=2279"},{"taxonomy":"product_tag","embeddable":true,"href":"https:\/\/neplamarque.com\/index.php?rest_route=%2Fwp%2Fv2%2Fproduct_tag&post=2279"}],"curies":[{"name":"wp","href":"https:\/\/api.w.org\/{rel}","templated":true}]}}