{"id":2277,"date":"2021-06-03T14:20:10","date_gmt":"2021-06-03T14:20:10","guid":{"rendered":"https:\/\/neplamarque.com\/?post_type=product&#038;p=2277"},"modified":"2024-04-11T10:51:03","modified_gmt":"2024-04-11T10:51:03","slug":"niaouli-bio-10-ml","status":"publish","type":"product","link":"https:\/\/neplamarque.com\/?product=niaouli-bio-10-ml","title":{"rendered":"NIAOULI BIO NEP HUILE ESSENTIELLE 10 ML"},"content":{"rendered":"<ul>\n<li>Niaouli \u2013 MELALEUCA QUINQUENERVIA.<\/li>\n<li>L\u2019huile essentielle de Niaouli est principalement <strong>utilis\u00e9e pour lutter contre les infections respiratoires.<\/strong><\/li>\n<li>A ce petit jeu, elle excelle gr\u00e2ce \u00e0 ses propri\u00e9t\u00e9s anti-infectieuses, expectorantes et immunostimulantes : ni le nez bouch\u00e9, ni la gorge enrou\u00e9e ne lui font peur.<\/li>\n<li>Elle pr\u00e9sente par ailleurs des <strong>propri\u00e9t\u00e9s b\u00e9n\u00e9fiques sur le plan cutan\u00e9<\/strong> et, plus \u00e9tonnant, prot\u00e8ge des effets n\u00e9fastes de la radioth\u00e9rapie.<\/li>\n<\/ul>\n<p>D\u00e9conseill\u00e9 aux femmes enceintes et allaitantes et aux enfants de moins de 12 ans.<\/p>\n","protected":false},"excerpt":{"rendered":"<p><strong>100% pure et naturelle<\/strong><br \/>\nCertifi\u00e9 agriculture biologique<br \/>\nPropri\u00e9t\u00e9s anti-infectieuses<\/p>\n<p>10 mL<\/p>\n<p><strong>Fabrication Fran\u00e7aise.<\/strong><\/p>\n<p>Eviter tout contact avec les yeux et les zones sensibles.<\/p>\n<p>Ne jamais utiliser pure. Huile irritante pour les peaux sensibles.<\/p>\n","protected":false},"featured_media":3168,"template":"","meta":[],"product_brand":[],"product_cat":[15],"product_tag":[],"class_list":{"0":"post-2277","1":"product","2":"type-product","3":"status-publish","4":"has-post-thumbnail","6":"product_cat-huiles-essentielles","8":"first","9":"instock","10":"shipping-taxable","11":"purchasable","12":"product-type-simple"},"_links":{"self":[{"href":"https:\/\/neplamarque.com\/index.php?rest_route=\/wp\/v2\/product\/2277","targetHints":{"allow":["GET"]}}],"collection":[{"href":"https:\/\/neplamarque.com\/index.php?rest_route=\/wp\/v2\/product"}],"about":[{"href":"https:\/\/neplamarque.com\/index.php?rest_route=\/wp\/v2\/types\/product"}],"wp:featuredmedia":[{"embeddable":true,"href":"https:\/\/neplamarque.com\/index.php?rest_route=\/wp\/v2\/media\/3168"}],"wp:attachment":[{"href":"https:\/\/neplamarque.com\/index.php?rest_route=%2Fwp%2Fv2%2Fmedia&parent=2277"}],"wp:term":[{"taxonomy":"product_brand","embeddable":true,"href":"https:\/\/neplamarque.com\/index.php?rest_route=%2Fwp%2Fv2%2Fproduct_brand&post=2277"},{"taxonomy":"product_cat","embeddable":true,"href":"https:\/\/neplamarque.com\/index.php?rest_route=%2Fwp%2Fv2%2Fproduct_cat&post=2277"},{"taxonomy":"product_tag","embeddable":true,"href":"https:\/\/neplamarque.com\/index.php?rest_route=%2Fwp%2Fv2%2Fproduct_tag&post=2277"}],"curies":[{"name":"wp","href":"https:\/\/api.w.org\/{rel}","templated":true}]}}