{"id":2273,"date":"2021-06-03T14:13:56","date_gmt":"2021-06-03T14:13:56","guid":{"rendered":"https:\/\/neplamarque.com\/?post_type=product&#038;p=2273"},"modified":"2024-04-11T10:53:53","modified_gmt":"2024-04-11T10:53:53","slug":"marjolaine-a-coquille-bio-5-ml","status":"publish","type":"product","link":"https:\/\/neplamarque.com\/?product=marjolaine-a-coquille-bio-5-ml","title":{"rendered":"MARJOLAINE A COQUILLE BIO NEP HUILE ESSENTIELLE 5 ML"},"content":{"rendered":"<ul>\n<li>Marjolaine \u00e0 Coquille \u2013 ORIGANUM MAJORANA.<\/li>\n<li>L\u2019huile essentielle de marjolaine contient des compos\u00e9s triterp\u00e9niques et plusieurs alcools monoterp\u00e9niques comme l\u2019alpha-terpin\u00e9ol, le thuyanol et le linalol qui lui assurent un pouvoir <strong>anti-infectieux et immunostimulant.<\/strong><\/li>\n<li>Gr\u00e2ce aux alcools monoterp\u00e9niques qu\u2019elle contient, la marjolaine est un tr\u00e8s bon <strong>antalgique<\/strong>.<\/li>\n<li>Elle a \u00e9galement les propri\u00e9t\u00e9s d\u2019un tonique, stimulant g\u00e9n\u00e9ral et calmante du syst\u00e8me nerveux central.<\/li>\n<\/ul>\n<p>D\u00e9conseill\u00e9 aux femmes enceintes et allaitantes et aux enfants de moins de 6 ans.<\/p>\n","protected":false},"excerpt":{"rendered":"<p><strong>100% pure et naturelle<\/strong><br \/>\nCertifi\u00e9 agriculture biologique<br \/>\nPropri\u00e9t\u00e9 d\u2019immunostimulant<\/p>\n<p>5 mL<\/p>\n<p><strong>Fabrication Fran\u00e7aise.\u00a0<\/strong><\/p>\n<p>Eviter tout contact avec les yeux et les zones sensibles.<\/p>\n<p>Ne jamais utiliser pure.<\/p>\n","protected":false},"featured_media":3166,"template":"","meta":[],"product_brand":[],"product_cat":[15],"product_tag":[],"class_list":{"0":"post-2273","1":"product","2":"type-product","3":"status-publish","4":"has-post-thumbnail","6":"product_cat-huiles-essentielles","8":"first","9":"instock","10":"shipping-taxable","11":"purchasable","12":"product-type-simple"},"_links":{"self":[{"href":"https:\/\/neplamarque.com\/index.php?rest_route=\/wp\/v2\/product\/2273","targetHints":{"allow":["GET"]}}],"collection":[{"href":"https:\/\/neplamarque.com\/index.php?rest_route=\/wp\/v2\/product"}],"about":[{"href":"https:\/\/neplamarque.com\/index.php?rest_route=\/wp\/v2\/types\/product"}],"wp:featuredmedia":[{"embeddable":true,"href":"https:\/\/neplamarque.com\/index.php?rest_route=\/wp\/v2\/media\/3166"}],"wp:attachment":[{"href":"https:\/\/neplamarque.com\/index.php?rest_route=%2Fwp%2Fv2%2Fmedia&parent=2273"}],"wp:term":[{"taxonomy":"product_brand","embeddable":true,"href":"https:\/\/neplamarque.com\/index.php?rest_route=%2Fwp%2Fv2%2Fproduct_brand&post=2273"},{"taxonomy":"product_cat","embeddable":true,"href":"https:\/\/neplamarque.com\/index.php?rest_route=%2Fwp%2Fv2%2Fproduct_cat&post=2273"},{"taxonomy":"product_tag","embeddable":true,"href":"https:\/\/neplamarque.com\/index.php?rest_route=%2Fwp%2Fv2%2Fproduct_tag&post=2273"}],"curies":[{"name":"wp","href":"https:\/\/api.w.org\/{rel}","templated":true}]}}