{"id":2271,"date":"2021-06-03T14:11:12","date_gmt":"2021-06-03T14:11:12","guid":{"rendered":"https:\/\/neplamarque.com\/?post_type=product&#038;p=2271"},"modified":"2024-04-11T10:54:05","modified_gmt":"2024-04-11T10:54:05","slug":"lavandin-super-bio-10-ml","status":"publish","type":"product","link":"https:\/\/neplamarque.com\/?product=lavandin-super-bio-10-ml","title":{"rendered":"LAVANDIN SUPER BIO NEP HUILE ESSENTIELLE 10 ML"},"content":{"rendered":"<ul>\n<li>Lavande Super \u2013 LAVANDULA HYBRIDA SUPER.<\/li>\n<li>Les principes actifs majeurs sont le linalol, l\u2019ac\u00e9tate de linalyle, les terpin\u00e8nes-1 et 4-ol : tous ont des effets d\u00e9montr\u00e9s comme <strong>antalgiques<\/strong> (action sur les r\u00e9cepteurs muscariniques, opio\u00efdes et dopaminergiques).<\/li>\n<li>Les principes actifs ont \u00e9galement des propri\u00e9t\u00e9s spasmolytiques et myorelaxantes par l\u2019action m\u00e9di\u00e9e par l\u2019AMP cyclique, un compos\u00e9 qui influe sur l&rsquo;activit\u00e9 des hormones.<\/li>\n<li>Les esters monoterp\u00e9niques et les carbures sesquiterp\u00e9niques que contient l\u2019huile essentielle de Lavandin lui <strong>assurent une activit\u00e9 fortement anti-inflammatoire.<\/strong><\/li>\n<li>Le linalol est une mol\u00e9cule aux propri\u00e9t\u00e9s hypotensives, antalgiques, relaxantes et s\u00e9datives.<\/li>\n<li>Il r\u00e9duit le temps d\u2019ouverture des canaux ioniques de la jonction <strong>neuromusculaire par un blocage des canaux Na+ et\/ou Ca2+.<\/strong><\/li>\n<\/ul>\n<p>D\u00e9conseill\u00e9 aux femmes enceintes et allaitantes et aux enfants de moins de 7 ans.<\/p>\n","protected":false},"excerpt":{"rendered":"<p><strong>100% pure et naturelle<\/strong><br \/>\nCertifi\u00e9 agriculture biologique<br \/>\nPropri\u00e9t\u00e9 d\u2019antalgique et myorelaxante<\/p>\n<p>10 mL<\/p>\n<p><strong>Fabrication Fran\u00e7aise.<\/strong><\/p>\n<p>Eviter tout contact avec les yeux et les zones sensibles.<\/p>\n<p>Ne jamais utiliser pure.<\/p>\n","protected":false},"featured_media":3164,"template":"","meta":[],"product_brand":[],"product_cat":[15],"product_tag":[],"class_list":{"0":"post-2271","1":"product","2":"type-product","3":"status-publish","4":"has-post-thumbnail","6":"product_cat-huiles-essentielles","8":"first","9":"instock","10":"shipping-taxable","11":"purchasable","12":"product-type-simple"},"_links":{"self":[{"href":"https:\/\/neplamarque.com\/index.php?rest_route=\/wp\/v2\/product\/2271","targetHints":{"allow":["GET"]}}],"collection":[{"href":"https:\/\/neplamarque.com\/index.php?rest_route=\/wp\/v2\/product"}],"about":[{"href":"https:\/\/neplamarque.com\/index.php?rest_route=\/wp\/v2\/types\/product"}],"wp:featuredmedia":[{"embeddable":true,"href":"https:\/\/neplamarque.com\/index.php?rest_route=\/wp\/v2\/media\/3164"}],"wp:attachment":[{"href":"https:\/\/neplamarque.com\/index.php?rest_route=%2Fwp%2Fv2%2Fmedia&parent=2271"}],"wp:term":[{"taxonomy":"product_brand","embeddable":true,"href":"https:\/\/neplamarque.com\/index.php?rest_route=%2Fwp%2Fv2%2Fproduct_brand&post=2271"},{"taxonomy":"product_cat","embeddable":true,"href":"https:\/\/neplamarque.com\/index.php?rest_route=%2Fwp%2Fv2%2Fproduct_cat&post=2271"},{"taxonomy":"product_tag","embeddable":true,"href":"https:\/\/neplamarque.com\/index.php?rest_route=%2Fwp%2Fv2%2Fproduct_tag&post=2271"}],"curies":[{"name":"wp","href":"https:\/\/api.w.org\/{rel}","templated":true}]}}