{"id":2269,"date":"2021-06-03T14:06:58","date_gmt":"2021-06-03T14:06:58","guid":{"rendered":"https:\/\/neplamarque.com\/?post_type=product&#038;p=2269"},"modified":"2024-04-11T10:54:19","modified_gmt":"2024-04-11T10:54:19","slug":"lavandin-aspic-bio-10-ml","status":"publish","type":"product","link":"https:\/\/neplamarque.com\/?product=lavandin-aspic-bio-10-ml","title":{"rendered":"LAVANDIN ASPIC BIO NEP HUILE ESSENTIELLE 10 ML"},"content":{"rendered":"<ul>\n<li>Lavande Aspic \u2013 LAVANDULA LATIFOLIA.<\/li>\n<li>La pr\u00e9sence de camphre dans l\u2019huile <strong>stimule la nutrition des tissus et am\u00e9liore l\u2019activit\u00e9 circulatoire, ce qui favorise la cicatrisation et la r\u00e9g\u00e9n\u00e9rescence de la peau. <\/strong><\/li>\n<li>Le linalol, le camphre, le g\u00e9raniol et l\u2019alpha-terpin\u00e9ol contribuent \u00e0 ses effets vuln\u00e9raires, antalgiques et antitoxiques, mais c&rsquo;est surtout gr\u00e2ce \u00e0 ses alcools monoterp\u00e9niques qu\u2019elle lutte aussi bien contre les champignons.<\/li>\n<li>Gr\u00e2ce \u00e0 sa richesse en monoterp\u00e8nes, l\u2019huile essentielle de Lavande aspic est un tonique et stimulant g\u00e9n\u00e9ral de l\u2019organisme.<\/li>\n<li>Cette propri\u00e9t\u00e9 s\u2019explique par la stimulation des corticosurr\u00e9nales.<\/li>\n<li>Le linalol et le camphre sont des mol\u00e9cules aux <strong>propri\u00e9t\u00e9s hypotensives, antalgiques, relaxantes et s\u00e9datives.\u00a0<\/strong><\/li>\n<\/ul>\n<p>D\u00e9conseill\u00e9 aux femmes enceintes et allaitantes et aux enfants de moins de 7 ans.<\/p>\n","protected":false},"excerpt":{"rendered":"<p><strong>100% pure et naturelle<\/strong><br \/>\nCertifi\u00e9 agriculture biologique<br \/>\nFavorise la cicatrisation<\/p>\n<p>10 mL<\/p>\n<p><strong>Fabrication Fran\u00e7aise.<\/strong><\/p>\n<p>Eviter tout contact avec les yeux et les zones sensibles.<\/p>\n<p>Ne jamais utiliser pure.<\/p>\n","protected":false},"featured_media":3161,"template":"","meta":[],"product_brand":[],"product_cat":[15],"product_tag":[],"class_list":{"0":"post-2269","1":"product","2":"type-product","3":"status-publish","4":"has-post-thumbnail","6":"product_cat-huiles-essentielles","8":"first","9":"instock","10":"shipping-taxable","11":"purchasable","12":"product-type-simple"},"_links":{"self":[{"href":"https:\/\/neplamarque.com\/index.php?rest_route=\/wp\/v2\/product\/2269","targetHints":{"allow":["GET"]}}],"collection":[{"href":"https:\/\/neplamarque.com\/index.php?rest_route=\/wp\/v2\/product"}],"about":[{"href":"https:\/\/neplamarque.com\/index.php?rest_route=\/wp\/v2\/types\/product"}],"wp:featuredmedia":[{"embeddable":true,"href":"https:\/\/neplamarque.com\/index.php?rest_route=\/wp\/v2\/media\/3161"}],"wp:attachment":[{"href":"https:\/\/neplamarque.com\/index.php?rest_route=%2Fwp%2Fv2%2Fmedia&parent=2269"}],"wp:term":[{"taxonomy":"product_brand","embeddable":true,"href":"https:\/\/neplamarque.com\/index.php?rest_route=%2Fwp%2Fv2%2Fproduct_brand&post=2269"},{"taxonomy":"product_cat","embeddable":true,"href":"https:\/\/neplamarque.com\/index.php?rest_route=%2Fwp%2Fv2%2Fproduct_cat&post=2269"},{"taxonomy":"product_tag","embeddable":true,"href":"https:\/\/neplamarque.com\/index.php?rest_route=%2Fwp%2Fv2%2Fproduct_tag&post=2269"}],"curies":[{"name":"wp","href":"https:\/\/api.w.org\/{rel}","templated":true}]}}