{"id":2267,"date":"2021-06-03T14:03:02","date_gmt":"2021-06-03T14:03:02","guid":{"rendered":"https:\/\/neplamarque.com\/?post_type=product&#038;p=2267"},"modified":"2024-04-11T10:54:36","modified_gmt":"2024-04-11T10:54:36","slug":"lavande-vraie-bio-10-ml","status":"publish","type":"product","link":"https:\/\/neplamarque.com\/?product=lavande-vraie-bio-10-ml","title":{"rendered":"LAVANDE VRAIE BIO NEP HUILE ESSENTIELLE 10 ML"},"content":{"rendered":"<ul>\n<li>Lavande Vraie \u2013 LAVANDULA ANGUSTIFOLIA.<\/li>\n<li>Les principes actifs majeurs de la lavande sont le linalol, l\u2019ac\u00e9tate de linalyle, les terpin\u00e8nes-1 et 4-ol : tous ont des <strong>effets d\u00e9montr\u00e9s comme antalgiques<\/strong> (action sur les r\u00e9cepteurs muscariniques, opio\u00efdes et dopaminergiques).<\/li>\n<li>Les principes actifs ont \u00e9galement des propri\u00e9t\u00e9s spasmolytiques et myorelaxants par l\u2019action m\u00e9di\u00e9e par l\u2019AMP cyclique, un interm\u00e9diaire important dans l&rsquo;action des hormones.<\/li>\n<li>La pr\u00e9sence de camphre dans l\u2019huile stimule la <strong>nutrition des tissus et am\u00e9liore l\u2019activit\u00e9 circulatoire<\/strong>, ce qui favorise la cicatrisation et la r\u00e9g\u00e9n\u00e9rescence de la peau.<\/li>\n<\/ul>\n<p>D\u00e9conseill\u00e9 aux femmes enceintes et allaitantes et aux enfants de moins de 7 ans.<\/p>\n","protected":false},"excerpt":{"rendered":"<p><strong>100% pure et naturelle<\/strong><br \/>\nCertifi\u00e9 agriculture biologique<br \/>\nPropri\u00e9t\u00e9s myorelaxantes<br \/>\nFavorise la cicatrisation<\/p>\n<p>10 mL<\/p>\n<p><strong>Fabrication Fran\u00e7aise.<\/strong><\/p>\n<p>Eviter tout contact avec les yeux et les zones sensibles.<\/p>\n<p>Ne jamais utiliser pure.<\/p>\n","protected":false},"featured_media":3162,"template":"","meta":[],"product_brand":[],"product_cat":[15],"product_tag":[],"class_list":{"0":"post-2267","1":"product","2":"type-product","3":"status-publish","4":"has-post-thumbnail","6":"product_cat-huiles-essentielles","8":"first","9":"instock","10":"shipping-taxable","11":"purchasable","12":"product-type-simple"},"_links":{"self":[{"href":"https:\/\/neplamarque.com\/index.php?rest_route=\/wp\/v2\/product\/2267","targetHints":{"allow":["GET"]}}],"collection":[{"href":"https:\/\/neplamarque.com\/index.php?rest_route=\/wp\/v2\/product"}],"about":[{"href":"https:\/\/neplamarque.com\/index.php?rest_route=\/wp\/v2\/types\/product"}],"wp:featuredmedia":[{"embeddable":true,"href":"https:\/\/neplamarque.com\/index.php?rest_route=\/wp\/v2\/media\/3162"}],"wp:attachment":[{"href":"https:\/\/neplamarque.com\/index.php?rest_route=%2Fwp%2Fv2%2Fmedia&parent=2267"}],"wp:term":[{"taxonomy":"product_brand","embeddable":true,"href":"https:\/\/neplamarque.com\/index.php?rest_route=%2Fwp%2Fv2%2Fproduct_brand&post=2267"},{"taxonomy":"product_cat","embeddable":true,"href":"https:\/\/neplamarque.com\/index.php?rest_route=%2Fwp%2Fv2%2Fproduct_cat&post=2267"},{"taxonomy":"product_tag","embeddable":true,"href":"https:\/\/neplamarque.com\/index.php?rest_route=%2Fwp%2Fv2%2Fproduct_tag&post=2267"}],"curies":[{"name":"wp","href":"https:\/\/api.w.org\/{rel}","templated":true}]}}