{"id":2265,"date":"2021-06-03T14:00:21","date_gmt":"2021-06-03T14:00:21","guid":{"rendered":"https:\/\/neplamarque.com\/?post_type=product&#038;p=2265"},"modified":"2024-04-11T10:54:54","modified_gmt":"2024-04-11T10:54:54","slug":"girofle-bio-10-ml","status":"publish","type":"product","link":"https:\/\/neplamarque.com\/?product=girofle-bio-10-ml","title":{"rendered":"GIROFLE BIO NEP HUILE ESSENTIELLE 10 ML"},"content":{"rendered":"<ul>\n<li>Girofle \u2013 SYGYZIUM AROMATICUM.<\/li>\n<li>La richesse du clou de girofle en eug\u00e9nol explique ses <strong>propri\u00e9t\u00e9s antalgiques puissantes<\/strong> avec un effet rub\u00e9fiant (= qui chauffe la peau) utile dans les pouss\u00e9es douloureuses.<\/li>\n<li>L\u2019eug\u00e9nol (composant majoritaire) est dou\u00e9 de <strong>propri\u00e9t\u00e9s antibact\u00e9riennes, fongicides et parasiticide<\/strong> (poux).<\/li>\n<li>L\u2019huile essentielle de giroflier intervient dans les processus nerveux \u00e0 l\u2019origine des spasmes des muscles lisses.<\/li>\n<li>C\u2019est un <strong>antispasmodique remarquable.<\/strong><\/li>\n<\/ul>\n<p>D\u00e9conseill\u00e9 aux femmes enceintes et allaitantes et aux enfants de moins de 6 ans.<\/p>\n","protected":false},"excerpt":{"rendered":"<p><strong>100% pure et naturelle<\/strong><br \/>\nCertifi\u00e9 agriculture biologique<br \/>\nPropri\u00e9t\u00e9 d\u2019antidouleur<br \/>\nPropri\u00e9t\u00e9 de parasiticide (poux)<\/p>\n<p>10 mL<\/p>\n<p><strong>Fabrication Fran\u00e7aise.<\/strong><\/p>\n<p>Eviter tout contact avec les yeux et les zones sensibles.<\/p>\n<p>Ne jamais utiliser pure. Huile dermocaustique \u00e0 l&rsquo;\u00e9tat pur.<\/p>\n","protected":false},"featured_media":3160,"template":"","meta":[],"product_brand":[],"product_cat":[15],"product_tag":[],"class_list":{"0":"post-2265","1":"product","2":"type-product","3":"status-publish","4":"has-post-thumbnail","6":"product_cat-huiles-essentielles","8":"first","9":"instock","10":"shipping-taxable","11":"purchasable","12":"product-type-simple"},"_links":{"self":[{"href":"https:\/\/neplamarque.com\/index.php?rest_route=\/wp\/v2\/product\/2265","targetHints":{"allow":["GET"]}}],"collection":[{"href":"https:\/\/neplamarque.com\/index.php?rest_route=\/wp\/v2\/product"}],"about":[{"href":"https:\/\/neplamarque.com\/index.php?rest_route=\/wp\/v2\/types\/product"}],"wp:featuredmedia":[{"embeddable":true,"href":"https:\/\/neplamarque.com\/index.php?rest_route=\/wp\/v2\/media\/3160"}],"wp:attachment":[{"href":"https:\/\/neplamarque.com\/index.php?rest_route=%2Fwp%2Fv2%2Fmedia&parent=2265"}],"wp:term":[{"taxonomy":"product_brand","embeddable":true,"href":"https:\/\/neplamarque.com\/index.php?rest_route=%2Fwp%2Fv2%2Fproduct_brand&post=2265"},{"taxonomy":"product_cat","embeddable":true,"href":"https:\/\/neplamarque.com\/index.php?rest_route=%2Fwp%2Fv2%2Fproduct_cat&post=2265"},{"taxonomy":"product_tag","embeddable":true,"href":"https:\/\/neplamarque.com\/index.php?rest_route=%2Fwp%2Fv2%2Fproduct_tag&post=2265"}],"curies":[{"name":"wp","href":"https:\/\/api.w.org\/{rel}","templated":true}]}}