{"id":2263,"date":"2021-06-03T13:57:43","date_gmt":"2021-06-03T13:57:43","guid":{"rendered":"https:\/\/neplamarque.com\/?post_type=product&#038;p=2263"},"modified":"2023-07-25T09:59:29","modified_gmt":"2023-07-25T09:59:29","slug":"gaultherie-bio-10-ml","status":"publish","type":"product","link":"https:\/\/neplamarque.com\/?product=gaultherie-bio-10-ml","title":{"rendered":"GAULTHERIE BIO NEP HUILE ESSENTIELLE 10 ML"},"content":{"rendered":"<ul>\n<li>Gaulth\u00e9rie \u2013 GAULTHERIA PROCUMBENS.<\/li>\n<li>L\u2019huile essentielle de Gaulth\u00e9rie est certainement le <strong>meilleur antidouleur musculaire et articulaire de toute la pharmacop\u00e9e.<\/strong><\/li>\n<li>Tr\u00e8s usit\u00e9e dans l\u2019univers sportif, son parfum embaume tous les vestiaires.<\/li>\n<li>Ses propri\u00e9t\u00e9s <strong>analg\u00e9siques et anti-inflammatoires<\/strong> apaisent presque instantan\u00e9ment bon nombre d&rsquo;affections douloureuses : <strong>crampes, contractures, efforts sportifs, arthrose, arthrite, migraines, rien ne semble lui r\u00e9sister.<\/strong><\/li>\n<\/ul>\n<p>D\u00e9conseill\u00e9 aux femmes enceintes et allaitantes et aux enfants de moins de 6 ans.<\/p>\n","protected":false},"excerpt":{"rendered":"<p><strong>100% pure et naturelle<\/strong><br \/>\nCertifi\u00e9 agriculture biologique<br \/>\nPropri\u00e9t\u00e9s d\u2019antidouleur musculaire et articulaire<\/p>\n<p>10 mL<\/p>\n<p><strong>Fabrication Fran\u00e7aise.<\/strong><\/p>\n","protected":false},"featured_media":3159,"template":"","meta":[],"product_brand":[],"product_cat":[15],"product_tag":[],"class_list":{"0":"post-2263","1":"product","2":"type-product","3":"status-publish","4":"has-post-thumbnail","6":"product_cat-huiles-essentielles","8":"first","9":"instock","10":"shipping-taxable","11":"purchasable","12":"product-type-simple"},"_links":{"self":[{"href":"https:\/\/neplamarque.com\/index.php?rest_route=\/wp\/v2\/product\/2263","targetHints":{"allow":["GET"]}}],"collection":[{"href":"https:\/\/neplamarque.com\/index.php?rest_route=\/wp\/v2\/product"}],"about":[{"href":"https:\/\/neplamarque.com\/index.php?rest_route=\/wp\/v2\/types\/product"}],"wp:featuredmedia":[{"embeddable":true,"href":"https:\/\/neplamarque.com\/index.php?rest_route=\/wp\/v2\/media\/3159"}],"wp:attachment":[{"href":"https:\/\/neplamarque.com\/index.php?rest_route=%2Fwp%2Fv2%2Fmedia&parent=2263"}],"wp:term":[{"taxonomy":"product_brand","embeddable":true,"href":"https:\/\/neplamarque.com\/index.php?rest_route=%2Fwp%2Fv2%2Fproduct_brand&post=2263"},{"taxonomy":"product_cat","embeddable":true,"href":"https:\/\/neplamarque.com\/index.php?rest_route=%2Fwp%2Fv2%2Fproduct_cat&post=2263"},{"taxonomy":"product_tag","embeddable":true,"href":"https:\/\/neplamarque.com\/index.php?rest_route=%2Fwp%2Fv2%2Fproduct_tag&post=2263"}],"curies":[{"name":"wp","href":"https:\/\/api.w.org\/{rel}","templated":true}]}}