{"id":2261,"date":"2021-06-03T13:50:46","date_gmt":"2021-06-03T13:50:46","guid":{"rendered":"https:\/\/neplamarque.com\/?post_type=product&#038;p=2261"},"modified":"2024-04-11T10:55:13","modified_gmt":"2024-04-11T10:55:13","slug":"eucalyptus-radiata-bio-10-ml","status":"publish","type":"product","link":"https:\/\/neplamarque.com\/?product=eucalyptus-radiata-bio-10-ml","title":{"rendered":"EUCALYPTUS RADIATA BIO NEP HUILE ESSENTIELLE 10 ML"},"content":{"rendered":"<ul>\n<li>Eucalyptus Radiata \u2013 EUCALYPTUS RADIATA.<\/li>\n<li>L\u2019huile essentielle d\u2019Eucalyptus radiata\u00a0est un des <strong>meilleurs rem\u00e8des naturels<\/strong> pour traiter les infections respiratoires telles que les <strong>rhinites, rhinopharyngites, toux grasses. <\/strong><\/li>\n<li>L\u00e9g\u00e8rement plus douce que l&rsquo;huile essentielle d&rsquo;Eucalyptus globulus, elle en est d\u2019autant plus accessible, notamment pour les enfants qui pourront profiter de ses effets respiratoires expectorants et d\u00e9congestionnants des plus remarquables.<\/li>\n<li>En diffusion, elle agit favorablement sur les <strong>individus fatigu\u00e9s, en proie \u00e0 des fixations ou \u00e0 une agitation int\u00e9rieure.<\/strong><\/li>\n<\/ul>\n<p>D\u00e9conseill\u00e9 aux femmes enceintes et allaitantes et aux enfants de moins de 6 ans.<\/p>\n","protected":false},"excerpt":{"rendered":"<p><strong>100% pure et naturelle<\/strong><br \/>\nCertifi\u00e9 agriculture biologique<br \/>\nCalme la toux<\/p>\n<p>10 mL<\/p>\n<p><strong>Fabrication Fran\u00e7aise.<\/strong><\/p>\n<p>Eviter tout contact avec les yeux et les zones sensibles.<\/p>\n<p>Ne jamais utiliser pure.<\/p>\n","protected":false},"featured_media":3158,"template":"","meta":[],"product_brand":[],"product_cat":[15],"product_tag":[],"class_list":{"0":"post-2261","1":"product","2":"type-product","3":"status-publish","4":"has-post-thumbnail","6":"product_cat-huiles-essentielles","8":"first","9":"instock","10":"shipping-taxable","11":"purchasable","12":"product-type-simple"},"_links":{"self":[{"href":"https:\/\/neplamarque.com\/index.php?rest_route=\/wp\/v2\/product\/2261","targetHints":{"allow":["GET"]}}],"collection":[{"href":"https:\/\/neplamarque.com\/index.php?rest_route=\/wp\/v2\/product"}],"about":[{"href":"https:\/\/neplamarque.com\/index.php?rest_route=\/wp\/v2\/types\/product"}],"wp:featuredmedia":[{"embeddable":true,"href":"https:\/\/neplamarque.com\/index.php?rest_route=\/wp\/v2\/media\/3158"}],"wp:attachment":[{"href":"https:\/\/neplamarque.com\/index.php?rest_route=%2Fwp%2Fv2%2Fmedia&parent=2261"}],"wp:term":[{"taxonomy":"product_brand","embeddable":true,"href":"https:\/\/neplamarque.com\/index.php?rest_route=%2Fwp%2Fv2%2Fproduct_brand&post=2261"},{"taxonomy":"product_cat","embeddable":true,"href":"https:\/\/neplamarque.com\/index.php?rest_route=%2Fwp%2Fv2%2Fproduct_cat&post=2261"},{"taxonomy":"product_tag","embeddable":true,"href":"https:\/\/neplamarque.com\/index.php?rest_route=%2Fwp%2Fv2%2Fproduct_tag&post=2261"}],"curies":[{"name":"wp","href":"https:\/\/api.w.org\/{rel}","templated":true}]}}