{"id":2257,"date":"2021-06-03T13:43:56","date_gmt":"2021-06-03T13:43:56","guid":{"rendered":"https:\/\/neplamarque.com\/?post_type=product&#038;p=2257"},"modified":"2023-07-25T09:59:55","modified_gmt":"2023-07-25T09:59:55","slug":"eucalyptus-citriodora-bio-10-ml","status":"publish","type":"product","link":"https:\/\/neplamarque.com\/?product=eucalyptus-citriodora-bio-10-ml","title":{"rendered":"EUCALYPTUS CITRIODORA BIO NEP HUILE ESSENTIELLE 10 ML"},"content":{"rendered":"<ul>\n<li>Eucalyptus Citriodora \u2013 CORYMBIA CITRIODORA.<\/li>\n<li>L\u2019huile essentielle Eucalyptus citronn\u00e9 agit comme un anti-inflammatoire dans la gestion de la douleur et de l\u2019inflammation.<\/li>\n<li>Elle poss\u00e8de aussi des propri\u00e9t\u00e9s calmantes et s\u00e9datives.<\/li>\n<li>Ses propri\u00e9t\u00e9s antifongiques permettront de lutter contre les mycoses.<\/li>\n<\/ul>\n<p>D\u00e9conseill\u00e9 aux femmes enceintes et allaitantes et aux enfants de moins de 6 ans.<\/p>\n","protected":false},"excerpt":{"rendered":"<p><strong>100% pure et naturelle<\/strong><br \/>\nCertifi\u00e9 agriculture biologique<br \/>\nR\u00e9duit la douleur et l\u2019inflammation<br \/>\nPropri\u00e9t\u00e9 calmante et s\u00e9dative.<\/p>\n<p>10 mL<\/p>\n<p><strong>Fabrication Fran\u00e7aise.<\/strong><\/p>\n<p>Eviter tout contact avec les yeux et les zones sensibles.<\/p>\n<p>Ne jamais utiliser pure.<\/p>\n","protected":false},"featured_media":3156,"template":"","meta":[],"product_brand":[],"product_cat":[15],"product_tag":[],"class_list":{"0":"post-2257","1":"product","2":"type-product","3":"status-publish","4":"has-post-thumbnail","6":"product_cat-huiles-essentielles","8":"first","9":"instock","10":"shipping-taxable","11":"purchasable","12":"product-type-simple"},"_links":{"self":[{"href":"https:\/\/neplamarque.com\/index.php?rest_route=\/wp\/v2\/product\/2257","targetHints":{"allow":["GET"]}}],"collection":[{"href":"https:\/\/neplamarque.com\/index.php?rest_route=\/wp\/v2\/product"}],"about":[{"href":"https:\/\/neplamarque.com\/index.php?rest_route=\/wp\/v2\/types\/product"}],"wp:featuredmedia":[{"embeddable":true,"href":"https:\/\/neplamarque.com\/index.php?rest_route=\/wp\/v2\/media\/3156"}],"wp:attachment":[{"href":"https:\/\/neplamarque.com\/index.php?rest_route=%2Fwp%2Fv2%2Fmedia&parent=2257"}],"wp:term":[{"taxonomy":"product_brand","embeddable":true,"href":"https:\/\/neplamarque.com\/index.php?rest_route=%2Fwp%2Fv2%2Fproduct_brand&post=2257"},{"taxonomy":"product_cat","embeddable":true,"href":"https:\/\/neplamarque.com\/index.php?rest_route=%2Fwp%2Fv2%2Fproduct_cat&post=2257"},{"taxonomy":"product_tag","embeddable":true,"href":"https:\/\/neplamarque.com\/index.php?rest_route=%2Fwp%2Fv2%2Fproduct_tag&post=2257"}],"curies":[{"name":"wp","href":"https:\/\/api.w.org\/{rel}","templated":true}]}}