{"id":2255,"date":"2021-06-03T13:29:07","date_gmt":"2021-06-03T13:29:07","guid":{"rendered":"https:\/\/neplamarque.com\/?post_type=product&#038;p=2255"},"modified":"2024-04-11T10:56:36","modified_gmt":"2024-04-11T10:56:36","slug":"cypres-5-ml","status":"publish","type":"product","link":"https:\/\/neplamarque.com\/?product=cypres-5-ml","title":{"rendered":"CYPRES BIO NEP HUILE ESSENTIELLE 5 ML"},"content":{"rendered":"<ul>\n<li>Cypr\u00e8s \u2013 CUPRESSUS SEMPERVIRENS.<\/li>\n<li>L\u2019huile essentielle Cypr\u00e8s est souvent conseill\u00e9 dans les pathologies circulatoires ou lorsqu\u2019il y a congestion au niveau du bas ventre, cette congestion pouvant \u00eatre en lien avec la prostate, ou l\u2019apparition d\u2019h\u00e9morro\u00efde.<\/li>\n<li>Son parfum aux notes bois\u00e9es est une invitation d\u00e9licieuse \u00e0 se ressourcer en toute tranquillit\u00e9.<\/li>\n<\/ul>\n<p>D\u00e9conseill\u00e9 aux femmes enceintes et allaitantes et aux enfants de moins de 6 ans.<\/p>\n","protected":false},"excerpt":{"rendered":"<p><strong>100% pure et naturelle<\/strong><br \/>\nCertifi\u00e9 agriculture biologique<br \/>\nD\u00e9congestionnant<br \/>\nTranquillit\u00e9<\/p>\n<p>5 mL<\/p>\n<p><strong>Fabrication Fran\u00e7aise.<\/strong><\/p>\n<p>Eviter tout contact avec les yeux et les zones sensibles.<\/p>\n<p>Ne jamais utiliser pure.<\/p>\n","protected":false},"featured_media":3155,"template":"","meta":[],"product_brand":[],"product_cat":[15],"product_tag":[],"class_list":{"0":"post-2255","1":"product","2":"type-product","3":"status-publish","4":"has-post-thumbnail","6":"product_cat-huiles-essentielles","8":"first","9":"instock","10":"shipping-taxable","11":"purchasable","12":"product-type-simple"},"_links":{"self":[{"href":"https:\/\/neplamarque.com\/index.php?rest_route=\/wp\/v2\/product\/2255","targetHints":{"allow":["GET"]}}],"collection":[{"href":"https:\/\/neplamarque.com\/index.php?rest_route=\/wp\/v2\/product"}],"about":[{"href":"https:\/\/neplamarque.com\/index.php?rest_route=\/wp\/v2\/types\/product"}],"wp:featuredmedia":[{"embeddable":true,"href":"https:\/\/neplamarque.com\/index.php?rest_route=\/wp\/v2\/media\/3155"}],"wp:attachment":[{"href":"https:\/\/neplamarque.com\/index.php?rest_route=%2Fwp%2Fv2%2Fmedia&parent=2255"}],"wp:term":[{"taxonomy":"product_brand","embeddable":true,"href":"https:\/\/neplamarque.com\/index.php?rest_route=%2Fwp%2Fv2%2Fproduct_brand&post=2255"},{"taxonomy":"product_cat","embeddable":true,"href":"https:\/\/neplamarque.com\/index.php?rest_route=%2Fwp%2Fv2%2Fproduct_cat&post=2255"},{"taxonomy":"product_tag","embeddable":true,"href":"https:\/\/neplamarque.com\/index.php?rest_route=%2Fwp%2Fv2%2Fproduct_tag&post=2255"}],"curies":[{"name":"wp","href":"https:\/\/api.w.org\/{rel}","templated":true}]}}