{"id":2253,"date":"2021-06-03T13:22:52","date_gmt":"2021-06-03T13:22:52","guid":{"rendered":"https:\/\/neplamarque.com\/?post_type=product&#038;p=2253"},"modified":"2024-04-11T10:56:46","modified_gmt":"2024-04-11T10:56:46","slug":"citron-10-ml","status":"publish","type":"product","link":"https:\/\/neplamarque.com\/?product=citron-10-ml","title":{"rendered":"CITRON BIO NEP HUILE ESSENTIELLE 10 ML"},"content":{"rendered":"<ul>\n<li>Citron \u2013 CITRUS LIMON.<\/li>\n<li>L\u2019huile essentielle de citron a \u00e9galement pour propri\u00e9t\u00e9s : antiseptique g\u00e9n\u00e9rale et bact\u00e9ricide, fluidifiante sanguine, stimulante immunitaire et r\u00e9gulatrice m\u00e9tabolique.<\/li>\n<li>Un effet dynamisant et stimulant.<\/li>\n<\/ul>\n<p>D\u00e9conseill\u00e9 aux femmes enceintes et allaitantes et aux enfants de moins de 7 ans.<\/p>\n","protected":false},"excerpt":{"rendered":"<p><strong>100% pure et naturelle<\/strong><br \/>\nCertifi\u00e9 agriculture biologique<br \/>\nPropri\u00e9t\u00e9s antiseptiques et immunostimulantes<\/p>\n<p>10 mL<\/p>\n<p><strong>Fabrication Fran\u00e7aise.<\/strong><\/p>\n<p>Eviter tout contact avec les yeux et les zones sensibles.<\/p>\n<p>Ne jamais utiliser pure.<\/p>\n<p>Huile photosensibilisante.<\/p>\n","protected":false},"featured_media":3175,"template":"","meta":[],"product_brand":[],"product_cat":[15],"product_tag":[],"class_list":{"0":"post-2253","1":"product","2":"type-product","3":"status-publish","4":"has-post-thumbnail","6":"product_cat-huiles-essentielles","8":"first","9":"instock","10":"shipping-taxable","11":"purchasable","12":"product-type-simple"},"_links":{"self":[{"href":"https:\/\/neplamarque.com\/index.php?rest_route=\/wp\/v2\/product\/2253","targetHints":{"allow":["GET"]}}],"collection":[{"href":"https:\/\/neplamarque.com\/index.php?rest_route=\/wp\/v2\/product"}],"about":[{"href":"https:\/\/neplamarque.com\/index.php?rest_route=\/wp\/v2\/types\/product"}],"wp:featuredmedia":[{"embeddable":true,"href":"https:\/\/neplamarque.com\/index.php?rest_route=\/wp\/v2\/media\/3175"}],"wp:attachment":[{"href":"https:\/\/neplamarque.com\/index.php?rest_route=%2Fwp%2Fv2%2Fmedia&parent=2253"}],"wp:term":[{"taxonomy":"product_brand","embeddable":true,"href":"https:\/\/neplamarque.com\/index.php?rest_route=%2Fwp%2Fv2%2Fproduct_brand&post=2253"},{"taxonomy":"product_cat","embeddable":true,"href":"https:\/\/neplamarque.com\/index.php?rest_route=%2Fwp%2Fv2%2Fproduct_cat&post=2253"},{"taxonomy":"product_tag","embeddable":true,"href":"https:\/\/neplamarque.com\/index.php?rest_route=%2Fwp%2Fv2%2Fproduct_tag&post=2253"}],"curies":[{"name":"wp","href":"https:\/\/api.w.org\/{rel}","templated":true}]}}