{"id":1743,"date":"2021-01-27T15:07:39","date_gmt":"2021-01-27T15:07:39","guid":{"rendered":"https:\/\/neplamarque.com\/?product=compresses-steriles-non-tissees-75-x-75-cm-bte-de-50"},"modified":"2023-07-27T12:51:40","modified_gmt":"2023-07-27T12:51:40","slug":"compresses-steriles-non-tissees-75-x-75-cm-bte-de-50","status":"publish","type":"product","link":"https:\/\/neplamarque.com\/?product=compresses-steriles-non-tissees-75-x-75-cm-bte-de-50","title":{"rendered":"Compresses st\u00e9riles non tiss\u00e9es 7,5 x 7,5 cm &#8211; (Bte de 50)"},"content":{"rendered":"<ul>\n<li>40 grammes viscose \/ Polyester.<\/li>\n<li>V\u00e9rifier l&rsquo;int\u00e9gralit\u00e9 du protecteur de st\u00e9rilit\u00e9 avant usage.<\/li>\n<li><strong>Ne pas utiliser si l&#8217;emballage est endommag\u00e9.\u00a0<\/strong><\/li>\n<\/ul>\n","protected":false},"excerpt":{"rendered":"<p>Compresses st\u00e9riles en non tiss\u00e9es.<\/p>\n<p><strong>St\u00e9rilisation :<\/strong> Oxyde d&rsquo;\u00e9thyl\u00e8ne.<\/p>\n<p><strong>Indications<\/strong> : Nettoyage et protection des plaies. Usage unique.<\/p>\n","protected":false},"featured_media":3269,"template":"","meta":[],"product_brand":[],"product_cat":[27],"product_tag":[],"class_list":{"0":"post-1743","1":"product","2":"type-product","3":"status-publish","4":"has-post-thumbnail","6":"product_cat-premiers-soins","8":"first","9":"instock","10":"product-type-simple"},"_links":{"self":[{"href":"https:\/\/neplamarque.com\/index.php?rest_route=\/wp\/v2\/product\/1743","targetHints":{"allow":["GET"]}}],"collection":[{"href":"https:\/\/neplamarque.com\/index.php?rest_route=\/wp\/v2\/product"}],"about":[{"href":"https:\/\/neplamarque.com\/index.php?rest_route=\/wp\/v2\/types\/product"}],"wp:featuredmedia":[{"embeddable":true,"href":"https:\/\/neplamarque.com\/index.php?rest_route=\/wp\/v2\/media\/3269"}],"wp:attachment":[{"href":"https:\/\/neplamarque.com\/index.php?rest_route=%2Fwp%2Fv2%2Fmedia&parent=1743"}],"wp:term":[{"taxonomy":"product_brand","embeddable":true,"href":"https:\/\/neplamarque.com\/index.php?rest_route=%2Fwp%2Fv2%2Fproduct_brand&post=1743"},{"taxonomy":"product_cat","embeddable":true,"href":"https:\/\/neplamarque.com\/index.php?rest_route=%2Fwp%2Fv2%2Fproduct_cat&post=1743"},{"taxonomy":"product_tag","embeddable":true,"href":"https:\/\/neplamarque.com\/index.php?rest_route=%2Fwp%2Fv2%2Fproduct_tag&post=1743"}],"curies":[{"name":"wp","href":"https:\/\/api.w.org\/{rel}","templated":true}]}}