{"id":1704,"date":"2021-01-27T15:07:30","date_gmt":"2021-01-27T15:07:30","guid":{"rendered":"https:\/\/neplamarque.com\/?product=attelle-de-genou-universelle-t-2-h-50-cm"},"modified":"2023-02-25T13:04:08","modified_gmt":"2023-02-25T13:04:08","slug":"attelle-de-genou-universelle-t-2-h-50-cm","status":"publish","type":"product","link":"https:\/\/neplamarque.com\/?product=attelle-de-genou-universelle-t-2-h-50-cm","title":{"rendered":"GENOUILLERE LIGAMENTAIRE ARTICULEE"},"content":{"rendered":"<p>Caract\u00e9ristiques :<br \/>\n&#8211; Ouverture totale pour faciliter la mise en place<br \/>\n&#8211; 2 inserts demi lune pour s&rsquo;adapter au mieux \u00e0 la rotule<br \/>\n&#8211; 2 cadrans articul\u00e9s<\/p>\n<p>Prise de mesure et taillage (Tour de cuisse) :<br \/>\nT1 : 45-49cm<br \/>\nT2 : 49-53cm<br \/>\nT3 : 53-57cm<br \/>\nT4 : 57-61cm<\/p>\n","protected":false},"excerpt":{"rendered":"<p>Genouill\u00e8re ligamentaire articul\u00e9e NEP<\/p>\n<p>Indications : Entorse des plans lat\u00e9raux, \u00e9longation et rupture partielle des ligaments lat\u00e9raux LLI\/LLE, instabilit\u00e9 chronique du genou, r\u00e9\u00e9ducation, arthrose<\/p>\n<p>Composition :<br \/>\nMat\u00e9riel de base : 43,4% Polyester + 29,4% polyur\u00e9thane + 22,2% Polyamide + 5% Elastane<br \/>\nBaleine articul\u00e9e : 100% Aluminium<br \/>\nBaleine spirale : 100% Acier<\/p>\n","protected":false},"featured_media":2707,"template":"","meta":[],"product_brand":[],"product_cat":[25],"product_tag":[],"class_list":{"0":"post-1704","1":"product","2":"type-product","3":"status-publish","4":"has-post-thumbnail","6":"product_cat-orthopedie","8":"first","9":"instock","10":"product-type-simple"},"_links":{"self":[{"href":"https:\/\/neplamarque.com\/index.php?rest_route=\/wp\/v2\/product\/1704","targetHints":{"allow":["GET"]}}],"collection":[{"href":"https:\/\/neplamarque.com\/index.php?rest_route=\/wp\/v2\/product"}],"about":[{"href":"https:\/\/neplamarque.com\/index.php?rest_route=\/wp\/v2\/types\/product"}],"wp:featuredmedia":[{"embeddable":true,"href":"https:\/\/neplamarque.com\/index.php?rest_route=\/wp\/v2\/media\/2707"}],"wp:attachment":[{"href":"https:\/\/neplamarque.com\/index.php?rest_route=%2Fwp%2Fv2%2Fmedia&parent=1704"}],"wp:term":[{"taxonomy":"product_brand","embeddable":true,"href":"https:\/\/neplamarque.com\/index.php?rest_route=%2Fwp%2Fv2%2Fproduct_brand&post=1704"},{"taxonomy":"product_cat","embeddable":true,"href":"https:\/\/neplamarque.com\/index.php?rest_route=%2Fwp%2Fv2%2Fproduct_cat&post=1704"},{"taxonomy":"product_tag","embeddable":true,"href":"https:\/\/neplamarque.com\/index.php?rest_route=%2Fwp%2Fv2%2Fproduct_tag&post=1704"}],"curies":[{"name":"wp","href":"https:\/\/api.w.org\/{rel}","templated":true}]}}