{"id":1691,"date":"2021-01-27T15:07:30","date_gmt":"2021-01-27T15:07:30","guid":{"rendered":"https:\/\/neplamarque.com\/?product=test-de-grossesse"},"modified":"2023-05-31T07:08:38","modified_gmt":"2023-05-31T07:08:38","slug":"test-de-grossesse","status":"publish","type":"product","link":"https:\/\/neplamarque.com\/?product=test-de-grossesse","title":{"rendered":"Test de grossesse"},"content":{"rendered":"<ul>\n<li>Lire attentivement le mode d&#8217;emploi avant d&rsquo;utiliser le test.<\/li>\n<li><strong>Pratique<\/strong><\/li>\n<li><strong>Simple<\/strong><\/li>\n<li>Rapide d\u00e8s 3 minutes<\/li>\n<li><strong>Fiable \u00e0 + de 99%. <\/strong><\/li>\n<li>1 boite de 1 test.<\/li>\n<li>Retirer le capuchon bleu qui recouvre la m\u00e8che. Maintenir la m\u00e8che absorbante sous un jet d&rsquo;urine pendant 10 \u00e0 15 secondes.<\/li>\n<li>La lecture du r\u00e9sultat se fait <strong>apr\u00e8s 3 minutes<\/strong> par apparition de bandes roses dans la fen\u00eatre de lecture et de contr\u00f4le.<\/li>\n<\/ul>\n","protected":false},"excerpt":{"rendered":"<p>Dispositif m\u00e9dical de diagnostic in vitro.<\/p>\n<p>Test de d\u00e9tection de la grossesse con\u00e7u sp\u00e9cialement pour une <strong>utilisation personnelle<\/strong>, fonctionnant simplement sous un jet d&rsquo;urine.<\/p>\n<p>Permet de d\u00e9tecter la grossesse d\u00e8s la date pr\u00e9sum\u00e9e des r\u00e8gles, calcul\u00e9e 15 jours apr\u00e8s l&rsquo;ovulation.<\/p>\n<p><strong> Fiabilit\u00e9 scientifiquement prouv\u00e9e : 25 UI\/L.<\/strong><\/p>\n","protected":false},"featured_media":3014,"template":"","meta":[],"product_brand":[],"product_cat":[21],"product_tag":[],"class_list":{"0":"post-1691","1":"product","2":"type-product","3":"status-publish","4":"has-post-thumbnail","6":"product_cat-controle","8":"first","9":"instock","10":"purchasable","11":"product-type-simple"},"_links":{"self":[{"href":"https:\/\/neplamarque.com\/index.php?rest_route=\/wp\/v2\/product\/1691","targetHints":{"allow":["GET"]}}],"collection":[{"href":"https:\/\/neplamarque.com\/index.php?rest_route=\/wp\/v2\/product"}],"about":[{"href":"https:\/\/neplamarque.com\/index.php?rest_route=\/wp\/v2\/types\/product"}],"wp:featuredmedia":[{"embeddable":true,"href":"https:\/\/neplamarque.com\/index.php?rest_route=\/wp\/v2\/media\/3014"}],"wp:attachment":[{"href":"https:\/\/neplamarque.com\/index.php?rest_route=%2Fwp%2Fv2%2Fmedia&parent=1691"}],"wp:term":[{"taxonomy":"product_brand","embeddable":true,"href":"https:\/\/neplamarque.com\/index.php?rest_route=%2Fwp%2Fv2%2Fproduct_brand&post=1691"},{"taxonomy":"product_cat","embeddable":true,"href":"https:\/\/neplamarque.com\/index.php?rest_route=%2Fwp%2Fv2%2Fproduct_cat&post=1691"},{"taxonomy":"product_tag","embeddable":true,"href":"https:\/\/neplamarque.com\/index.php?rest_route=%2Fwp%2Fv2%2Fproduct_tag&post=1691"}],"curies":[{"name":"wp","href":"https:\/\/api.w.org\/{rel}","templated":true}]}}