{"id":1683,"date":"2021-01-27T15:07:20","date_gmt":"2021-01-27T15:07:20","guid":{"rendered":"https:\/\/neplamarque.com\/?product=auto-tensiometre-brassard"},"modified":"2023-02-25T13:04:06","modified_gmt":"2023-02-25T13:04:06","slug":"auto-tensiometre-brassard","status":"publish","type":"product","link":"https:\/\/neplamarque.com\/?product=auto-tensiometre-brassard","title":{"rendered":"Auto tensiom\u00e8tre brassard"},"content":{"rendered":"<ul>\n<li><strong>Simple et pratique<\/strong><\/li>\n<li>Valid\u00e9 cliniquement<\/li>\n<li><strong>Haute pr\u00e9cision<\/strong><\/li>\n<li>Garantie 2 ans<\/li>\n<li>L\u00e9ger et compact. 1 boite de 1 tensiom\u00e8tre.<\/li>\n<li><strong>Veuillez lire attentivement les instructions avant d&rsquo;utiliser ce produit.<\/strong><\/li>\n<li>Evitez de manger, de fumer et de faire tout type d&rsquo;effort juste avant de prendre votre tension.<\/li>\n<li><strong>Essayez de vous d\u00e9contrater<\/strong> en vous asseyant dans un fauteuil <strong>au calme pendant environ 10 minutes avant de prendre votre tension.<\/strong><\/li>\n<li>Effectuez les mesures toujours du m\u00eame c\u00f4t\u00e9 (normalement \u00e0 gauche).<\/li>\n<li>Essayez d&rsquo;effectuer celles-ci \u00e0 des heures fixes car la tension varie au cours de la journ\u00e9e.<\/li>\n<li>Evitez les forts champs \u00e9lectriques ou \u00e9lectromagn\u00e9tiques \u00e0 proximit\u00e9 imm\u00e9diate de l&rsquo;appareil, cela peut diminuer temporairement la pr\u00e9cision de mesure.<\/li>\n<\/ul>\n","protected":false},"excerpt":{"rendered":"<p>L&rsquo;autotensiom\u00e8tre est un <strong>appareil \u00e9lectronique<\/strong> enti\u00e8rement automatique qui permet de mesurer <strong>exactement et rapidement les pressions systolique et diastolique<\/strong> ainsi que <strong>la fr\u00e9quence cardiaque<\/strong> sur le bras, selon la m\u00e9thode oscillom\u00e9trique.<\/p>\n<p><strong>Simple d&rsquo;utilisation :<\/strong> Touche unique de commande Gonflage et D\u00e9gonflage du brassard, r\u00e9glage de la pression et mesure enti\u00e8rement automatique.<\/p>\n<p><strong>Pratique :<\/strong> Affichage simultan\u00e9 des tensions systoliques, diastoliques et du pouls.<\/p>\n<p>Grand affichage des chiffres.<\/p>\n","protected":false},"featured_media":3015,"template":"","meta":[],"product_brand":[],"product_cat":[21],"product_tag":[],"class_list":{"0":"post-1683","1":"product","2":"type-product","3":"status-publish","4":"has-post-thumbnail","6":"product_cat-controle","8":"first","9":"instock","10":"purchasable","11":"product-type-simple"},"_links":{"self":[{"href":"https:\/\/neplamarque.com\/index.php?rest_route=\/wp\/v2\/product\/1683","targetHints":{"allow":["GET"]}}],"collection":[{"href":"https:\/\/neplamarque.com\/index.php?rest_route=\/wp\/v2\/product"}],"about":[{"href":"https:\/\/neplamarque.com\/index.php?rest_route=\/wp\/v2\/types\/product"}],"wp:featuredmedia":[{"embeddable":true,"href":"https:\/\/neplamarque.com\/index.php?rest_route=\/wp\/v2\/media\/3015"}],"wp:attachment":[{"href":"https:\/\/neplamarque.com\/index.php?rest_route=%2Fwp%2Fv2%2Fmedia&parent=1683"}],"wp:term":[{"taxonomy":"product_brand","embeddable":true,"href":"https:\/\/neplamarque.com\/index.php?rest_route=%2Fwp%2Fv2%2Fproduct_brand&post=1683"},{"taxonomy":"product_cat","embeddable":true,"href":"https:\/\/neplamarque.com\/index.php?rest_route=%2Fwp%2Fv2%2Fproduct_cat&post=1683"},{"taxonomy":"product_tag","embeddable":true,"href":"https:\/\/neplamarque.com\/index.php?rest_route=%2Fwp%2Fv2%2Fproduct_tag&post=1683"}],"curies":[{"name":"wp","href":"https:\/\/api.w.org\/{rel}","templated":true}]}}