{"id":1667,"date":"2021-01-27T15:07:20","date_gmt":"2021-01-27T15:07:20","guid":{"rendered":"https:\/\/neplamarque.com\/?product=probionep-30-gel"},"modified":"2024-04-30T13:08:50","modified_gmt":"2024-04-30T13:08:50","slug":"probionep-30-gel","status":"publish","type":"product","link":"https:\/\/neplamarque.com\/?product=probionep-30-gel","title":{"rendered":"Probionep &#8211; (30 g\u00e9l)"},"content":{"rendered":"<p>&nbsp;<\/p>\n<ul>\n<li><strong>COMPL\u00c9MENT ALIMENTAIRE \u00c0 BASE DE FERMENTS LACTIQUES ET FRUCTO-OLIGOSACCHARIDES<\/strong><\/li>\n<li>Boite de 30 g\u00e9lules.<\/li>\n<li>Prendre 1 g\u00e9lule par jour avec un verre d&rsquo;eau (125ml), <strong>de pr\u00e9f\u00e9rence le matin<\/strong>.<\/li>\n<li>Les compl\u00e9ments alimentaires<strong> doivent \u00eatre utilis\u00e9s dans le cadre d&rsquo;un mode de vie sain<\/strong> et ne pas \u00eatre utilis\u00e9s comme substituts d&rsquo;un r\u00e9gime alimentaire vari\u00e9 et \u00e9quilibr\u00e9.<\/li>\n<li><em><strong>Ne pas d\u00e9passer la dose journali\u00e8re recommand\u00e9e.<\/strong><\/em><\/li>\n<li><strong>TENIR HORS DE PORTEE DES ENFANTS.<\/strong><\/li>\n<li>En cas de grossesse ou d&rsquo;allaitement, avant d&rsquo;utiliser ce produit, il est <strong>indispensable d&rsquo;avoir l&rsquo;avis de votre m\u00e9decin ou de votre pharmacien.<\/strong><\/li>\n<li><strong>A conserver \u00e0 l&rsquo;abri de la chaleur, de l&rsquo;humidit\u00e9 et de la lumi\u00e8re. <\/strong><\/li>\n<li><strong>INGR\u00c9DIENTS : <\/strong>Maltodextrine, Agents de charge : Gomme d\u2019acacia, Enrobage : g\u00e9lule v\u00e9g\u00e9tale transparente (hydroxypropylmethylcellulose), Fructo-oligosaccharides, anti-agglom\u00e9rant : sels de magn\u00e9siums d&rsquo;acides gras, Bifidobacterium infantis, Lactobacillus acidophilus, Lacticaseibacillus casei.<\/li>\n<li>Poids net : 16,77g.<\/li>\n<\/ul>\n","protected":false},"excerpt":{"rendered":"<p>Compl\u00e9ment alimentaire.<\/p>\n<p>Les probiotiques ont un effet b\u00e9n\u00e9fique sur la sant\u00e9 en concourant \u00e0 l&rsquo;\u00e9quilibre de la flore intestinale.<\/p>\n<p><strong>Contient 30 milliards de ferments lactiques.<\/strong><\/p>\n<p>Ingr\u00e9dients actifs par dose journali\u00e8re (1g\u00e9lule) : Fructo-oligosaccharides : 100mg, Bifidobacterium Infantis : 7,5 E + 8 CFU, Lacticaseibacillus\u00a0Casei 7,5 E + 8 CFU, Lactobacillus Acidophilus 7,5 E + 8 CFU.<\/p>\n<p>&nbsp;<\/p>\n","protected":false},"featured_media":3348,"template":"","meta":[],"product_brand":[],"product_cat":[23],"product_tag":[],"class_list":{"0":"post-1667","1":"product","2":"type-product","3":"status-publish","4":"has-post-thumbnail","6":"product_cat-conseil","8":"first","9":"instock","10":"purchasable","11":"product-type-simple"},"_links":{"self":[{"href":"https:\/\/neplamarque.com\/index.php?rest_route=\/wp\/v2\/product\/1667","targetHints":{"allow":["GET"]}}],"collection":[{"href":"https:\/\/neplamarque.com\/index.php?rest_route=\/wp\/v2\/product"}],"about":[{"href":"https:\/\/neplamarque.com\/index.php?rest_route=\/wp\/v2\/types\/product"}],"wp:featuredmedia":[{"embeddable":true,"href":"https:\/\/neplamarque.com\/index.php?rest_route=\/wp\/v2\/media\/3348"}],"wp:attachment":[{"href":"https:\/\/neplamarque.com\/index.php?rest_route=%2Fwp%2Fv2%2Fmedia&parent=1667"}],"wp:term":[{"taxonomy":"product_brand","embeddable":true,"href":"https:\/\/neplamarque.com\/index.php?rest_route=%2Fwp%2Fv2%2Fproduct_brand&post=1667"},{"taxonomy":"product_cat","embeddable":true,"href":"https:\/\/neplamarque.com\/index.php?rest_route=%2Fwp%2Fv2%2Fproduct_cat&post=1667"},{"taxonomy":"product_tag","embeddable":true,"href":"https:\/\/neplamarque.com\/index.php?rest_route=%2Fwp%2Fv2%2Fproduct_tag&post=1667"}],"curies":[{"name":"wp","href":"https:\/\/api.w.org\/{rel}","templated":true}]}}