{"id":1665,"date":"2021-01-27T15:07:20","date_gmt":"2021-01-27T15:07:20","guid":{"rendered":"https:\/\/neplamarque.com\/?product=solution-dentretien-des-lentilles-300-ml"},"modified":"2023-03-03T09:09:37","modified_gmt":"2023-03-03T09:09:37","slug":"solution-dentretien-des-lentilles-300-ml","status":"publish","type":"product","link":"https:\/\/neplamarque.com\/?product=solution-dentretien-des-lentilles-300-ml","title":{"rendered":"Solution d&#8217;entretien des lentilles &#8211; (300 mL)"},"content":{"rendered":"<ul>\n<li><strong>Express tout en un.<\/strong><\/li>\n<li>Flacon \u00e9conomique et \u00e9cologique<\/li>\n<li>1 \u00e9tui offert.<\/li>\n<li>Flacon de 360 ml.<\/li>\n<li>Toujours se laver et se rincer soigneusement les mains avant toute manipulation de ses lentilles de contact, <strong>commencez toujours par celle de droite<\/strong> (par exemple, pour \u00e9viter par inadvertance de nettoyer 2 fois la m\u00eame et pas l&#8217;autre).<\/li>\n<li>Pour la 1\u00e8re utilisation de l&#8217;\u00e9tui de trempage, afin de l&#8217;aseptiser, rincez l&#8217;int\u00e9rieur avec un peu de <strong>Nep solution de nettoyage<\/strong>.<\/li>\n<li>Retirer la lentille et placez-la dans la paume de la main.<\/li>\n<li>Ajoutez quelques gouttes et <strong>frottez d\u00e9licatement les 2 faces de la lentilles<\/strong> dans le creux de la main avec le bout de votre doigt.<\/li>\n<li>A chaque nettoyage des lentilles, videz l&#8217;\u00e9tui et mettez \u00e0 nouveau un peu de solution dans les alv\u00e9oles de l&#8217;\u00e9tui. La quantit\u00e9 de solution doit recouvrir les lentilles.<\/li>\n<li>Rincez soigneusement la lentille et placez-la dans l&#8217;\u00e9tui. M\u00eames op\u00e9rations pour l&#8217;autre lentille.<\/li>\n<li>Les lentilles doivent \u00eatre laiss\u00e9es \u00e0 tremper pendant <strong>au moins 4 heures ou toute la nuit.<\/strong><\/li>\n<li>Refermer soigneusement le flacon apr\u00e8s chaque utilisation. Si les lentilles restent sans utilisation, <strong>plus de 14 jours dans leur \u00e9tui ferm\u00e9<\/strong>, il faut les nettoyer \u00e0 nouveau.<\/li>\n<li>Le flacon de Nep solution de nettoyage est muni d&#8217;une bague d&#8217;inviolabilit\u00e9, <strong>elle doit \u00eatre intacte \u00e0 l&#8217;achat du produit.<\/strong> Retirez cette bague \u00e0 l&#8217;ouverture du flacon.<\/li>\n<li>Le produit se conserve \u00e0 <strong>temp\u00e9rature ambiante<\/strong> (inf\u00e9rieure \u00e0 30\u00b0C), ne pas r\u00e9chauffer ou mettre au r\u00e9frig\u00e9rateur.<\/li>\n<li>Jetez tout flacon apr\u00e8s sa date de p\u00e9remption ou toute solution ouverte depuis plus de quatre mois.<\/li>\n<li><strong><em>Ne pas laisser \u00e0 la port\u00e9e des enfants. <\/em><\/strong><\/li>\n<li>EDETATE DISODIQUE 1,0 MG\/ML , BIGUANIDE 0,0025 MG\/ML. D\u00c9TERGENT, BORATE SODIQUE, CHLORURE DE SODIUM EN SOLUTION AQUEUSE ST\u00c9RILE, TAMPONN\u00c9E ET ISOTONIQUE.<\/li>\n<\/ul>\n","protected":false},"excerpt":{"rendered":"<p>Solution de nettoyage et d&#8217;entretien pour lentilles <strong>en silicone hydrogel et toutes les lentilles de contact souples<\/strong>.<\/p>\n<p>Particuli\u00e8rement adapt\u00e9 aux yeux sensibles,<strong> Nep solution<\/strong> contient un agent d\u00e9sinfectant naturel, produit par fermentation, qui enl\u00e8ve efficacement les impuret\u00e9s en petites particules, les rendant solubles dans l&#8217;eau.<\/p>\n<p>Doux pour les yeux, ne provoque pas d&#8217;irritation et procure un confort permanent. <strong>Solution tout en un.<\/strong><\/p>\n","protected":false},"featured_media":3134,"template":"","meta":[],"product_brand":[],"product_cat":[23],"product_tag":[],"class_list":{"0":"post-1665","1":"product","2":"type-product","3":"status-publish","4":"has-post-thumbnail","6":"product_cat-conseil","8":"first","9":"instock","10":"purchasable","11":"product-type-simple"},"_links":{"self":[{"href":"https:\/\/neplamarque.com\/index.php?rest_route=\/wp\/v2\/product\/1665","targetHints":{"allow":["GET"]}}],"collection":[{"href":"https:\/\/neplamarque.com\/index.php?rest_route=\/wp\/v2\/product"}],"about":[{"href":"https:\/\/neplamarque.com\/index.php?rest_route=\/wp\/v2\/types\/product"}],"wp:featuredmedia":[{"embeddable":true,"href":"https:\/\/neplamarque.com\/index.php?rest_route=\/wp\/v2\/media\/3134"}],"wp:attachment":[{"href":"https:\/\/neplamarque.com\/index.php?rest_route=%2Fwp%2Fv2%2Fmedia&parent=1665"}],"wp:term":[{"taxonomy":"product_brand","embeddable":true,"href":"https:\/\/neplamarque.com\/index.php?rest_route=%2Fwp%2Fv2%2Fproduct_brand&post=1665"},{"taxonomy":"product_cat","embeddable":true,"href":"https:\/\/neplamarque.com\/index.php?rest_route=%2Fwp%2Fv2%2Fproduct_cat&post=1665"},{"taxonomy":"product_tag","embeddable":true,"href":"https:\/\/neplamarque.com\/index.php?rest_route=%2Fwp%2Fv2%2Fproduct_tag&post=1665"}],"curies":[{"name":"wp","href":"https:\/\/api.w.org\/{rel}","templated":true}]}}