{"id":1655,"date":"2021-01-27T15:07:20","date_gmt":"2021-01-27T15:07:20","guid":{"rendered":"https:\/\/neplamarque.com\/?product=spray-isotonique-nasal-ocean-100-ml"},"modified":"2023-10-17T10:39:17","modified_gmt":"2023-10-17T10:39:17","slug":"spray-isotonique-nasal-ocean-100-ml","status":"publish","type":"product","link":"https:\/\/neplamarque.com\/?product=spray-isotonique-nasal-ocean-100-ml","title":{"rendered":"Spray Isotonique Nasal &#8211; (100 mL)"},"content":{"rendered":"<ul>\n<li><strong>Fabriqu\u00e9 en France.\u00a0<\/strong><\/li>\n<li>Embout s\u00e9curis\u00e9.<\/li>\n<li>Flacon de 100 ml.<\/li>\n<li>Introduire d\u00e9licatement l&#8217;embout dans la narine jusqu&rsquo;\u00e0 la collerette de s\u00e9curit\u00e9. Exercer une pression sur l&#8217;embout.<\/li>\n<li><strong>1 \u00e0 2 pulv\u00e9risations dans les narines, 2 \u00e0 4 fois par jour selon les besoins.<\/strong>\u00a0 Apr\u00e8s chaque utilisation, nettoyer l&#8217;embout \u00e0 l&rsquo;eau savonneuse.<\/li>\n<li><strong>Ne pas st\u00e9riliser au micro-ondes.<\/strong><\/li>\n<li><strong>Ne pas effectuer de lavage nasal<\/strong> lorsque la t\u00eate du b\u00e9b\u00e9 est en arri\u00e8re afin d&rsquo;\u00e9viter que le liquide ne descende dans la gorge.<\/li>\n<li><em><strong>TENIR HORS DE PORTEE DES ENFANTS. <\/strong><\/em><\/li>\n<li><strong>Ne pas administrer aux nourrissons de moins de 1 mois.<\/strong> De 1 mois \u00e0 6 mois, utiliser avec pr\u00e9caution. A partir de 6 mois, suivre les conseils d&rsquo;utilisation.<\/li>\n<li><strong>REMARQUES :<\/strong> R\u00e9cipient sous pression \u00e0 prot\u00e9ger des rayons du soleil, ne pas percer ou br\u00fbler m\u00eame apr\u00e8s usage.<\/li>\n<li>EAU DE MER PURIFI\u00c9E \u00c0 CONCENTRATION PHYSIOLOGIQUE, EAU DE MER : 31,82 ML &#8211; EAU PURIFI\u00c9E QSP. 100 ML &#8211; AIR COMPRIM\u00c9 SANS AUCUN CONTACT AVEC LE PRODUIT PULV\u00c9RIS\u00c9. SANS CONSERVATEURS.<\/li>\n<\/ul>\n","protected":false},"excerpt":{"rendered":"<p>Spray nasal isotonique d\u2019eau de mer (31,82%) riche en Oligo-\u00e9l\u00e9ments pour un lavage en douceur.<\/p>\n<p>&#8211; Utilisation quotidienne pour l&rsquo;hygi\u00e8ne des voies nasales.<br \/>\n&#8211; Humidification et\/ou pr\u00e9vention de l&rsquo;ass\u00e8chement des voies nasales (air sec, climatisation)<br \/>\n&#8211; Fluidification du mucus pour faciliter le drainage<br \/>\n&#8211; D\u00e9congestion des solides (mucus nasal s\u00e9ch\u00e9)<br \/>\n&#8211; Rin\u00e7age\/r\u00e9duction de la poussi\u00e8re, du pollen, des allerg\u00e8nes et\/ou d&rsquo;autres irritants.<\/p>\n<p>Peut \u00eatre utilis\u00e9 pour tous les patients sans limite d&rsquo;\u00e2ge. Ils peuvent \u00eatre utilis\u00e9s pendant la grossesse et l&rsquo;allaitement.<\/p>\n<p>Hygi\u00e8ne quotidienne: 1 \u00e0 2 pulv\u00e9risations\/narine matin et soir. Le nombre d&rsquo;utilisations peut \u00eatre augment\u00e9 en fonction des besoins.<\/p>\n<p>Hydratation: 3 \u00e0 6 pulv\u00e9risations \/ jour \/ narine.<\/p>\n<p>&nbsp;<\/p>\n","protected":false},"featured_media":2593,"template":"","meta":[],"product_brand":[],"product_cat":[23],"product_tag":[],"class_list":{"0":"post-1655","1":"product","2":"type-product","3":"status-publish","4":"has-post-thumbnail","6":"product_cat-conseil","8":"first","9":"instock","10":"purchasable","11":"product-type-simple"},"_links":{"self":[{"href":"https:\/\/neplamarque.com\/index.php?rest_route=\/wp\/v2\/product\/1655","targetHints":{"allow":["GET"]}}],"collection":[{"href":"https:\/\/neplamarque.com\/index.php?rest_route=\/wp\/v2\/product"}],"about":[{"href":"https:\/\/neplamarque.com\/index.php?rest_route=\/wp\/v2\/types\/product"}],"wp:featuredmedia":[{"embeddable":true,"href":"https:\/\/neplamarque.com\/index.php?rest_route=\/wp\/v2\/media\/2593"}],"wp:attachment":[{"href":"https:\/\/neplamarque.com\/index.php?rest_route=%2Fwp%2Fv2%2Fmedia&parent=1655"}],"wp:term":[{"taxonomy":"product_brand","embeddable":true,"href":"https:\/\/neplamarque.com\/index.php?rest_route=%2Fwp%2Fv2%2Fproduct_brand&post=1655"},{"taxonomy":"product_cat","embeddable":true,"href":"https:\/\/neplamarque.com\/index.php?rest_route=%2Fwp%2Fv2%2Fproduct_cat&post=1655"},{"taxonomy":"product_tag","embeddable":true,"href":"https:\/\/neplamarque.com\/index.php?rest_route=%2Fwp%2Fv2%2Fproduct_tag&post=1655"}],"curies":[{"name":"wp","href":"https:\/\/api.w.org\/{rel}","templated":true}]}}