{"id":1647,"date":"2021-01-27T15:07:08","date_gmt":"2021-01-27T15:07:08","guid":{"rendered":"https:\/\/neplamarque.com\/?product=shampoing-anti-poux-200-ml"},"modified":"2025-01-28T11:48:45","modified_gmt":"2025-01-28T11:48:45","slug":"shampoing-anti-poux-200-ml","status":"publish","type":"product","link":"https:\/\/neplamarque.com\/?product=shampoing-anti-poux-200-ml","title":{"rendered":"Shampoing anti-poux &#8211; (200 mL)"},"content":{"rendered":"<ul>\n<li><strong>Aux huiles essentielles<\/strong><\/li>\n<li><strong>100% pur et naturel<\/strong><\/li>\n<li>Sans insecticide.<\/li>\n<li>Contient des huiles essentielles de lavande, romarin et thym.<\/li>\n<li>Flacon de 200 ml.<\/li>\n<li>Mouiller les cheveux, faire un shampooing et laisser agir quelques minutes avant de rincer soigneusement.<\/li>\n<li>Renouveler l&rsquo;op\u00e9ration.<\/li>\n<li>D\u00e9m\u00ealer la chevelure en <strong>utilisant un peigne serr\u00e9 si n\u00e9cessaire<\/strong>.<\/li>\n<li>Usage externe, <strong>Ne pas avaler<\/strong>.<\/li>\n<li><em><strong>TENIR HORS DE PORTEE DES ENFANTS.<\/strong><\/em><\/li>\n<li>Ne pas utiliser chez l&rsquo;enfant de moins de 36 mois, les femmes enceintes et allaitantes.<\/li>\n<li><strong> \u00c9viter tout contact avec les yeux et les muqueuses.<\/strong> En cas de contact accidentel, rincer abondamment et longuement \u00e0 l&rsquo;eau froide.<\/li>\n<li>INGREDIENTS: Aqua, Sodium Laureth Sulfate, Glycerin, Cocamidopropyl Betaine, Acetum, Decyl Glucoside, Sodium Chloride, Lavanda Angustifolia Flower Extract, Rosmarinus Officinalis Leaf Extract, Salvia Officinalis Leaf Extract, Thymus Vulgaris Flower\/Leaf Extract, Lavandula Angustifolia Oil, Benzyl Alcohol, Hydroxypropyl Guar Hydroxypropyltrimonium Chloride, Sodium Benzoate, Potassium Sorbate, Linalool, Methylchloroisothiazolinone, Methylisothiazolinone.<\/li>\n<\/ul>\n","protected":false},"excerpt":{"rendered":"<p><strong>Shampooing aux huiles essentielles. <\/strong><\/p>\n<p><strong>En compl\u00e9ment d&rsquo;un traitement anti-poux ou un shampooing d&rsquo;entretien.<\/strong><\/p>\n","protected":false},"featured_media":2840,"template":"","meta":[],"product_brand":[],"product_cat":[23],"product_tag":[],"class_list":{"0":"post-1647","1":"product","2":"type-product","3":"status-publish","4":"has-post-thumbnail","6":"product_cat-conseil","8":"first","9":"instock","10":"purchasable","11":"product-type-simple"},"_links":{"self":[{"href":"https:\/\/neplamarque.com\/index.php?rest_route=\/wp\/v2\/product\/1647","targetHints":{"allow":["GET"]}}],"collection":[{"href":"https:\/\/neplamarque.com\/index.php?rest_route=\/wp\/v2\/product"}],"about":[{"href":"https:\/\/neplamarque.com\/index.php?rest_route=\/wp\/v2\/types\/product"}],"wp:featuredmedia":[{"embeddable":true,"href":"https:\/\/neplamarque.com\/index.php?rest_route=\/wp\/v2\/media\/2840"}],"wp:attachment":[{"href":"https:\/\/neplamarque.com\/index.php?rest_route=%2Fwp%2Fv2%2Fmedia&parent=1647"}],"wp:term":[{"taxonomy":"product_brand","embeddable":true,"href":"https:\/\/neplamarque.com\/index.php?rest_route=%2Fwp%2Fv2%2Fproduct_brand&post=1647"},{"taxonomy":"product_cat","embeddable":true,"href":"https:\/\/neplamarque.com\/index.php?rest_route=%2Fwp%2Fv2%2Fproduct_cat&post=1647"},{"taxonomy":"product_tag","embeddable":true,"href":"https:\/\/neplamarque.com\/index.php?rest_route=%2Fwp%2Fv2%2Fproduct_tag&post=1647"}],"curies":[{"name":"wp","href":"https:\/\/api.w.org\/{rel}","templated":true}]}}