{"id":1643,"date":"2021-01-27T15:07:08","date_gmt":"2021-01-27T15:07:08","guid":{"rendered":"https:\/\/neplamarque.com\/?product=circulation-60-cpr"},"modified":"2024-04-10T08:35:09","modified_gmt":"2024-04-10T08:35:09","slug":"circulation-60-cpr","status":"publish","type":"product","link":"https:\/\/neplamarque.com\/?product=circulation-60-cpr","title":{"rendered":"Circulation &#8211; (60 g\u00e9lules)"},"content":{"rendered":"<ul>\n<li><strong>Fabriqu\u00e9 en France.<\/strong><\/li>\n<li>Cure d\u2019un mois.<\/li>\n<li>Contient du fragon \u00e9pineux, de l\u2019extrait de marron d\u2019Inde, de myrtille et de l\u2019Hibiscus.<\/li>\n<li>Boite de 60 g\u00e9lules.<\/li>\n<li><b>2 g\u00e9lules le matin apr\u00e8s le petit d\u00e9jeuner avec un verre d&rsquo;eau.<\/b><\/li>\n<li>Les compl\u00e9ments alimentaires <strong>doivent \u00eatre utilis\u00e9s dans le cadre d&rsquo;un mode de vie sain<\/strong> et ne pas \u00eatre utilis\u00e9s comme substituts d&rsquo;un r\u00e9gime alimentaire vari\u00e9 et \u00e9quilibr\u00e9.<\/li>\n<li>Ne pas d\u00e9passer la dose journali\u00e8re recommand\u00e9e.<\/li>\n<li><em><strong>GARDER HORS DE PORTEE DES ENFANTS.<\/strong><\/em><\/li>\n<li>Ce produit est r\u00e9serv\u00e9 \u00e0 l&rsquo;adulte et d\u00e9conseill\u00e9 chez les femmes enceintes, chez les femmes allaitantes<\/li>\n<li>A conserver \u00e0 l&rsquo;abri de la lumi\u00e8re, de la chaleur et de l&rsquo;humidit\u00e9.<\/li>\n<li>Ingr\u00e9dients : Extrait sec de fleur d&rsquo;hibiscus (Hibiscus sabdariffa L.), poudre de jus concentr\u00e9 de myrtille (Vaccinium myrtillus L.), agent d&rsquo;enrobage : hydroxypropylm\u00e9thylcellulose, extrait sec de rhizome de fragon \u00e9pineux (Ruscus aculeatus L.), extrait sec de fruit de marron d&rsquo;inde (Aesculus hippocastanum L.), anti-agglom\u00e9rants : sels de magn\u00e9sium d&rsquo;acide gras<\/li>\n<li>Poids net : 29,64g.<\/li>\n<\/ul>\n","protected":false},"excerpt":{"rendered":"<p>Compl\u00e9ment alimentaire \u00e0 base de plantes.<\/p>\n<p>Le fragon \u00e9pineux contribue \u00e0 la circulation dans les jambes.<\/p>\n<p>L&rsquo;extrait de marron d&rsquo;inde aide \u00e0 maintenir une circulation veineuse normale.<\/p>\n<p>La myrtille commune est utilis\u00e9e pour la bonne circulation du sang dans les microvaisseaux.<\/p>\n<p>L&rsquo;hibiscus aide \u00e0 diminuer les sensations de jambes lourdes.<\/p>\n<p>D\u00e9conseill\u00e9 aux personnes sous traitement anticoagulant.<\/p>\n<p>Quantit\u00e9 par dose journali\u00e8re recommand\u00e9e (2 g\u00e9lules) : extrait sec d&rsquo;hibiscus : 375mg, extrait sec de jus concentr\u00e9 de myrtylle : 230mg, extrait sec de fragon \u00e9pineux : 140mg, extrait sec de marron d&rsquo;inde: 37,5mg.<\/p>\n<p>Origine des ingr\u00e9dients : UE\/Non UE.<\/p>\n","protected":false},"featured_media":3076,"template":"","meta":[],"product_brand":[],"product_cat":[23],"product_tag":[],"class_list":{"0":"post-1643","1":"product","2":"type-product","3":"status-publish","4":"has-post-thumbnail","6":"product_cat-conseil","8":"first","9":"instock","10":"purchasable","11":"product-type-simple"},"_links":{"self":[{"href":"https:\/\/neplamarque.com\/index.php?rest_route=\/wp\/v2\/product\/1643","targetHints":{"allow":["GET"]}}],"collection":[{"href":"https:\/\/neplamarque.com\/index.php?rest_route=\/wp\/v2\/product"}],"about":[{"href":"https:\/\/neplamarque.com\/index.php?rest_route=\/wp\/v2\/types\/product"}],"wp:featuredmedia":[{"embeddable":true,"href":"https:\/\/neplamarque.com\/index.php?rest_route=\/wp\/v2\/media\/3076"}],"wp:attachment":[{"href":"https:\/\/neplamarque.com\/index.php?rest_route=%2Fwp%2Fv2%2Fmedia&parent=1643"}],"wp:term":[{"taxonomy":"product_brand","embeddable":true,"href":"https:\/\/neplamarque.com\/index.php?rest_route=%2Fwp%2Fv2%2Fproduct_brand&post=1643"},{"taxonomy":"product_cat","embeddable":true,"href":"https:\/\/neplamarque.com\/index.php?rest_route=%2Fwp%2Fv2%2Fproduct_cat&post=1643"},{"taxonomy":"product_tag","embeddable":true,"href":"https:\/\/neplamarque.com\/index.php?rest_route=%2Fwp%2Fv2%2Fproduct_tag&post=1643"}],"curies":[{"name":"wp","href":"https:\/\/api.w.org\/{rel}","templated":true}]}}