{"id":1641,"date":"2021-01-27T15:07:08","date_gmt":"2021-01-27T15:07:08","guid":{"rendered":"https:\/\/neplamarque.com\/?product=cheveux-ongles-180-60-gel-2gel-jr"},"modified":"2025-01-28T11:22:25","modified_gmt":"2025-01-28T11:22:25","slug":"cheveux-ongles-180-60-gel-2gel-jr","status":"publish","type":"product","link":"https:\/\/neplamarque.com\/?product=cheveux-ongles-180-60-gel-2gel-jr","title":{"rendered":"Cheveux &#038; Ongles &#8211; (240 g\u00e9l) (2g\u00e9l\/jr)"},"content":{"rendered":"<ul>\n<li><strong>Fabriqu\u00e9 en France.<\/strong><\/li>\n<li>G\u00e9lules \u00e0 base d&rsquo;acides amin\u00e9s, de vitamines et de zinc.<\/li>\n<li>2 g\u00e9lules par jour \u00e0 prendre avec un grand verre d&rsquo;eau.<\/li>\n<li>Les compl\u00e9ments alimentaires <strong>doivent \u00eatre utilis\u00e9s dans le cadre d&rsquo;un mode de vie sain<\/strong> et ne pas \u00eatre utilis\u00e9s comme substitut d&rsquo;un r\u00e9gime alimentaire vari\u00e9 et \u00e9quilibr\u00e9.<\/li>\n<li>Ne pas d\u00e9passer la dose journali\u00e8re recommand\u00e9e.<\/li>\n<li>Tenir hors de port\u00e9e des enfants. En cas de traitement, de grossesse ou d\u2019allaitement, demandez conseil \u00e0 votre m\u00e9decin ou \u00e0 votre pharmacien.<\/li>\n<li>R\u00e9serv\u00e9 aux adultes.<\/li>\n<li>A conserver \u00e0 l&rsquo;abri de la lumi\u00e8re, de la chaleur et de l&rsquo;humidit\u00e9. R\u00e9serv\u00e9 aux adultes.<\/li>\n<li>Ingr\u00e9dients :L-Cystine, enveloppe d&rsquo;origine v\u00e9g\u00e9tale (hydroxypropylmethylcellulose), agent de charge (Cellulose microcristalline), L-Methionine, Pantoth\u00e9nate de calcium (vitamine B5), oyxyde de zinc, antiagglom\u00e9rant (st\u00e9arate de magn\u00e9sium), chlorohydrate de pyrixodyne (vitamine B6), cholecalcif\u00e9rol (vitamine D3), Biotine (vitamine B8), acide folique (vitamine B9).<\/li>\n<li>POIDS NET : 90.24g<\/li>\n<\/ul>\n","protected":false},"excerpt":{"rendered":"<p>Compl\u00e9ment alimentaire pour cheveux et ongles normaux.<\/p>\n<p>La vitamine B6 contribue \u00e0 r\u00e9duire la fatigue ainsi qu&rsquo;\u00e0 maintenir un m\u00e9tabolisme \u00e9nerg\u00e9tique normal.<\/p>\n<p>La biotine et le zinc conservent la force et la vitalit\u00e9 de vos cheveux et ongles.<\/p>\n<p>Le zinc prot\u00e8ge les cellules contre le stress oxydatif.<\/p>\n<p><strong>PROGRAMME INTENSIF de 4 mois. \u00a0Bo\u00eete de 240 g\u00e9lules.<\/strong><\/p>\n<p>Informations nutritionnelles :\u00a0 \u00a0 \u00a0 \u00a0 \u00a0 \u00a0 \u00a0 \u00a0 \u00a0 \u00a0 pour 2 g\u00e9lules\u00a0 \u00a0 \u00a0 \u00a0 \u00a0 \u00a0%VNR*<\/p>\n<p>Vitamine D3\u00a0 \u00a0 \u00a0 \u00a0 \u00a0 \u00a0 \u00a0 \u00a0 \u00a0 \u00a0 \u00a0 \u00a0 \u00a0 \u00a0 \u00a0 \u00a0 \u00a0 \u00a0 \u00a0 \u00a0 \u00a0 \u00a0 \u00a0 \u00a0 \u00a0 \u00a0 \u00a0 \u00a0 \u00a0 \u00a0 \u00a0 5\u03bcg\u00a0 \u00a0 \u00a0 \u00a0 \u00a0 \u00a0 \u00a0 \u00a0 \u00a0 \u00a0 \u00a0 \u00a0 \u00a0 \u00a0 \u00a0100%<\/p>\n<p>Vitamine B6\u00a0 \u00a0 \u00a0 \u00a0 \u00a0 \u00a0 \u00a0 \u00a0 \u00a0 \u00a0 \u00a0 \u00a0 \u00a0 \u00a0 \u00a0 \u00a0 \u00a0 \u00a0 \u00a0 \u00a0 \u00a0 \u00a0 \u00a0 \u00a0 \u00a0 \u00a0 \u00a0 \u00a0 \u00a0 \u00a0 \u00a0 2 mg\u00a0 \u00a0 \u00a0 \u00a0 \u00a0 \u00a0 \u00a0 \u00a0 \u00a0 \u00a0 \u00a0 \u00a0 \u00a0 \u00a0 143%<\/p>\n<p>Acide folique (vit B9)\u00a0 \u00a0 \u00a0 \u00a0 \u00a0 \u00a0 \u00a0 \u00a0 \u00a0 \u00a0 \u00a0 \u00a0 \u00a0 \u00a0 \u00a0 \u00a0 \u00a0 \u00a0 \u00a0 \u00a0 \u00a0200\u03bcg\u00a0 \u00a0 \u00a0 \u00a0 \u00a0 \u00a0 \u00a0 \u00a0 \u00a0 \u00a0 \u00a0 \u00a0 \u00a0 100%<\/p>\n<p>Biotine (vit B8)\u00a0 \u00a0 \u00a0 \u00a0 \u00a0 \u00a0 \u00a0 \u00a0 \u00a0 \u00a0 \u00a0 \u00a0 \u00a0 \u00a0 \u00a0 \u00a0 \u00a0 \u00a0 \u00a0 \u00a0 \u00a0 \u00a0 \u00a0 \u00a0 \u00a0 \u00a0 \u00a0450\u03bcg\u00a0 \u00a0 \u00a0 \u00a0 \u00a0 \u00a0 \u00a0 \u00a0 \u00a0 \u00a0 \u00a0 \u00a0 \u00a0 \u00a0900%<\/p>\n<p>Acide pantoth\u00e9nique (vit B5)\u00a0 \u00a0 \u00a0 \u00a0 \u00a0 \u00a0 \u00a0 \u00a0 \u00a0 \u00a0 \u00a0 \u00a0 18mg\u00a0 \u00a0 \u00a0 \u00a0 \u00a0 \u00a0 \u00a0 \u00a0 \u00a0 \u00a0 \u00a0 \u00a0 \u00a0 \u00a0 300%<\/p>\n<p>Zinc\u00a0 \u00a0 \u00a0 \u00a0 \u00a0 \u00a0 \u00a0 \u00a0 \u00a0 \u00a0 \u00a0 \u00a0 \u00a0 \u00a0 \u00a0 \u00a0 \u00a0 \u00a0 \u00a0 \u00a0 \u00a0 \u00a0 \u00a0 \u00a0 \u00a0 \u00a0 \u00a0 \u00a0 \u00a0 \u00a0 \u00a0 \u00a0 \u00a0 \u00a0 \u00a0 \u00a0 \u00a0 \u00a0 \u00a015mg\u00a0 \u00a0 \u00a0 \u00a0 \u00a0 \u00a0 \u00a0 \u00a0 \u00a0 \u00a0 \u00a0 \u00a0 \u00a0 \u00a0 \u00a0150%<\/p>\n<p>L-Cystine\u00a0 \u00a0 \u00a0 \u00a0 \u00a0 \u00a0 \u00a0 \u00a0 \u00a0 \u00a0 \u00a0 \u00a0 \u00a0 \u00a0 \u00a0 \u00a0 \u00a0 \u00a0 \u00a0 \u00a0 \u00a0 \u00a0 \u00a0 \u00a0 \u00a0 \u00a0 \u00a0 \u00a0 \u00a0 \u00a0 \u00a0 \u00a0 \u00a0 300mg<\/p>\n<p>L-M\u00e9thionine\u00a0 \u00a0 \u00a0 \u00a0 \u00a0 \u00a0 \u00a0 \u00a0 \u00a0 \u00a0 \u00a0 \u00a0 \u00a0 \u00a0 \u00a0 \u00a0 \u00a0 \u00a0 \u00a0 \u00a0 \u00a0 \u00a0 \u00a0 \u00a0 \u00a0 \u00a0 \u00a0 \u00a0 100mg<\/p>\n<p><strong>Enveloppe 100% d\u2019origine v\u00e9g\u00e9tale.<\/strong><\/p>\n<p>Origine des ingr\u00e9dients : UE\/Non UE.<\/p>\n<p>&nbsp;<\/p>\n","protected":false},"featured_media":3472,"template":"","meta":[],"product_brand":[],"product_cat":[23],"product_tag":[],"class_list":{"0":"post-1641","1":"product","2":"type-product","3":"status-publish","4":"has-post-thumbnail","6":"product_cat-conseil","8":"first","9":"instock","10":"purchasable","11":"product-type-simple"},"_links":{"self":[{"href":"https:\/\/neplamarque.com\/index.php?rest_route=\/wp\/v2\/product\/1641","targetHints":{"allow":["GET"]}}],"collection":[{"href":"https:\/\/neplamarque.com\/index.php?rest_route=\/wp\/v2\/product"}],"about":[{"href":"https:\/\/neplamarque.com\/index.php?rest_route=\/wp\/v2\/types\/product"}],"wp:featuredmedia":[{"embeddable":true,"href":"https:\/\/neplamarque.com\/index.php?rest_route=\/wp\/v2\/media\/3472"}],"wp:attachment":[{"href":"https:\/\/neplamarque.com\/index.php?rest_route=%2Fwp%2Fv2%2Fmedia&parent=1641"}],"wp:term":[{"taxonomy":"product_brand","embeddable":true,"href":"https:\/\/neplamarque.com\/index.php?rest_route=%2Fwp%2Fv2%2Fproduct_brand&post=1641"},{"taxonomy":"product_cat","embeddable":true,"href":"https:\/\/neplamarque.com\/index.php?rest_route=%2Fwp%2Fv2%2Fproduct_cat&post=1641"},{"taxonomy":"product_tag","embeddable":true,"href":"https:\/\/neplamarque.com\/index.php?rest_route=%2Fwp%2Fv2%2Fproduct_tag&post=1641"}],"curies":[{"name":"wp","href":"https:\/\/api.w.org\/{rel}","templated":true}]}}