{"id":1639,"date":"2021-01-27T15:07:08","date_gmt":"2021-01-27T15:07:08","guid":{"rendered":"https:\/\/neplamarque.com\/?product=articulations-60-cpr"},"modified":"2024-04-10T08:37:10","modified_gmt":"2024-04-10T08:37:10","slug":"articulations-60-cpr","status":"publish","type":"product","link":"https:\/\/neplamarque.com\/?product=articulations-60-cpr","title":{"rendered":"Articulations &#8211; (60 g\u00e9lules)"},"content":{"rendered":"<ul>\n<li><strong>Fabriqu\u00e9 en France<\/strong><\/li>\n<li>Contient du Curcuma, d\u2019extrait de Bambou et d\u2019Harpagophytum.<\/li>\n<li>Boite de 60 g\u00e9lules.<\/li>\n<li>2 g\u00e9lules \u00e0 avaler le matin avec un grand verre d\u2019eau.<\/li>\n<li><strong>Ne pas d\u00e9passer la dose journali\u00e8re recommand\u00e9e<\/strong>.<\/li>\n<li>Les compl\u00e9ments alimentaires doivent \u00eatre utilis\u00e9s dans le cadre d\u2019un mode de vie sain et ne pas \u00eatre utilis\u00e9s comme substituts d\u2019un r\u00e9gime alimentaire vari\u00e9 et \u00e9quilibr\u00e9<\/li>\n<li>D\u00e9conseill\u00e9 aux femmes enceintes ainsi que chez les femmes allaitantes.<\/li>\n<li>R\u00e9serv\u00e9 \u00e0 l&rsquo;adulte.<\/li>\n<li><em><strong>GARDER HORS DE PORTEE DES ENFANTS<\/strong><\/em>.<\/li>\n<li>A conserver \u00e0 l&rsquo;abri de la lumi\u00e8re, de la chaleur et de l&rsquo;humidit\u00e9.<\/li>\n<li>Ingr\u00e9dients : Extrait de racine d&rsquo;harpagophytum (Harpagophytum procumbens D.), poudre de racine de curcuma (Curcuma nga L.), enveloppe de la g\u00e9lule : hydroxypropylm\u00e9thylcellulose, extrait d&rsquo;exsudat de bambou (Bambusa bambos (L.) Voss), extrait de rhizome de curcuma (Curcuma longa L.).<\/li>\n<li>Poids net : 24,90g.<\/li>\n<\/ul>\n","protected":false},"excerpt":{"rendered":"<p>Compl\u00e9ment alimentaire \u00e0 base de plantes.<\/p>\n<p>Le Curcuma aide \u00e0 maintenir la sant\u00e9 des articulations et des os.<\/p>\n<p>L&rsquo;extrait de Bambou favorise le confort articulaire et contribue \u00e0 la sant\u00e9 osseuse.<\/p>\n<p>L&rsquo;Harpagophytum aide \u00e0 renforcer le syst\u00e8me locomoteur du corps et favorise la flexibilit\u00e9 des articulations.<\/p>\n<p>L&#8217;emploi est d\u00e9conseill\u00e9 chez les personnes sous anticoagulants et en cas d&rsquo;ulc\u00e8re gastrique ou duod\u00e9nal ou de calculs biliaires.<\/p>\n<p>Quantit\u00e9 par dose journali\u00e8re recommand\u00e9e ( 2 g\u00e9lules) : Extrait d&rsquo;harpagophytum : 300mg, extrait de bambou : 120mg dont silice : 90 mg, extrait de curcuma : 100 mg dont curcumine : 80 mg, poudre de curcuma : 160 mg dont curcumine : 3,2 mg<\/p>\n<p>Origine des ingr\u00e9dients non UE.<\/p>\n","protected":false},"featured_media":3010,"template":"","meta":[],"product_brand":[],"product_cat":[23],"product_tag":[],"class_list":{"0":"post-1639","1":"product","2":"type-product","3":"status-publish","4":"has-post-thumbnail","6":"product_cat-conseil","8":"first","9":"instock","10":"purchasable","11":"product-type-simple"},"_links":{"self":[{"href":"https:\/\/neplamarque.com\/index.php?rest_route=\/wp\/v2\/product\/1639","targetHints":{"allow":["GET"]}}],"collection":[{"href":"https:\/\/neplamarque.com\/index.php?rest_route=\/wp\/v2\/product"}],"about":[{"href":"https:\/\/neplamarque.com\/index.php?rest_route=\/wp\/v2\/types\/product"}],"wp:featuredmedia":[{"embeddable":true,"href":"https:\/\/neplamarque.com\/index.php?rest_route=\/wp\/v2\/media\/3010"}],"wp:attachment":[{"href":"https:\/\/neplamarque.com\/index.php?rest_route=%2Fwp%2Fv2%2Fmedia&parent=1639"}],"wp:term":[{"taxonomy":"product_brand","embeddable":true,"href":"https:\/\/neplamarque.com\/index.php?rest_route=%2Fwp%2Fv2%2Fproduct_brand&post=1639"},{"taxonomy":"product_cat","embeddable":true,"href":"https:\/\/neplamarque.com\/index.php?rest_route=%2Fwp%2Fv2%2Fproduct_cat&post=1639"},{"taxonomy":"product_tag","embeddable":true,"href":"https:\/\/neplamarque.com\/index.php?rest_route=%2Fwp%2Fv2%2Fproduct_tag&post=1639"}],"curies":[{"name":"wp","href":"https:\/\/api.w.org\/{rel}","templated":true}]}}