{"id":1637,"date":"2021-01-27T15:07:08","date_gmt":"2021-01-27T15:07:08","guid":{"rendered":"https:\/\/neplamarque.com\/?product=arnica-50-ml"},"modified":"2023-05-12T13:12:03","modified_gmt":"2023-05-12T13:12:03","slug":"arnica-50-ml","status":"publish","type":"product","link":"https:\/\/neplamarque.com\/?product=arnica-50-ml","title":{"rendered":"Arnica &#8211; (50 mL)"},"content":{"rendered":"<ul>\n<li><strong>Fabrication fran\u00e7aise.<\/strong><\/li>\n<li>Test\u00e9 sous contr\u00f4le dermatologique.<\/li>\n<li><strong>Huile essentielle.<\/strong> Extrait d&rsquo;arnica et huile essentielle de gaulth\u00e9rie (wintergreen) et bisabolol.<\/li>\n<li>1 tube de 50 ml.<\/li>\n<li>Appliquer sur la zone concern\u00e9e et faire p\u00e9n\u00e9trer en massant l\u00e9g\u00e8rement. Renouveler l&rsquo;application une heure plus tard, puis 3 \u00e0 4 fois par jour jusqu&rsquo;\u00e0 compl\u00e8te disparition.<\/li>\n<li><strong> Ne pas avaler. Usage externe. <\/strong><\/li>\n<li><strong>Ne pas utiliser chez les enfants de moins de 36 mois.<\/strong><\/li>\n<li>Ne pas appliquer sur les yeux et les muqueuses. Tenir \u00e0 l&rsquo;abri de la chaleur.<\/li>\n<li>Ingr\u00e9dients : AQUA, COCO-CAPRYLATE \/ CAPRATE, OCTYLDODECANOL, PRUNUS AMYGDALUS DULCIS OIL, GLYCERIN, PROPYLENE GLYCOL, HYDROXYETHYL ACRYLATE \/ SODIUM, ACRYLOYLDIMETHYL TAURATE COPOLYMER, PHENOXYETHANOL, ISOHEXADECANE, ARNICA MONTANA FLOWER EXTRACT, ACRYLATES \/ C10-30 ALKYL ACRYLATE CROSSPOLYMER, TOCOPHERYL ACETATE, POLYSORBATE 60, POTASSIUM SORBATE, DISODIUM EDTA, ETHYLHEXYLGLYCERIN, BISABOLOL, GAULTHERIA PROCUMBENS LEAF OIL, SODIUM HYDROXIDE.<\/li>\n<\/ul>\n","protected":false},"excerpt":{"rendered":"<p>Gel-cr\u00e8me \u00e0 base d\u2019extrait <strong>d\u2019Arnica<\/strong> soulage et aide la peau \u00e0 retrouver une apparence normale apr\u00e8s un choc.<\/p>\n<p>Test\u00e9 sous contr\u00f4le dermatologique.<\/p>\n<p>Ne convient pas aux enfants de moins de 36 mois, aux femmes enceintes et allaitantes.<\/p>\n<p>Ne pas appliquer sur les plaies, les muqueuses et les yeux.<\/p>\n<p><strong>Fabrication fran\u00e7aise.\u00a0<\/strong><\/p>\n","protected":false},"featured_media":2836,"template":"","meta":[],"product_brand":[],"product_cat":[23],"product_tag":[],"class_list":{"0":"post-1637","1":"product","2":"type-product","3":"status-publish","4":"has-post-thumbnail","6":"product_cat-conseil","8":"first","9":"instock","10":"purchasable","11":"product-type-simple"},"_links":{"self":[{"href":"https:\/\/neplamarque.com\/index.php?rest_route=\/wp\/v2\/product\/1637","targetHints":{"allow":["GET"]}}],"collection":[{"href":"https:\/\/neplamarque.com\/index.php?rest_route=\/wp\/v2\/product"}],"about":[{"href":"https:\/\/neplamarque.com\/index.php?rest_route=\/wp\/v2\/types\/product"}],"wp:featuredmedia":[{"embeddable":true,"href":"https:\/\/neplamarque.com\/index.php?rest_route=\/wp\/v2\/media\/2836"}],"wp:attachment":[{"href":"https:\/\/neplamarque.com\/index.php?rest_route=%2Fwp%2Fv2%2Fmedia&parent=1637"}],"wp:term":[{"taxonomy":"product_brand","embeddable":true,"href":"https:\/\/neplamarque.com\/index.php?rest_route=%2Fwp%2Fv2%2Fproduct_brand&post=1637"},{"taxonomy":"product_cat","embeddable":true,"href":"https:\/\/neplamarque.com\/index.php?rest_route=%2Fwp%2Fv2%2Fproduct_cat&post=1637"},{"taxonomy":"product_tag","embeddable":true,"href":"https:\/\/neplamarque.com\/index.php?rest_route=%2Fwp%2Fv2%2Fproduct_tag&post=1637"}],"curies":[{"name":"wp","href":"https:\/\/api.w.org\/{rel}","templated":true}]}}