{"id":1629,"date":"2021-01-27T15:07:08","date_gmt":"2021-01-27T15:07:08","guid":{"rendered":"https:\/\/neplamarque.com\/?product=shampoing-kids-a-laloe-vera-200-ml"},"modified":"2023-10-20T14:19:44","modified_gmt":"2023-10-20T14:19:44","slug":"shampoing-kids-a-laloe-vera-200-ml","status":"publish","type":"product","link":"https:\/\/neplamarque.com\/?product=shampoing-kids-a-laloe-vera-200-ml","title":{"rendered":"Shampoing kids \u00e0 l&rsquo;alo\u00e9 vera &#8211; (200 mL)"},"content":{"rendered":"<ul>\n<li><strong>Fabriqu\u00e9 en France.<\/strong><\/li>\n<li><strong>Test\u00e9 sous contr\u00f4le dermatologique.<\/strong><\/li>\n<li>Senteur poire.<\/li>\n<li><strong>Bonne note Yuka (58%). <\/strong><\/li>\n<li>Contient de l\u2019alo\u00e9 vera.<\/li>\n<li>Tube de 200 ml.<\/li>\n<li>Sur cheveux mouill\u00e9s, prendre, l&rsquo;\u00e9quivalent <strong>d\u2019une noix<\/strong> de shampooing dans le creux de la main et la r\u00e9partir sur l\u2019ensemble des cheveux.<\/li>\n<li>Masser le cuir chevelu pour faire mousser. Laisser en contact une minute et ensuite bien rincer.<\/li>\n<li>En cas de contact avec les yeux, pour \u00e9viter tous picotements, <strong>rincer abondamment. <\/strong><\/li>\n<li><strong>NE PAS UTILISER LE SHAMPOOING CHEZ LES ENFANTS EN DESSOUS DE 3 ANS. <\/strong><\/li>\n<li>Ingr\u00e9dients : AQUA (WATER), SODIUM LAURETH SULFATE, PEG-7 GLYCERYL COCOATE, DISODIUM COCOAMPHODIACETATE, COCAMIDOPROPYL, HYDROXYSULTAINE, SODIUM CHLORIDE, GLYCERIN, METHYL GLUCETH-20, PARFUM (FRAGRANCE), PEG-200 HYDROGENATED GLYCERYL PALMATE, CITRIC ACID, PEG-40 HYDROGENATED CASTOR OIL, CALENDULA OFFICINALIS FLOWER EXTRACT, SODIUM GLYCOLATE, SODIUM BENZOATE, ALOE BARBADENSIS LEAF JUICE, PYRUS COMMUNIS (PEAR) FRUIT EXTRACT, POTASSIUM SORBATE, HEXYL CINNAMAL.<\/li>\n<\/ul>\n","protected":false},"excerpt":{"rendered":"<p>Shampoing <strong>kids \u00e0 l&rsquo;alo\u00e9 V\u00e9ra<\/strong>, senteur poire.<\/p>\n<p><strong>Recommand\u00e9 pour les enfants de plus de 3 ans.<\/strong><\/p>\n<p><strong>Test\u00e9 sous contr\u00f4le dermatologique..\u00a0<\/strong><\/p>\n","protected":false},"featured_media":2903,"template":"","meta":[],"product_brand":[],"product_cat":[20],"product_tag":[],"class_list":{"0":"post-1629","1":"product","2":"type-product","3":"status-publish","4":"has-post-thumbnail","6":"product_cat-douche","8":"first","9":"instock","10":"purchasable","11":"product-type-simple"},"_links":{"self":[{"href":"https:\/\/neplamarque.com\/index.php?rest_route=\/wp\/v2\/product\/1629","targetHints":{"allow":["GET"]}}],"collection":[{"href":"https:\/\/neplamarque.com\/index.php?rest_route=\/wp\/v2\/product"}],"about":[{"href":"https:\/\/neplamarque.com\/index.php?rest_route=\/wp\/v2\/types\/product"}],"wp:featuredmedia":[{"embeddable":true,"href":"https:\/\/neplamarque.com\/index.php?rest_route=\/wp\/v2\/media\/2903"}],"wp:attachment":[{"href":"https:\/\/neplamarque.com\/index.php?rest_route=%2Fwp%2Fv2%2Fmedia&parent=1629"}],"wp:term":[{"taxonomy":"product_brand","embeddable":true,"href":"https:\/\/neplamarque.com\/index.php?rest_route=%2Fwp%2Fv2%2Fproduct_brand&post=1629"},{"taxonomy":"product_cat","embeddable":true,"href":"https:\/\/neplamarque.com\/index.php?rest_route=%2Fwp%2Fv2%2Fproduct_cat&post=1629"},{"taxonomy":"product_tag","embeddable":true,"href":"https:\/\/neplamarque.com\/index.php?rest_route=%2Fwp%2Fv2%2Fproduct_tag&post=1629"}],"curies":[{"name":"wp","href":"https:\/\/api.w.org\/{rel}","templated":true}]}}