{"id":1621,"date":"2021-01-27T15:07:08","date_gmt":"2021-01-27T15:07:08","guid":{"rendered":"https:\/\/neplamarque.com\/?product=shampoing-antipelliculaire-200-ml"},"modified":"2023-10-20T10:21:26","modified_gmt":"2023-10-20T10:21:26","slug":"shampoing-antipelliculaire-200-ml","status":"publish","type":"product","link":"https:\/\/neplamarque.com\/?product=shampoing-antipelliculaire-200-ml","title":{"rendered":"Shampoing antipelliculaire &#8211; (200 mL)"},"content":{"rendered":"<ul>\n<li><strong>Fabriqu\u00e9 en France.<\/strong><\/li>\n<li>Convient \u00e0 toute la famille <strong> (\u00e0 partir de 3 ans)<\/strong>.<\/li>\n<li>Contient 0,2% de piroctone olamine.<\/li>\n<li>Tube de 200 ml.<\/li>\n<li>Sur cheveux mouill\u00e9s, prendre, l&rsquo;\u00e9quivalent <strong>d\u2019une noix<\/strong> de shampooing dans le creux de la main et la r\u00e9partir sur l\u2019ensemble des cheveux.<\/li>\n<li>Masser le cuir chevelu pour faire mousser. Laisser en contact <strong>une minute et ensuite bien rincer. <\/strong><\/li>\n<li>En cas de contact avec les yeux, pour \u00e9viter tous picotements, <strong>rincer abondamment. <\/strong><\/li>\n<li><strong>NE PAS UTILISER LE SHAMPOOING CHEZ LES ENFANTS EN DESSOUS DE 3 ANS. <\/strong><\/li>\n<li>Ingr\u00e9dients : Aqua, Sodium Laureth Sulfate, Cocamidopropyl Betaine, Laureth-3, Sodium Chloride, Parfum, Citric Acid, Sodium Benzoate, Glycol Distearate, Piroctone Olamine, Laureth-4, Potassium Sorbate, Polyquater-nium-10, Glycerin, Mimosa Tenuiflora Bark Extract, Benzoic Acid, Sodium Hydroxide, CI 42090, CI 17200.<\/li>\n<\/ul>\n","protected":false},"excerpt":{"rendered":"<p>Shampooing<strong> antipelliculaire <\/strong>contribue \u00e0 l\u2019\u00e9limination des pellicules existantes et pr\u00e9vient leur r\u00e9apparition.<\/p>\n<p>Nettoie en douceur et respecte les cheveux et le cuir chevelu.<\/p>\n<p>Convient \u00e0 tous les types de cheveux.<\/p>\n","protected":false},"featured_media":3150,"template":"","meta":[],"product_brand":[],"product_cat":[20],"product_tag":[],"class_list":{"0":"post-1621","1":"product","2":"type-product","3":"status-publish","4":"has-post-thumbnail","6":"product_cat-douche","8":"first","9":"instock","10":"purchasable","11":"product-type-simple"},"_links":{"self":[{"href":"https:\/\/neplamarque.com\/index.php?rest_route=\/wp\/v2\/product\/1621","targetHints":{"allow":["GET"]}}],"collection":[{"href":"https:\/\/neplamarque.com\/index.php?rest_route=\/wp\/v2\/product"}],"about":[{"href":"https:\/\/neplamarque.com\/index.php?rest_route=\/wp\/v2\/types\/product"}],"wp:featuredmedia":[{"embeddable":true,"href":"https:\/\/neplamarque.com\/index.php?rest_route=\/wp\/v2\/media\/3150"}],"wp:attachment":[{"href":"https:\/\/neplamarque.com\/index.php?rest_route=%2Fwp%2Fv2%2Fmedia&parent=1621"}],"wp:term":[{"taxonomy":"product_brand","embeddable":true,"href":"https:\/\/neplamarque.com\/index.php?rest_route=%2Fwp%2Fv2%2Fproduct_brand&post=1621"},{"taxonomy":"product_cat","embeddable":true,"href":"https:\/\/neplamarque.com\/index.php?rest_route=%2Fwp%2Fv2%2Fproduct_cat&post=1621"},{"taxonomy":"product_tag","embeddable":true,"href":"https:\/\/neplamarque.com\/index.php?rest_route=%2Fwp%2Fv2%2Fproduct_tag&post=1621"}],"curies":[{"name":"wp","href":"https:\/\/api.w.org\/{rel}","templated":true}]}}