{"id":1613,"date":"2021-01-27T15:07:08","date_gmt":"2021-01-27T15:07:08","guid":{"rendered":"https:\/\/neplamarque.com\/?product=gel-intime-a-lextrait-de-calendula-flacon-pompe-200-ml"},"modified":"2023-10-19T10:25:34","modified_gmt":"2023-10-19T10:25:34","slug":"gel-intime-a-lextrait-de-calendula-flacon-pompe-200-ml","status":"publish","type":"product","link":"https:\/\/neplamarque.com\/?product=gel-intime-a-lextrait-de-calendula-flacon-pompe-200-ml","title":{"rendered":"Gel intime \u00e0 l&rsquo;extrait de calendula &#8211; (flacon 200 mL)"},"content":{"rendered":"<p><strong>Fabriqu\u00e9 en France.<\/strong><\/p>\n<ul>\n<li>Contient du calendula et du bisabolol.<\/li>\n<li>Flacon pompe de 200 ml.<\/li>\n<li><strong>NE PAS AVALER. Usage externe uniquement.<\/strong><\/li>\n<\/ul>\n<div class=\"page\" title=\"Page 1\">\n<div class=\"layoutArea\">\n<div class=\"column\">\n<div class=\"page\" title=\"Page 1\">\n<div class=\"layoutArea\">\n<div class=\"column\">\n<p>Le gel de toilette intime a\u0300 l\u2019extrait de calendula apaisant NEP peut s\u2019utiliser <strong>quotidiennement jusqu\u2019a\u0300 disparition de la ge\u0302ne<\/strong>. Ensuite, utilisez chaque jour le gel de toilette quotidien NEP. En cas de <strong>re\u0301cidive<\/strong> ou de <strong>ge\u0302ne prolonge\u0301e<\/strong>, consultez votre <strong>me\u0301decin<\/strong> ou votre <strong>pharmacien<\/strong>. Usage chez l\u2019adulte.<\/p>\n<p><strong>Ingr\u00e9dients<\/strong> : Aqua (Water), Disodium Cocoamphodiacetate, PEG-7 Glyceryl Cocoate, Sodium Laureth Sulfate, Cocamidopropyl Hydroxysultaine, PEG-200 Hydrogenated Glyceryl Palmate, Glycerin, Calendula Officinalis Flower Extract, Propylene Glycol, Sodium Chloride, Dmdm Hydantoin, Sorbitol, Sodium PCA, Bisabolol, Sodium Lactate, Farnesol, Caprylyl Glycol.<\/p>\n<\/div>\n<\/div>\n<\/div>\n<\/div>\n<\/div>\n<\/div>\n","protected":false},"excerpt":{"rendered":"<div class=\"page\" title=\"Page 1\">\n<div class=\"layoutArea\">\n<div class=\"column\">\n<p>Le Gel de toilette intime contient de <strong>l&rsquo;extrait de Calendula et du Bisabolol<\/strong>, qui sont des actifs aux proprie\u0301te\u0301s <strong>apaisantes<\/strong>. Il inte\u0300gre e\u0301galement a\u0300 sa formule un <strong>agent hydratant<\/strong> des couches supe\u0301rieures de l&rsquo;e\u0301piderme (PCA).<\/p>\n<\/div>\n<\/div>\n<\/div>\n<div class=\"page\" title=\"Page 1\">\n<div class=\"layoutArea\">\n<div class=\"column\">\n<p>Sa base lavante tre\u0300s douce garantit une hygie\u0300ne parfaite, tout en respectant les peaux fragiles.<\/p>\n<p>Adapte\u0301 \u00e0 tous types de peaux, m\u00eame les plus sensibles.<\/p>\n<p>Faire mousser le gel avec un peu d\u2019eau, appliquer puis rincer. Peut s&rsquo;utiliser\u00a0<strong>quotidiennement jusqu&rsquo;\u00e0 disparition de la g\u00eane<\/strong>.<\/p>\n<\/div>\n<\/div>\n<\/div>\n<p><strong>Tes<\/strong><strong>t\u00e9 sous contr\u00f4le gyn\u00e9cologique.<\/strong><\/p>\n<p>&nbsp;<\/p>\n","protected":false},"featured_media":2899,"template":"","meta":[],"product_brand":[],"product_cat":[20],"product_tag":[],"class_list":{"0":"post-1613","1":"product","2":"type-product","3":"status-publish","4":"has-post-thumbnail","6":"product_cat-douche","8":"first","9":"instock","10":"purchasable","11":"product-type-simple"},"_links":{"self":[{"href":"https:\/\/neplamarque.com\/index.php?rest_route=\/wp\/v2\/product\/1613","targetHints":{"allow":["GET"]}}],"collection":[{"href":"https:\/\/neplamarque.com\/index.php?rest_route=\/wp\/v2\/product"}],"about":[{"href":"https:\/\/neplamarque.com\/index.php?rest_route=\/wp\/v2\/types\/product"}],"wp:featuredmedia":[{"embeddable":true,"href":"https:\/\/neplamarque.com\/index.php?rest_route=\/wp\/v2\/media\/2899"}],"wp:attachment":[{"href":"https:\/\/neplamarque.com\/index.php?rest_route=%2Fwp%2Fv2%2Fmedia&parent=1613"}],"wp:term":[{"taxonomy":"product_brand","embeddable":true,"href":"https:\/\/neplamarque.com\/index.php?rest_route=%2Fwp%2Fv2%2Fproduct_brand&post=1613"},{"taxonomy":"product_cat","embeddable":true,"href":"https:\/\/neplamarque.com\/index.php?rest_route=%2Fwp%2Fv2%2Fproduct_cat&post=1613"},{"taxonomy":"product_tag","embeddable":true,"href":"https:\/\/neplamarque.com\/index.php?rest_route=%2Fwp%2Fv2%2Fproduct_tag&post=1613"}],"curies":[{"name":"wp","href":"https:\/\/api.w.org\/{rel}","templated":true}]}}