{"id":1597,"date":"2021-01-27T15:06:57","date_gmt":"2021-01-27T15:06:57","guid":{"rendered":"https:\/\/neplamarque.com\/?product=apres-shampoing-200-ml"},"modified":"2023-07-24T14:25:17","modified_gmt":"2023-07-24T14:25:17","slug":"apres-shampoing-200-ml","status":"publish","type":"product","link":"https:\/\/neplamarque.com\/?product=apres-shampoing-200-ml","title":{"rendered":"Apr\u00e8s-shampoing &#8211; (200 mL)"},"content":{"rendered":"<ul>\n<li><strong>Fabriqu\u00e9 en France.<\/strong><\/li>\n<li><strong>Test\u00e9 sous contr\u00f4le dermatologique<\/strong><\/li>\n<li>Contient du beurre de karit\u00e9 et de l\u2019huile d\u2019argan.<\/li>\n<li>Tube de 200 ml.<\/li>\n<li>Appliquer Nep apr\u00e8s-shampooing, <strong>apr\u00e8s chaque shampooing<\/strong>, sur les cheveux mouill\u00e9s. R\u00e9partir uniform\u00e9ment sur toute la chevelure.<\/li>\n<li>Laisser agir<strong> quelques minutes<\/strong> puis rincer soigneusement et abondamment.<\/li>\n<li>En cas de contact avec les yeux, pour \u00e9viter tous picotements, <strong>rincer abondamment. <\/strong><\/li>\n<li><strong>NE PAS UTILISER LE SHAMPOOING CHEZ LES ENFANTS EN DESSOUS DE 3 ANS. <\/strong><\/li>\n<li>Ingr\u00e9dients : Aqua, Cetearyl alcohol, Cetyl alcohol, Cetrimonium chloride, Cyclopentasiloxane, Ceteareth-33, Parfum, Dimethiconol, Butyrospermum Parkii Butter, Argania spinosa kernel oil, Paraffinum liquidum, Benzophenone-4, Disodium EDTA, Citric acid, Argania spinosa extract, CI 19140, Methylchloroisothiazolinone &amp; Methylisothiazolinone, Hydrogen peroxide, Potassium chloride, CI 14700<\/li>\n<\/ul>\n","protected":false},"excerpt":{"rendered":"<p>Facilite le d\u00e9m\u00ealage gr\u00e2ce \u00e0 son association de silicone.<\/p>\n<p><strong>Test\u00e9 sous contr\u00f4le dermatologique. <\/strong><\/p>\n<p><strong>Fabriqu\u00e9 en France.<\/strong><\/p>\n","protected":false},"featured_media":3145,"template":"","meta":[],"product_brand":[],"product_cat":[20],"product_tag":[],"class_list":{"0":"post-1597","1":"product","2":"type-product","3":"status-publish","4":"has-post-thumbnail","6":"product_cat-douche","8":"first","9":"instock","10":"purchasable","11":"product-type-simple"},"_links":{"self":[{"href":"https:\/\/neplamarque.com\/index.php?rest_route=\/wp\/v2\/product\/1597","targetHints":{"allow":["GET"]}}],"collection":[{"href":"https:\/\/neplamarque.com\/index.php?rest_route=\/wp\/v2\/product"}],"about":[{"href":"https:\/\/neplamarque.com\/index.php?rest_route=\/wp\/v2\/types\/product"}],"wp:featuredmedia":[{"embeddable":true,"href":"https:\/\/neplamarque.com\/index.php?rest_route=\/wp\/v2\/media\/3145"}],"wp:attachment":[{"href":"https:\/\/neplamarque.com\/index.php?rest_route=%2Fwp%2Fv2%2Fmedia&parent=1597"}],"wp:term":[{"taxonomy":"product_brand","embeddable":true,"href":"https:\/\/neplamarque.com\/index.php?rest_route=%2Fwp%2Fv2%2Fproduct_brand&post=1597"},{"taxonomy":"product_cat","embeddable":true,"href":"https:\/\/neplamarque.com\/index.php?rest_route=%2Fwp%2Fv2%2Fproduct_cat&post=1597"},{"taxonomy":"product_tag","embeddable":true,"href":"https:\/\/neplamarque.com\/index.php?rest_route=%2Fwp%2Fv2%2Fproduct_tag&post=1597"}],"curies":[{"name":"wp","href":"https:\/\/api.w.org\/{rel}","templated":true}]}}