{"id":1583,"date":"2021-01-27T15:06:57","date_gmt":"2021-01-27T15:06:57","guid":{"rendered":"https:\/\/neplamarque.com\/?product=lotion-micellaire-visage-500-ml"},"modified":"2024-07-12T14:51:37","modified_gmt":"2024-07-12T14:51:37","slug":"lotion-micellaire-visage-500-ml","status":"publish","type":"product","link":"https:\/\/neplamarque.com\/?product=lotion-micellaire-visage-500-ml","title":{"rendered":"Lotion micellaire visage &#8211; (500 mL)"},"content":{"rendered":"<ul>\n<li><strong>Fabrication Fran\u00e7aise.\u00a0<\/strong><\/li>\n<li><strong>Hypoallerg\u00e9nique.<\/strong><\/li>\n<li>Sans rin\u00e7age.<\/li>\n<li>Adapt\u00e9 \u00e0 tous types de peaux.<\/li>\n<li><strong>Excellente note Yuka (79%). <\/strong><\/li>\n<li>Flacon de 500 ml.<\/li>\n<li>Appliquer sur un coton ou une compresse non tiss\u00e9e et nettoyer le visage et les yeux jusqu\u2019\u00e0 disparition totale du maquillage.<\/li>\n<li><strong>Ne pas rincer. Ne pas avaler. Eviter l\u2019exposition prolong\u00e9e \u00e0 la chaleur et \u00e0 la lumi\u00e8re.<\/strong><\/li>\n<li><strong>Le produit ne doit pas \u00eatre appliqu\u00e9 sur la muqueuse des yeux,<\/strong><\/li>\n<li><strong>\u00c9viter le contact avec les yeux. En cas de contact avec les yeux rincer soigneusement \u00e0 l\u2019eau.<\/strong><\/li>\n<li>Ne pas utiliser chez les enfants de moins de 3 ans.<\/li>\n<li>Ingr\u00e9dients : AQUA (WATER), PEG-7 GLYCERYL COCOATE, GLYCERIN, POLOXAMER 188, POLYSOR-BATE 20, HEXYLENE GLYCOL, BENZYL ALCOHOL, COCO-GLUCOSIDE, CETRIMONIUM CHLORIDE, DISODIUM COCOAMPHODIACETATE, SODIUM GLUCONATE, SALICYLIC ACID, PARFUM (FRAGRANCE), SODIUM HYDROXIDE, SORBIC ACID.<\/li>\n<\/ul>\n","protected":false},"excerpt":{"rendered":"<p><strong>D\u00e9maquille et Nettoie.<\/strong><\/p>\n<p>La Lotion Micellaire Nep est formul\u00e9e <strong>pour tous les types de peaux m\u00eame les peaux sensibles.<\/strong><\/p>\n<p>Gr\u00e2ce \u00e0 sa texture l\u00e9g\u00e8re et \u00e0 sa formulation douce, nettoie le visage, les yeux et les l\u00e8vres en respectant la peau.<\/p>\n<p>La Lotion Micellaire Nep est formul\u00e9e autour d\u2019une association de tensioactifs\u00a0 doux, qui poss\u00e8de de bonnes propri\u00e9t\u00e9s nettoyantes.<\/p>\n<p>Un d\u00e9riv\u00e9 d&rsquo;acide gras v\u00e9g\u00e9tal permet de nettoyer facilement le maquillage, sans agresser la peau, sans la dess\u00e9cher tout en lui pr\u00e9servant sa souplesse.<\/p>\n<p><strong>Test\u00e9 sous contr\u00f4le dermatologique.\u00a0<\/strong><\/p>\n<p><strong>Fabrication Fran\u00e7aise.\u00a0<\/strong><\/p>\n","protected":false},"featured_media":3351,"template":"","meta":[],"product_brand":[],"product_cat":[19],"product_tag":[],"class_list":{"0":"post-1583","1":"product","2":"type-product","3":"status-publish","4":"has-post-thumbnail","6":"product_cat-cosmetique","8":"first","9":"instock","10":"purchasable","11":"product-type-simple"},"_links":{"self":[{"href":"https:\/\/neplamarque.com\/index.php?rest_route=\/wp\/v2\/product\/1583","targetHints":{"allow":["GET"]}}],"collection":[{"href":"https:\/\/neplamarque.com\/index.php?rest_route=\/wp\/v2\/product"}],"about":[{"href":"https:\/\/neplamarque.com\/index.php?rest_route=\/wp\/v2\/types\/product"}],"wp:featuredmedia":[{"embeddable":true,"href":"https:\/\/neplamarque.com\/index.php?rest_route=\/wp\/v2\/media\/3351"}],"wp:attachment":[{"href":"https:\/\/neplamarque.com\/index.php?rest_route=%2Fwp%2Fv2%2Fmedia&parent=1583"}],"wp:term":[{"taxonomy":"product_brand","embeddable":true,"href":"https:\/\/neplamarque.com\/index.php?rest_route=%2Fwp%2Fv2%2Fproduct_brand&post=1583"},{"taxonomy":"product_cat","embeddable":true,"href":"https:\/\/neplamarque.com\/index.php?rest_route=%2Fwp%2Fv2%2Fproduct_cat&post=1583"},{"taxonomy":"product_tag","embeddable":true,"href":"https:\/\/neplamarque.com\/index.php?rest_route=%2Fwp%2Fv2%2Fproduct_tag&post=1583"}],"curies":[{"name":"wp","href":"https:\/\/api.w.org\/{rel}","templated":true}]}}