{"id":1575,"date":"2021-01-27T15:06:57","date_gmt":"2021-01-27T15:06:57","guid":{"rendered":"https:\/\/neplamarque.com\/?product=creme-pieds-hydra-protection-125-ml"},"modified":"2025-01-28T11:29:37","modified_gmt":"2025-01-28T11:29:37","slug":"creme-pieds-hydra-protection-125-ml","status":"publish","type":"product","link":"https:\/\/neplamarque.com\/?product=creme-pieds-hydra-protection-125-ml","title":{"rendered":"Cr\u00e8me pieds hydra-protection &#8211; (125 mL)"},"content":{"rendered":"<ul>\n<li><strong>Test\u00e9 sous contr\u00f4le dermatologique.<\/strong><strong>\u00a0<\/strong><\/li>\n<li>Facile d\u2019utilisation.<\/li>\n<li><strong>Hydratation 6h. <\/strong><\/li>\n<li>Contient de la glyc\u00e9rine, bisabolol, centella asiatica.<\/li>\n<li>Tube de 125 ml.<\/li>\n<li>Appliquer <strong>matin et soir sur une peau propre et s\u00e8che<\/strong>, pr\u00e9alablement exfoli\u00e9e.<\/li>\n<li>Masser jusqu&rsquo;\u00e0 p\u00e9n\u00e9tration compl\u00e8te, en insistant sur les zones les plus s\u00e8ches et ab\u00eem\u00e9es (Talons, avant de la plante\u2026).<\/li>\n<li><strong> Tenir hors de port\u00e9e des enfants. <\/strong><\/li>\n<li><strong>Eviter tout contact avec les yeux. En cas de contact, rincer \u00e0 l&rsquo;eau froide.<br \/>\n<\/strong><\/li>\n<li>Ne pas appliquer sur les plaies ouvertes. Usage externe.<\/li>\n<li>Ingr\u00e9dients : AQUA, GLYCERIN, COCOS NUCIFERA OIL, BUTYROSPERMUM PARKII OIL, PARAFFINUM LIQUIDUM CORN STARCH MODIFIED, POLYACRYLAMIDE, AMMONIUM ACRYLOYLDIMETHYLTAURATE\/ VP COPOLYMER, ALLANTOIN, MAGNESIUM PCA, C13-14 ISOPARAFFIN, LAURETH-7, TRINOLEIN, TRIOLEIN, TRIPALMITIN, TRILINOLENIN, TRISTEARIN, TRIARACHIDIN, BHT, PROPYLENE GLYCOL, CENTELLA ASIATICA EXTRACT, POLYSORBATE 60, PHENOXYETHANOL, PHENETHYL ALCOHOL, CAPRYLYL GLYCOL, PARFUM, BISABOLOL, FARNESOL.<\/li>\n<\/ul>\n","protected":false},"excerpt":{"rendered":"<p>Soin des pieds tr\u00e8s secs et ab\u00eem\u00e9s.<\/p>\n<p>Hydrate la peau <strong>pendant 6h<\/strong> et pr\u00e9vient l&rsquo;apparition de callosit\u00e9s et rugosit\u00e9s.<\/p>\n<p>R\u00e9pare, renforce et d\u00e9fend la peau contre les agressions.<\/p>\n<p><strong>Test\u00e9 sous contr\u00f4le dermatologique.<\/strong><\/p>\n","protected":false},"featured_media":3474,"template":"","meta":[],"product_brand":[],"product_cat":[19],"product_tag":[],"class_list":{"0":"post-1575","1":"product","2":"type-product","3":"status-publish","4":"has-post-thumbnail","6":"product_cat-cosmetique","8":"first","9":"instock","10":"purchasable","11":"product-type-simple"},"_links":{"self":[{"href":"https:\/\/neplamarque.com\/index.php?rest_route=\/wp\/v2\/product\/1575","targetHints":{"allow":["GET"]}}],"collection":[{"href":"https:\/\/neplamarque.com\/index.php?rest_route=\/wp\/v2\/product"}],"about":[{"href":"https:\/\/neplamarque.com\/index.php?rest_route=\/wp\/v2\/types\/product"}],"wp:featuredmedia":[{"embeddable":true,"href":"https:\/\/neplamarque.com\/index.php?rest_route=\/wp\/v2\/media\/3474"}],"wp:attachment":[{"href":"https:\/\/neplamarque.com\/index.php?rest_route=%2Fwp%2Fv2%2Fmedia&parent=1575"}],"wp:term":[{"taxonomy":"product_brand","embeddable":true,"href":"https:\/\/neplamarque.com\/index.php?rest_route=%2Fwp%2Fv2%2Fproduct_brand&post=1575"},{"taxonomy":"product_cat","embeddable":true,"href":"https:\/\/neplamarque.com\/index.php?rest_route=%2Fwp%2Fv2%2Fproduct_cat&post=1575"},{"taxonomy":"product_tag","embeddable":true,"href":"https:\/\/neplamarque.com\/index.php?rest_route=%2Fwp%2Fv2%2Fproduct_tag&post=1575"}],"curies":[{"name":"wp","href":"https:\/\/api.w.org\/{rel}","templated":true}]}}