{"id":1567,"date":"2021-01-27T15:06:45","date_gmt":"2021-01-27T15:06:45","guid":{"rendered":"https:\/\/neplamarque.com\/?product=creme-hydratante-50-ml"},"modified":"2023-07-20T09:13:58","modified_gmt":"2023-07-20T09:13:58","slug":"creme-hydratante-50-ml","status":"publish","type":"product","link":"https:\/\/neplamarque.com\/?product=creme-hydratante-50-ml","title":{"rendered":"Cr\u00e8me hydratante &#8211; (50 mL)"},"content":{"rendered":"<ul>\n<li><strong>Fabriqu\u00e9 en France.<\/strong><\/li>\n<li><strong>Test\u00e9 sous contr\u00f4le dermatologique.<\/strong><\/li>\n<li>Contient des algues marine.<\/li>\n<li>Tube de 50 ml.<\/li>\n<li>A appliquer matin et soir sur le visage et le cou. <strong>Elle est adapt\u00e9e \u00e0 tous les types de peaux.<\/strong><\/li>\n<li><strong> Eviter le contour des yeux. <\/strong><\/li>\n<li>Ingr\u00e9dients : AQUA, DECYL OLEATE, GLYCERIN, GLYCERYL STEARATE, BUTYROSPERMUM PARKII (SKEA BUTTER), ALOE BARBADENSIS LEAF JUICE, CAPRYLIC\/CAPRIC TRIGLYCERIDE, ISOPROPYL MYRISTATE, POTASSIUM CETYL PHOSPHATE, BUTYL\u00c8NE GLYCOL, PHENOXYETHANOL, CETEARYL ALCOHOL, CETYL PALMITATE, COCOGLYCERIDES, ETHYL LINOLEATE, ETHYL LINOLENATE, CARBOMER, , PARFUM, ETHYL OLEATE, CUCUMIS SATIVUS (CUCUMBER) FRUIT EXTRACT, ETHYL STEARATE, CHLORPHENESIN, SODIUM HYDROXYDE, CRITHMUM MARITIMUM EXTRACT, MARIS SAL (SEA SALT \/ SEL MARIN), CODIUM TOMENTOSUM EXTRACT, SODIUM HYALURONATE, LINALOOL, HYDROXYISOHEXYL 3-CYCLOHEXENE CARBOXALDEHYDE, SALICORNIA HERBACEA EXTRACT, CITRIC ACID, HEXYL CINNAMAL, ETHYL PALMITATE, ALPHA-ISOMETHYL IONONE, POTASSIUM SORBATE, SODIUM BENZOATE, CHONDRUS CRISPUS EXTRACT, TOCOPHEROL, CITRONELLOL, ALARIA ESCULENTA EXTRACT, BENZYL ALCOHOL, CI 42090, DEHYDROACETIC ACID.<\/li>\n<\/ul>\n","protected":false},"excerpt":{"rendered":"<p>La cr\u00e8me l\u00e9g\u00e8re hydratante jour <strong>Nep cosm\u00e9tique<\/strong> est le soin fondamental pour l&rsquo;hydratation de la peau.<\/p>\n<p>&nbsp;<\/p>\n<p><strong>Fabriqu\u00e9e en France.\u00a0<\/strong><\/p>\n","protected":false},"featured_media":2890,"template":"","meta":[],"product_brand":[],"product_cat":[19],"product_tag":[],"class_list":{"0":"post-1567","1":"product","2":"type-product","3":"status-publish","4":"has-post-thumbnail","6":"product_cat-cosmetique","8":"first","9":"instock","10":"purchasable","11":"product-type-simple"},"_links":{"self":[{"href":"https:\/\/neplamarque.com\/index.php?rest_route=\/wp\/v2\/product\/1567","targetHints":{"allow":["GET"]}}],"collection":[{"href":"https:\/\/neplamarque.com\/index.php?rest_route=\/wp\/v2\/product"}],"about":[{"href":"https:\/\/neplamarque.com\/index.php?rest_route=\/wp\/v2\/types\/product"}],"wp:featuredmedia":[{"embeddable":true,"href":"https:\/\/neplamarque.com\/index.php?rest_route=\/wp\/v2\/media\/2890"}],"wp:attachment":[{"href":"https:\/\/neplamarque.com\/index.php?rest_route=%2Fwp%2Fv2%2Fmedia&parent=1567"}],"wp:term":[{"taxonomy":"product_brand","embeddable":true,"href":"https:\/\/neplamarque.com\/index.php?rest_route=%2Fwp%2Fv2%2Fproduct_brand&post=1567"},{"taxonomy":"product_cat","embeddable":true,"href":"https:\/\/neplamarque.com\/index.php?rest_route=%2Fwp%2Fv2%2Fproduct_cat&post=1567"},{"taxonomy":"product_tag","embeddable":true,"href":"https:\/\/neplamarque.com\/index.php?rest_route=%2Fwp%2Fv2%2Fproduct_tag&post=1567"}],"curies":[{"name":"wp","href":"https:\/\/api.w.org\/{rel}","templated":true}]}}