{"id":1557,"date":"2021-01-27T15:06:45","date_gmt":"2021-01-27T15:06:45","guid":{"rendered":"https:\/\/neplamarque.com\/?product=brosses-a-dents-souple-junior"},"modified":"2023-02-25T13:03:58","modified_gmt":"2023-02-25T13:03:58","slug":"brosses-a-dents-souple-junior","status":"publish","type":"product","link":"https:\/\/neplamarque.com\/?product=brosses-a-dents-souple-junior","title":{"rendered":"Brosses \u00e0 dents souple junior"},"content":{"rendered":"<ul>\n<li><strong>Poils qualit\u00e9 Dupont de Nemours.<\/strong><\/li>\n<li>Gratte langue<\/li>\n<li>Souple, bonne prise en mains.<\/li>\n<li>Brins techniques (poils) : qualit\u00e9 Dupont de Nemours.<\/li>\n<li>1 \u00e9tui.<\/li>\n<li><strong>Se brosser les dents 2 \u00e0 3 fois par jour<\/strong>, id\u00e9alement apr\u00e8s chaque repas. Changer la brosse \u00e0 dents d\u00e8s les <strong>premiers signes d\u2019usure ou tous les 3 mois.<\/strong><\/li>\n<\/ul>\n","protected":false},"excerpt":{"rendered":"<p>Brosse \u00e0 dents<strong> souple<\/strong> con\u00e7ue sp\u00e9cialement pour la dentition mixte des <strong>enfants de 7 \u00e0 12 ans<\/strong> (dents de laits et dents d\u00e9finitives). Brins plus longs et implant\u00e9s en croix pour un nettoyage plus m\u00e9ticuleux des dents.<\/p>\n<p>Le gratte langue int\u00e9gr\u00e9 permet une hygi\u00e8ne optimale de la bouche.<\/p>\n<p><strong>Brins techniques\u00a0:<\/strong> qualit\u00e9 Dupont de Nemours (haut de gamme du nylon).<\/p>\n","protected":false},"featured_media":2400,"template":"","meta":[],"product_brand":[],"product_cat":[18],"product_tag":[],"class_list":{"0":"post-1557","1":"product","2":"type-product","3":"status-publish","4":"has-post-thumbnail","6":"product_cat-dentaire","8":"first","9":"instock","10":"purchasable","11":"product-type-simple"},"_links":{"self":[{"href":"https:\/\/neplamarque.com\/index.php?rest_route=\/wp\/v2\/product\/1557","targetHints":{"allow":["GET"]}}],"collection":[{"href":"https:\/\/neplamarque.com\/index.php?rest_route=\/wp\/v2\/product"}],"about":[{"href":"https:\/\/neplamarque.com\/index.php?rest_route=\/wp\/v2\/types\/product"}],"wp:featuredmedia":[{"embeddable":true,"href":"https:\/\/neplamarque.com\/index.php?rest_route=\/wp\/v2\/media\/2400"}],"wp:attachment":[{"href":"https:\/\/neplamarque.com\/index.php?rest_route=%2Fwp%2Fv2%2Fmedia&parent=1557"}],"wp:term":[{"taxonomy":"product_brand","embeddable":true,"href":"https:\/\/neplamarque.com\/index.php?rest_route=%2Fwp%2Fv2%2Fproduct_brand&post=1557"},{"taxonomy":"product_cat","embeddable":true,"href":"https:\/\/neplamarque.com\/index.php?rest_route=%2Fwp%2Fv2%2Fproduct_cat&post=1557"},{"taxonomy":"product_tag","embeddable":true,"href":"https:\/\/neplamarque.com\/index.php?rest_route=%2Fwp%2Fv2%2Fproduct_tag&post=1557"}],"curies":[{"name":"wp","href":"https:\/\/api.w.org\/{rel}","templated":true}]}}