{"id":1555,"date":"2021-01-27T15:06:45","date_gmt":"2021-01-27T15:06:45","guid":{"rendered":"https:\/\/neplamarque.com\/?product=brosses-a-dents-medium-adultes-boite-de-3"},"modified":"2023-02-25T13:03:58","modified_gmt":"2023-02-25T13:03:58","slug":"brosses-a-dents-medium-adultes-boite-de-3","status":"publish","type":"product","link":"https:\/\/neplamarque.com\/?product=brosses-a-dents-medium-adultes-boite-de-3","title":{"rendered":"Brosses  \u00e0 dents m\u00e9dium adultes &#8211; (boite de 3)"},"content":{"rendered":"<ul>\n<li><strong>Pack promo.<\/strong><\/li>\n<li>Bon rapport qualit\u00e9\/Prix<\/li>\n<li>Protection optimale des gencives et de l\u2019\u00e9mail des dents. <strong>2+1 offerte. <\/strong><\/li>\n<li><strong>Se brosser les dents 2 \u00e0 3 fois par jour<\/strong>, id\u00e9alement apr\u00e8s chaque repas. Changer la brosse \u00e0 dents d\u00e8s les <strong>premiers signes d\u2019usure ou tous les 3 mois<\/strong>.<\/li>\n<\/ul>\n","protected":false},"excerpt":{"rendered":"<p>Brosse \u00e0 dents<strong> m\u00e9dium<\/strong> pour adultes. <strong>Poils de qualit\u00e9<\/strong>, pleins et finement arrondis, pour une <strong>protection optimale<\/strong> des gencives et de l&rsquo;\u00e9mail des dents.<\/p>\n<p>Favorise l&rsquo;\u00e9limination de la plaque dentaire. Manche ergonomique pour une excellente prise en mains, accentu\u00e9e par un rev\u00eatement \u00ab\u00a0grip\u00a0\u00bb. <strong>Respect<\/strong> des dents et des gencives.<\/p>\n<p><strong>\u00c9paisseur du poil : 22\/100.<\/strong><\/p>\n","protected":false},"featured_media":2398,"template":"","meta":[],"product_brand":[],"product_cat":[18],"product_tag":[],"class_list":{"0":"post-1555","1":"product","2":"type-product","3":"status-publish","4":"has-post-thumbnail","6":"product_cat-dentaire","8":"first","9":"instock","10":"purchasable","11":"product-type-simple"},"_links":{"self":[{"href":"https:\/\/neplamarque.com\/index.php?rest_route=\/wp\/v2\/product\/1555","targetHints":{"allow":["GET"]}}],"collection":[{"href":"https:\/\/neplamarque.com\/index.php?rest_route=\/wp\/v2\/product"}],"about":[{"href":"https:\/\/neplamarque.com\/index.php?rest_route=\/wp\/v2\/types\/product"}],"wp:featuredmedia":[{"embeddable":true,"href":"https:\/\/neplamarque.com\/index.php?rest_route=\/wp\/v2\/media\/2398"}],"wp:attachment":[{"href":"https:\/\/neplamarque.com\/index.php?rest_route=%2Fwp%2Fv2%2Fmedia&parent=1555"}],"wp:term":[{"taxonomy":"product_brand","embeddable":true,"href":"https:\/\/neplamarque.com\/index.php?rest_route=%2Fwp%2Fv2%2Fproduct_brand&post=1555"},{"taxonomy":"product_cat","embeddable":true,"href":"https:\/\/neplamarque.com\/index.php?rest_route=%2Fwp%2Fv2%2Fproduct_cat&post=1555"},{"taxonomy":"product_tag","embeddable":true,"href":"https:\/\/neplamarque.com\/index.php?rest_route=%2Fwp%2Fv2%2Fproduct_tag&post=1555"}],"curies":[{"name":"wp","href":"https:\/\/api.w.org\/{rel}","templated":true}]}}