{"id":1547,"date":"2021-01-27T15:06:45","date_gmt":"2021-01-27T15:06:45","guid":{"rendered":"https:\/\/neplamarque.com\/?product=dentifrice-blancheur-75-ml"},"modified":"2023-07-24T14:13:37","modified_gmt":"2023-07-24T14:13:37","slug":"dentifrice-blancheur-75-ml","status":"publish","type":"product","link":"https:\/\/neplamarque.com\/?product=dentifrice-blancheur-75-ml","title":{"rendered":"Dentifrice blancheur &#8211; (75 mL)"},"content":{"rendered":"<ul>\n<li><strong>Go\u00fbt menthe.<\/strong><\/li>\n<li>Renforce l\u2019\u00e9mail<\/li>\n<li><strong>Blancheur. <\/strong><\/li>\n<li>Contient du Monofluorophosphate de Sodium (soit 1450 ppm de fluor).<\/li>\n<li>Tube de 75 ml.<\/li>\n<li>Mettre l&rsquo;\u00e9quivalent d&rsquo;un pois sur la brosse \u00e0 dents. Con\u00e7u pour un usage quotidien. Brossez-vous les dents 3 minutes apr\u00e8s chaque repas.<\/li>\n<li>Ne pas oublier de <strong>frotter la langue avec le dentifrice<\/strong> et les brosses \u00e0 dents \u00e9quip\u00e9es de gratte langue.<\/li>\n<li>Pour une bonne hygi\u00e8ne dentaire remplacer votre <strong>brosse dents tous les 3 mois<\/strong>. Contient du Monofluorophosphate de Sodium (soit 1450ppm de Fluor).<\/li>\n<li>En cas d&rsquo;apport de fluorures provenant d&rsquo;autres sources, <strong>consultez un dentiste ou un m\u00e9decin. <\/strong><\/li>\n<li>Ingr\u00e9dients : AQUA, SORBITOL, HYDRATED SILICA, ALUMINUM HYDROXIDE, TETRAPOTASSIUM PYROPHOS\u00adPHATE, SODIUM LAURYL SULFATE, SODIUM MONOFLUOROPHOSPHATE. AROMA, XANTHAN GUM, SODIUM SACCHARIN, SODIUM BENZOATE, CETYLPYRIDINIUM CHLORIDE, Cl 77891, Cl 74160.<\/li>\n<\/ul>\n","protected":false},"excerpt":{"rendered":"<p>Dentifrice <strong>blancheur<\/strong>. Assure une bonne hygi\u00e8ne buccale.<\/p>\n<p><strong>Renforce<\/strong> l&rsquo;\u00e9mail des dents.<\/p>\n<p>Pour les adultes seulement.<\/p>\n<p>Ne pas avaler.<\/p>\n","protected":false},"featured_media":2878,"template":"","meta":[],"product_brand":[],"product_cat":[18],"product_tag":[],"class_list":{"0":"post-1547","1":"product","2":"type-product","3":"status-publish","4":"has-post-thumbnail","6":"product_cat-dentaire","8":"first","9":"instock","10":"purchasable","11":"product-type-simple"},"_links":{"self":[{"href":"https:\/\/neplamarque.com\/index.php?rest_route=\/wp\/v2\/product\/1547","targetHints":{"allow":["GET"]}}],"collection":[{"href":"https:\/\/neplamarque.com\/index.php?rest_route=\/wp\/v2\/product"}],"about":[{"href":"https:\/\/neplamarque.com\/index.php?rest_route=\/wp\/v2\/types\/product"}],"wp:featuredmedia":[{"embeddable":true,"href":"https:\/\/neplamarque.com\/index.php?rest_route=\/wp\/v2\/media\/2878"}],"wp:attachment":[{"href":"https:\/\/neplamarque.com\/index.php?rest_route=%2Fwp%2Fv2%2Fmedia&parent=1547"}],"wp:term":[{"taxonomy":"product_brand","embeddable":true,"href":"https:\/\/neplamarque.com\/index.php?rest_route=%2Fwp%2Fv2%2Fproduct_brand&post=1547"},{"taxonomy":"product_cat","embeddable":true,"href":"https:\/\/neplamarque.com\/index.php?rest_route=%2Fwp%2Fv2%2Fproduct_cat&post=1547"},{"taxonomy":"product_tag","embeddable":true,"href":"https:\/\/neplamarque.com\/index.php?rest_route=%2Fwp%2Fv2%2Fproduct_tag&post=1547"}],"curies":[{"name":"wp","href":"https:\/\/api.w.org\/{rel}","templated":true}]}}