{"id":1545,"date":"2021-01-27T15:06:45","date_gmt":"2021-01-27T15:06:45","guid":{"rendered":"https:\/\/neplamarque.com\/?product=dentifrice-bi-fluor-75-ml"},"modified":"2024-01-08T15:43:38","modified_gmt":"2024-01-08T15:43:38","slug":"dentifrice-bi-fluor-75-ml","status":"publish","type":"product","link":"https:\/\/neplamarque.com\/?product=dentifrice-bi-fluor-75-ml","title":{"rendered":"Dentifrice bi-fluor &#8211; (75 mL)"},"content":{"rendered":"<ul>\n<li><strong>Go\u00fbt menthe.<\/strong><\/li>\n<li><strong>Renforce l\u2019l&rsquo;\u00e9mail<\/strong><\/li>\n<li>Contient du fluorure de sodium.<\/li>\n<li>Tube de 75 ml.<\/li>\n<li>Mettre l&rsquo;\u00e9quivalent d&rsquo;un pois sur la brosse \u00e0 dents. Con\u00e7u pour un usage quotidien. Brossez-vous les dents 3 minutes apr\u00e8s chaque repas.<\/li>\n<li>Ne pas oublier de<strong> frotter la langue avec le dentifrice<\/strong> et les brosses \u00e0 dents \u00e9quip\u00e9es de gratte langue.<\/li>\n<li>Pour une bonne hygi\u00e8ne dentaire remplacer votre <strong>brosse dents tous les 3 mois<\/strong>. Contient du fluorure de Sodium et du monofluorophosphate de sodium (soit 1450ppm de Fluor).<\/li>\n<li>En cas d&rsquo;apport de fluorures provenant d&rsquo;autres sources, <strong>consultez un dentiste ou un m\u00e9decin. <\/strong><\/li>\n<li>Pour adulte seulement.<\/li>\n<li>Ingr\u00e9dients : AQUA, SORBITOL, HYDRATED SILICA, PEG-8, SODIUM LAURYL SULFATE, CI 77891, AROMA, XANTHAN GUM, SODIUM MONOFLUOROPHOS-PHATE, SODIUM BENZOATE, SODIUM SACCHARIN, SODIUM FLUORIDE, CALCIUM GLYCEROPHOSPHATE, LIMONENE.<\/li>\n<\/ul>\n","protected":false},"excerpt":{"rendered":"<p>Dentifrice<strong> bi-fluor<\/strong>. Assure une bonne hygi\u00e8ne buccale.<\/p>\n<p><strong> Renforce<\/strong> l&rsquo;\u00e9mail. Rafra\u00eechit l&rsquo;haleine.<\/p>\n<p><strong>Go\u00fbt menthe.<\/strong><\/p>\n<p>Ne pas ing\u00e9rer.<\/p>\n","protected":false},"featured_media":2604,"template":"","meta":[],"product_brand":[],"product_cat":[18],"product_tag":[],"class_list":{"0":"post-1545","1":"product","2":"type-product","3":"status-publish","4":"has-post-thumbnail","6":"product_cat-dentaire","8":"first","9":"instock","10":"purchasable","11":"product-type-simple"},"_links":{"self":[{"href":"https:\/\/neplamarque.com\/index.php?rest_route=\/wp\/v2\/product\/1545","targetHints":{"allow":["GET"]}}],"collection":[{"href":"https:\/\/neplamarque.com\/index.php?rest_route=\/wp\/v2\/product"}],"about":[{"href":"https:\/\/neplamarque.com\/index.php?rest_route=\/wp\/v2\/types\/product"}],"wp:featuredmedia":[{"embeddable":true,"href":"https:\/\/neplamarque.com\/index.php?rest_route=\/wp\/v2\/media\/2604"}],"wp:attachment":[{"href":"https:\/\/neplamarque.com\/index.php?rest_route=%2Fwp%2Fv2%2Fmedia&parent=1545"}],"wp:term":[{"taxonomy":"product_brand","embeddable":true,"href":"https:\/\/neplamarque.com\/index.php?rest_route=%2Fwp%2Fv2%2Fproduct_brand&post=1545"},{"taxonomy":"product_cat","embeddable":true,"href":"https:\/\/neplamarque.com\/index.php?rest_route=%2Fwp%2Fv2%2Fproduct_cat&post=1545"},{"taxonomy":"product_tag","embeddable":true,"href":"https:\/\/neplamarque.com\/index.php?rest_route=%2Fwp%2Fv2%2Fproduct_tag&post=1545"}],"curies":[{"name":"wp","href":"https:\/\/api.w.org\/{rel}","templated":true}]}}