{"id":1543,"date":"2021-01-27T15:06:45","date_gmt":"2021-01-27T15:06:45","guid":{"rendered":"https:\/\/neplamarque.com\/?product=bain-de-bouche-sans-alcool-300-ml"},"modified":"2024-04-10T08:38:39","modified_gmt":"2024-04-10T08:38:39","slug":"bain-de-bouche-sans-alcool-300-ml","status":"publish","type":"product","link":"https:\/\/neplamarque.com\/?product=bain-de-bouche-sans-alcool-300-ml","title":{"rendered":"Bain de bouche sans alcool &#8211; (300 mL)"},"content":{"rendered":"<ul>\n<li><strong>Excellente note Yuka (86%).<\/strong><\/li>\n<li>Contient un bouchon doseur.<\/li>\n<li><strong>Sans alcool.<\/strong><\/li>\n<li>Contient du fluorure de sodium (226 ppm) et de la chlorhexidine.<\/li>\n<li>Flacon de 300 ml.<\/li>\n<li>Apr\u00e8s chaque brossage, se rincer la bouche <strong>pendant 30 secondes avec 15 ml de solution pure NEP Bain de bouche fra\u00eecheur<\/strong> (graduation sur le bouchon doseur).<\/li>\n<li><strong>Posologie usuelle :<\/strong> Adulte et enfant de plus de 7 ans : 1 bain de bouche (1 godet doseur), 2 \u00e0 4 fois par jour &#8211;<\/li>\n<li>\u00c9vitez de manger ou de boire <strong>dans l&rsquo;heure qui suit le bain de bouche<\/strong>. L&#8217;emploi prolong\u00e9 de la chlorhexidine peut causer la <strong>coloration r\u00e9versible des dents<\/strong>.<\/li>\n<li><em><strong>Ne pas avaler. Ne pas se rincer la bouche apr\u00e8s utilisation. <\/strong><\/em><\/li>\n<li>Ingr\u00e9dients : AQUA, SORBITOL, HYDROGENATED STARCH HYDROLYSATE, PROPYLENE GLYCOL, PEG-40-HYDROGENATED CASTOR OIL, XYLITOL, AROMA, ZINC LACTATE, POTASSIUM ACESULFAME, CETYLPYRIDINIUM CHLORIDE, SODIUM FLUORIDE, CHLORHEXIDINE DIGLUCONATE, LACTIC ACID, SODIUM HYDROXIDE.<\/li>\n<\/ul>\n","protected":false},"excerpt":{"rendered":"<p><strong>NEP bain de bouche fraicheur<\/strong> longue dur\u00e9e a \u00e9t\u00e9 sp\u00e9cialement formul\u00e9 pour vous procurer durablement une sensation de fraicheur.<\/p>\n<p>Il contribue \u00e0 renforcer l&rsquo;\u00e9mail, lutte contre la formation de plaque dentaire.<\/p>\n<p>Il convient aux adultes et <strong>aux enfants de 7 ans et plus.<\/strong><\/p>\n","protected":false},"featured_media":2887,"template":"","meta":[],"product_brand":[],"product_cat":[18],"product_tag":[],"class_list":{"0":"post-1543","1":"product","2":"type-product","3":"status-publish","4":"has-post-thumbnail","6":"product_cat-dentaire","8":"first","9":"instock","10":"purchasable","11":"product-type-simple"},"_links":{"self":[{"href":"https:\/\/neplamarque.com\/index.php?rest_route=\/wp\/v2\/product\/1543","targetHints":{"allow":["GET"]}}],"collection":[{"href":"https:\/\/neplamarque.com\/index.php?rest_route=\/wp\/v2\/product"}],"about":[{"href":"https:\/\/neplamarque.com\/index.php?rest_route=\/wp\/v2\/types\/product"}],"wp:featuredmedia":[{"embeddable":true,"href":"https:\/\/neplamarque.com\/index.php?rest_route=\/wp\/v2\/media\/2887"}],"wp:attachment":[{"href":"https:\/\/neplamarque.com\/index.php?rest_route=%2Fwp%2Fv2%2Fmedia&parent=1543"}],"wp:term":[{"taxonomy":"product_brand","embeddable":true,"href":"https:\/\/neplamarque.com\/index.php?rest_route=%2Fwp%2Fv2%2Fproduct_brand&post=1543"},{"taxonomy":"product_cat","embeddable":true,"href":"https:\/\/neplamarque.com\/index.php?rest_route=%2Fwp%2Fv2%2Fproduct_cat&post=1543"},{"taxonomy":"product_tag","embeddable":true,"href":"https:\/\/neplamarque.com\/index.php?rest_route=%2Fwp%2Fv2%2Fproduct_tag&post=1543"}],"curies":[{"name":"wp","href":"https:\/\/api.w.org\/{rel}","templated":true}]}}