{"id":1539,"date":"2021-01-27T15:06:45","date_gmt":"2021-01-27T15:06:45","guid":{"rendered":"https:\/\/neplamarque.com\/?product=serum-physiologique-30-doses-de-5-ml"},"modified":"2026-04-01T15:23:56","modified_gmt":"2026-04-01T15:23:56","slug":"serum-physiologique-30-doses-de-5-ml","status":"publish","type":"product","link":"https:\/\/neplamarque.com\/?product=serum-physiologique-30-doses-de-5-ml","title":{"rendered":"S\u00e9rum physiologique 40 doses de 5 ml"},"content":{"rendered":"<ul>\n<li><strong>Fabrication Fran\u00e7aise.\u00a0<\/strong><\/li>\n<li>Sans conservateur.<\/li>\n<li>Format 5ml\/dose, boite de 40 doses de 5 ml.<\/li>\n<li>D\u00e9tacher un r\u00e9cipient unidose et l&rsquo;ouvrir en tournant sa partie sup\u00e9rieure.<\/li>\n<li><strong>Lire attentivement la notice \u00e0 l&rsquo;int\u00e9rieur.<\/strong><\/li>\n<li>Peut \u00eatre utilis\u00e9 aussi souvent que n\u00e9cessaire.<\/li>\n<li><strong><em>Usage nasal<\/em> :<\/strong> Facilite le nettoyage du nez des tous petits souvent obstru\u00e9 par du mucus. Il <strong>favorise<\/strong> l&rsquo;\u00e9limination des s\u00e9cr\u00e9tions excessives.<\/li>\n<li>Gr\u00e2ce \u00e0 son action humidifiante, il <strong>soulage<\/strong> rapidement la s\u00e9cheresse nasale chez l&rsquo;adulte.<\/li>\n<li><em><strong>Usage oculaire<\/strong> <\/em>: Utilis\u00e9 pour l&rsquo;hygi\u00e8ne oculaire chez le nourrisson par <strong>instillation ou application<\/strong> de compresses ou coton imbib\u00e9s.<\/li>\n<li>Usage unique.<\/li>\n<li>Le s\u00e9rum physiologique peut \u00eatre \u00e9galement utilis\u00e9 pour <strong>l&rsquo;hygi\u00e8ne oculaire chez l&rsquo;enfant et l&rsquo;adulte<\/strong> par lavage, instillation, bains oculaires ou application de compresses ou coton imbib\u00e9s.<\/li>\n<li>Ne pas injecter.<\/li>\n<li><strong>NE PAS LAISSER A LA PORTEE DES ENFANTS\u00a0<\/strong><\/li>\n<li>Ne pas d\u00e9passer la date limite d&rsquo;utilisation.<\/li>\n<li>Ne pas utiliser le m\u00eame r\u00e9cipient unidose pour la toilette du nez et des yeux.<\/li>\n<li>Stockage \u00e0 temp\u00e9rature ambiante.<\/li>\n<li>Tout r\u00e9cipient entam\u00e9 ne doit pas \u00eatre r\u00e9utilis\u00e9, le produit le contenant pas de conservateur.<\/li>\n<\/ul>\n","protected":false},"excerpt":{"rendered":"<p>Le s\u00e9rum physiologique est pr\u00e9conis\u00e9 pour le lavage des fosses nasales et le lavage oculaire quotidien, la toilette des yeux et du nez du nourrisson, de l&rsquo;enfant et de l&rsquo;adulte.<\/p>\n<p>Ne contient pas de conservateur.<\/p>\n<p>Ce dispositif est un dispositif m\u00e9dical.<\/p>\n<p>Marquage CE 0459.<\/p>\n<p><strong>Fabrication Fran\u00e7aise.\u00a0<\/strong><\/p>\n<p>&nbsp;<\/p>\n","protected":false},"featured_media":2541,"template":"","meta":[],"product_brand":[],"product_cat":[23],"product_tag":[],"class_list":{"0":"post-1539","1":"product","2":"type-product","3":"status-publish","4":"has-post-thumbnail","6":"product_cat-conseil","8":"first","9":"instock","10":"purchasable","11":"product-type-simple"},"_links":{"self":[{"href":"https:\/\/neplamarque.com\/index.php?rest_route=\/wp\/v2\/product\/1539","targetHints":{"allow":["GET"]}}],"collection":[{"href":"https:\/\/neplamarque.com\/index.php?rest_route=\/wp\/v2\/product"}],"about":[{"href":"https:\/\/neplamarque.com\/index.php?rest_route=\/wp\/v2\/types\/product"}],"wp:featuredmedia":[{"embeddable":true,"href":"https:\/\/neplamarque.com\/index.php?rest_route=\/wp\/v2\/media\/2541"}],"wp:attachment":[{"href":"https:\/\/neplamarque.com\/index.php?rest_route=%2Fwp%2Fv2%2Fmedia&parent=1539"}],"wp:term":[{"taxonomy":"product_brand","embeddable":true,"href":"https:\/\/neplamarque.com\/index.php?rest_route=%2Fwp%2Fv2%2Fproduct_brand&post=1539"},{"taxonomy":"product_cat","embeddable":true,"href":"https:\/\/neplamarque.com\/index.php?rest_route=%2Fwp%2Fv2%2Fproduct_cat&post=1539"},{"taxonomy":"product_tag","embeddable":true,"href":"https:\/\/neplamarque.com\/index.php?rest_route=%2Fwp%2Fv2%2Fproduct_tag&post=1539"}],"curies":[{"name":"wp","href":"https:\/\/api.w.org\/{rel}","templated":true}]}}