{"id":1531,"date":"2021-01-27T15:06:45","date_gmt":"2021-01-27T15:06:45","guid":{"rendered":"https:\/\/neplamarque.com\/?product=tire-comedon-cure-oreillles"},"modified":"2023-03-14T15:11:00","modified_gmt":"2023-03-14T15:11:00","slug":"tire-comedon-cure-oreillles","status":"publish","type":"product","link":"https:\/\/neplamarque.com\/?product=tire-comedon-cure-oreillles","title":{"rendered":"Tire com\u00e9don \/ cure oreillles"},"content":{"rendered":"<ul>\n<li>Sans traces et sans douleur.<\/li>\n<li>Qualit\u00e9 <strong>certifi\u00e9e France<\/strong><\/li>\n<\/ul>\n","protected":false},"excerpt":{"rendered":"<p>Le tire-com\u00e9don permet de <strong>retirer facilement les com\u00e9dons sans traces et sans douleurs<\/strong> en exer\u00e7ant une l\u00e9g\u00e8re pression autour du point noir \u00e0 extraire.<\/p>\n<p>Permet de <strong>retirer le c\u00e9rumen<\/strong> des oreilles.<\/p>\n","protected":false},"featured_media":3142,"template":"","meta":[],"product_brand":[],"product_cat":[16],"product_tag":[],"class_list":{"0":"post-1531","1":"product","2":"type-product","3":"status-publish","4":"has-post-thumbnail","6":"product_cat-accessoires-et-coutellerie","8":"first","9":"instock","10":"purchasable","11":"product-type-simple"},"_links":{"self":[{"href":"https:\/\/neplamarque.com\/index.php?rest_route=\/wp\/v2\/product\/1531","targetHints":{"allow":["GET"]}}],"collection":[{"href":"https:\/\/neplamarque.com\/index.php?rest_route=\/wp\/v2\/product"}],"about":[{"href":"https:\/\/neplamarque.com\/index.php?rest_route=\/wp\/v2\/types\/product"}],"wp:featuredmedia":[{"embeddable":true,"href":"https:\/\/neplamarque.com\/index.php?rest_route=\/wp\/v2\/media\/3142"}],"wp:attachment":[{"href":"https:\/\/neplamarque.com\/index.php?rest_route=%2Fwp%2Fv2%2Fmedia&parent=1531"}],"wp:term":[{"taxonomy":"product_brand","embeddable":true,"href":"https:\/\/neplamarque.com\/index.php?rest_route=%2Fwp%2Fv2%2Fproduct_brand&post=1531"},{"taxonomy":"product_cat","embeddable":true,"href":"https:\/\/neplamarque.com\/index.php?rest_route=%2Fwp%2Fv2%2Fproduct_cat&post=1531"},{"taxonomy":"product_tag","embeddable":true,"href":"https:\/\/neplamarque.com\/index.php?rest_route=%2Fwp%2Fv2%2Fproduct_tag&post=1531"}],"curies":[{"name":"wp","href":"https:\/\/api.w.org\/{rel}","templated":true}]}}