{"id":1529,"date":"2021-01-27T15:06:34","date_gmt":"2021-01-27T15:06:34","guid":{"rendered":"https:\/\/neplamarque.com\/?product=rape-pedicure-double-action"},"modified":"2023-02-25T13:03:55","modified_gmt":"2023-02-25T13:03:55","slug":"rape-pedicure-double-action","status":"publish","type":"product","link":"https:\/\/neplamarque.com\/?product=rape-pedicure-double-action","title":{"rendered":"Rape p\u00e9dicure double action"},"content":{"rendered":"<ul>\n<li>Qualit\u00e9 <strong>certifi\u00e9e France<\/strong>.<\/li>\n<li>2 faces d\u00e9montables. Manche ergonomique<\/li>\n<li>A utiliser sur pieds humides apr\u00e8s la toilette.<\/li>\n<li>Enlever les callosit\u00e9s avec la face \u00e0 gros grains.<\/li>\n<li>Puis frotter avec la face grains moyens.<\/li>\n<li>Pour les rugosit\u00e9s, proc\u00e9der avec la face \u00e0 grains moyens.<\/li>\n<li>S\u00e9cher les pieds sans frotter et hydrater avec une cr\u00e8me nourrissante.<\/li>\n<li>Nettoyer et rincer la r\u00e2pe pour le prochain usage.<\/li>\n<li>Laisser s\u00e9cher \u00e0 l\u2019air libre.<\/li>\n<\/ul>\n","protected":false},"excerpt":{"rendered":"<p>La r\u00e2pe p\u00e9dicure <strong>double action<\/strong> NEP dispose d\u2019une face \u00e0 <strong>grains moyens<\/strong> (rugosit\u00e9s) et d\u2019une face \u00e0 <strong>gros grains<\/strong> (callosit\u00e9s).<\/p>\n<p>Ces faces sont d\u00e9montables pour <strong>une meilleure hygi\u00e8ne<\/strong>.<\/p>\n","protected":false},"featured_media":3021,"template":"","meta":[],"product_brand":[],"product_cat":[16],"product_tag":[],"class_list":{"0":"post-1529","1":"product","2":"type-product","3":"status-publish","4":"has-post-thumbnail","6":"product_cat-accessoires-et-coutellerie","8":"first","9":"instock","10":"purchasable","11":"product-type-simple"},"_links":{"self":[{"href":"https:\/\/neplamarque.com\/index.php?rest_route=\/wp\/v2\/product\/1529","targetHints":{"allow":["GET"]}}],"collection":[{"href":"https:\/\/neplamarque.com\/index.php?rest_route=\/wp\/v2\/product"}],"about":[{"href":"https:\/\/neplamarque.com\/index.php?rest_route=\/wp\/v2\/types\/product"}],"wp:featuredmedia":[{"embeddable":true,"href":"https:\/\/neplamarque.com\/index.php?rest_route=\/wp\/v2\/media\/3021"}],"wp:attachment":[{"href":"https:\/\/neplamarque.com\/index.php?rest_route=%2Fwp%2Fv2%2Fmedia&parent=1529"}],"wp:term":[{"taxonomy":"product_brand","embeddable":true,"href":"https:\/\/neplamarque.com\/index.php?rest_route=%2Fwp%2Fv2%2Fproduct_brand&post=1529"},{"taxonomy":"product_cat","embeddable":true,"href":"https:\/\/neplamarque.com\/index.php?rest_route=%2Fwp%2Fv2%2Fproduct_cat&post=1529"},{"taxonomy":"product_tag","embeddable":true,"href":"https:\/\/neplamarque.com\/index.php?rest_route=%2Fwp%2Fv2%2Fproduct_tag&post=1529"}],"curies":[{"name":"wp","href":"https:\/\/api.w.org\/{rel}","templated":true}]}}