{"id":1521,"date":"2021-01-27T15:06:34","date_gmt":"2021-01-27T15:06:34","guid":{"rendered":"https:\/\/neplamarque.com\/?product=pince-a-epiler-special-echardes"},"modified":"2023-02-25T13:03:55","modified_gmt":"2023-02-25T13:03:55","slug":"pince-a-epiler-special-echardes","status":"publish","type":"product","link":"https:\/\/neplamarque.com\/?product=pince-a-epiler-special-echardes","title":{"rendered":"Pince \u00e0 \u00e9piler &#8211; Sp\u00e9cial \u00e9chardes"},"content":{"rendered":"<ul>\n<li>Qualit\u00e9 <strong>certifi\u00e9e France<\/strong>.<\/li>\n<li>Mors pointu, con\u00e7ue pour les <strong>poils difficiles \u00e0 attraper, poils incarn\u00e9s, repousses et \u00e9chardes<\/strong>.<\/li>\n<li>Pochette de protection incluse.<\/li>\n<\/ul>\n","protected":false},"excerpt":{"rendered":"<p>Pince \u00e0 \u00e9piler sp\u00e9cial \u00e9chardes.<\/p>\n","protected":false},"featured_media":3067,"template":"","meta":[],"product_brand":[],"product_cat":[16],"product_tag":[],"class_list":{"0":"post-1521","1":"product","2":"type-product","3":"status-publish","4":"has-post-thumbnail","6":"product_cat-accessoires-et-coutellerie","8":"first","9":"instock","10":"purchasable","11":"product-type-simple"},"_links":{"self":[{"href":"https:\/\/neplamarque.com\/index.php?rest_route=\/wp\/v2\/product\/1521","targetHints":{"allow":["GET"]}}],"collection":[{"href":"https:\/\/neplamarque.com\/index.php?rest_route=\/wp\/v2\/product"}],"about":[{"href":"https:\/\/neplamarque.com\/index.php?rest_route=\/wp\/v2\/types\/product"}],"wp:featuredmedia":[{"embeddable":true,"href":"https:\/\/neplamarque.com\/index.php?rest_route=\/wp\/v2\/media\/3067"}],"wp:attachment":[{"href":"https:\/\/neplamarque.com\/index.php?rest_route=%2Fwp%2Fv2%2Fmedia&parent=1521"}],"wp:term":[{"taxonomy":"product_brand","embeddable":true,"href":"https:\/\/neplamarque.com\/index.php?rest_route=%2Fwp%2Fv2%2Fproduct_brand&post=1521"},{"taxonomy":"product_cat","embeddable":true,"href":"https:\/\/neplamarque.com\/index.php?rest_route=%2Fwp%2Fv2%2Fproduct_cat&post=1521"},{"taxonomy":"product_tag","embeddable":true,"href":"https:\/\/neplamarque.com\/index.php?rest_route=%2Fwp%2Fv2%2Fproduct_tag&post=1521"}],"curies":[{"name":"wp","href":"https:\/\/api.w.org\/{rel}","templated":true}]}}