{"id":1507,"date":"2021-01-27T15:06:34","date_gmt":"2021-01-27T15:06:34","guid":{"rendered":"https:\/\/neplamarque.com\/?product=limes-emeri-bois-12-cm-lot-de-16"},"modified":"2023-02-25T13:03:54","modified_gmt":"2023-02-25T13:03:54","slug":"limes-emeri-bois-12-cm-lot-de-16","status":"publish","type":"product","link":"https:\/\/neplamarque.com\/?product=limes-emeri-bois-12-cm-lot-de-16","title":{"rendered":"Limes \u00e9meri bois &#8211; (12 cm) (Lot de 16)"},"content":{"rendered":"<ul>\n<li>Sp\u00e9cialement con\u00e7ues pour les <strong>ongles mous ou d\u00e9licats<\/strong>.<\/li>\n<li>Face \u00e9meris\u00e9e \u00e9paisse qui <strong>dessine<\/strong> la forme de l&rsquo;ongle et qui <strong>assure les finitions<\/strong>.<\/li>\n<\/ul>\n","protected":false},"excerpt":{"rendered":"<p>Limes \u00e9meri en bois de 12 cm par 16.<\/p>\n","protected":false},"featured_media":3074,"template":"","meta":[],"product_brand":[],"product_cat":[16],"product_tag":[],"class_list":{"0":"post-1507","1":"product","2":"type-product","3":"status-publish","4":"has-post-thumbnail","6":"product_cat-accessoires-et-coutellerie","8":"first","9":"instock","10":"purchasable","11":"product-type-simple"},"_links":{"self":[{"href":"https:\/\/neplamarque.com\/index.php?rest_route=\/wp\/v2\/product\/1507","targetHints":{"allow":["GET"]}}],"collection":[{"href":"https:\/\/neplamarque.com\/index.php?rest_route=\/wp\/v2\/product"}],"about":[{"href":"https:\/\/neplamarque.com\/index.php?rest_route=\/wp\/v2\/types\/product"}],"wp:featuredmedia":[{"embeddable":true,"href":"https:\/\/neplamarque.com\/index.php?rest_route=\/wp\/v2\/media\/3074"}],"wp:attachment":[{"href":"https:\/\/neplamarque.com\/index.php?rest_route=%2Fwp%2Fv2%2Fmedia&parent=1507"}],"wp:term":[{"taxonomy":"product_brand","embeddable":true,"href":"https:\/\/neplamarque.com\/index.php?rest_route=%2Fwp%2Fv2%2Fproduct_brand&post=1507"},{"taxonomy":"product_cat","embeddable":true,"href":"https:\/\/neplamarque.com\/index.php?rest_route=%2Fwp%2Fv2%2Fproduct_cat&post=1507"},{"taxonomy":"product_tag","embeddable":true,"href":"https:\/\/neplamarque.com\/index.php?rest_route=%2Fwp%2Fv2%2Fproduct_tag&post=1507"}],"curies":[{"name":"wp","href":"https:\/\/api.w.org\/{rel}","templated":true}]}}